{"id":4734,"date":"2023-08-11T08:08:21","date_gmt":"2023-08-11T08:08:21","guid":{"rendered":"https:\/\/edm.ch\/?page_id=4734"},"modified":"2023-10-19T15:13:52","modified_gmt":"2023-10-19T15:13:52","slug":"eine-gerechtere-welt","status":"publish","type":"page","link":"https:\/\/edm.ch\/de\/eine-gerechtere-welt\/","title":{"rendered":"Eine gerechtere Welt"},"content":{"rendered":"<section class=\"subpageBanner\" style=\"display:\">\n    <div class=\"subpageBannerBlock figure_block\">\n        <img decoding=\"async\" data-src=\"https:\/\/edm.ch\/wp-content\/uploads\/2023\/08\/Enfants_du_monde_website_image_banner_UMJ.png\" src=\"data:image\/svg+xml;base64,PHN2ZyB3aWR0aD0iMSIgaGVpZ2h0PSIxIiB4bWxucz0iaHR0cDovL3d3dy53My5vcmcvMjAwMC9zdmciPjwvc3ZnPg==\" class=\"lazyload\" style=\"--smush-placeholder-width: 2500px; --smush-placeholder-aspect-ratio: 2500\/800;\" data-srcset=\"https:\/\/edm.ch\/wp-content\/uploads\/2023\/08\/Enfants_du_monde_website_image_banner_UMJ.png 2500w, https:\/\/edm.ch\/wp-content\/uploads\/2023\/08\/Enfants_du_monde_website_image_banner_UMJ-300x96.png 300w, https:\/\/edm.ch\/wp-content\/uploads\/2023\/08\/Enfants_du_monde_website_image_banner_UMJ-1024x328.png 1024w, https:\/\/edm.ch\/wp-content\/uploads\/2023\/08\/Enfants_du_monde_website_image_banner_UMJ-768x246.png 768w, https:\/\/edm.ch\/wp-content\/uploads\/2023\/08\/Enfants_du_monde_website_image_banner_UMJ-1536x492.png 1536w, https:\/\/edm.ch\/wp-content\/uploads\/2023\/08\/Enfants_du_monde_website_image_banner_UMJ-2048x655.png 2048w\" data-sizes=\"auto\" data-original-sizes=\"(max-width: 2500px) 100vw, 2500px\" \/>\n        <div class=\"subpageBannerWrap\">\n            <div class=\"container\">\n                <div class=\"content\">\n                    <div>\n                        <span class=\"bannerHead\"><\/span>\n                        <h1>Eine gerechtere Welt<\/h1>\n                    <\/div>\n                                    <\/div>\n            <\/div>\n        <\/div>\n            <\/div>\n<\/section>\n<script type=\"text\/javascript\">\n    jQuery(document).ready(function ($) {\n        \/\/ Check if the block exists\n        var bannerSection = $('#subpage-banner-section');\n\n        if (bannerSection.length > 0) {\n            \/\/ Move the block to the end of <main> just before the footer\n            $('main').append(bannerSection); \/\/ This will append it inside the <main> tag\n        }\n\n        $('.documentAccordion').on('click', function (e) {\n            e.preventDefault();  \/\/ Prevent default link action\n\n            \/\/ Target the section with the given ID\n            $('html, body').animate({\n                scrollTop: $('#subpage-banner-section').offset().top - 200\n            }, 1000);\n        });\n    });\n<\/script>\n\n\n    \n    <section class=\"rightTextLeftImg \" style=\"display:\">\n        <div class=\"container\">\n            <div class=\"rightTextLeftImgRow\">\n                                    <div class=\"left\">\n                                                    <div class=\"imgBlock\">\n                                <a class=\"figure_block\" href=\"https:\/\/edm.ch\/wp-content\/uploads\/2023\/08\/Enfants_du_monde_website_image_banner_UMJ_2.png\" data-fancybox data-caption=\"\">\n                                    <img decoding=\"async\" data-src=\"https:\/\/edm.ch\/wp-content\/uploads\/2023\/08\/Enfants_du_monde_website_image_banner_UMJ_2.png\" src=\"data:image\/svg+xml;base64,PHN2ZyB3aWR0aD0iMSIgaGVpZ2h0PSIxIiB4bWxucz0iaHR0cDovL3d3dy53My5vcmcvMjAwMC9zdmciPjwvc3ZnPg==\" class=\"lazyload\" style=\"--smush-placeholder-width: 1920px; --smush-placeholder-aspect-ratio: 1920\/1920;\" data-srcset=\"https:\/\/edm.ch\/wp-content\/uploads\/2023\/08\/Enfants_du_monde_website_image_banner_UMJ_2.png 1920w, https:\/\/edm.ch\/wp-content\/uploads\/2023\/08\/Enfants_du_monde_website_image_banner_UMJ_2-300x300.png 300w, https:\/\/edm.ch\/wp-content\/uploads\/2023\/08\/Enfants_du_monde_website_image_banner_UMJ_2-1024x1024.png 1024w, https:\/\/edm.ch\/wp-content\/uploads\/2023\/08\/Enfants_du_monde_website_image_banner_UMJ_2-150x150.png 150w, https:\/\/edm.ch\/wp-content\/uploads\/2023\/08\/Enfants_du_monde_website_image_banner_UMJ_2-768x768.png 768w, https:\/\/edm.ch\/wp-content\/uploads\/2023\/08\/Enfants_du_monde_website_image_banner_UMJ_2-1536x1536.png 1536w\" data-sizes=\"auto\" data-original-sizes=\"(max-width: 1920px) 100vw, 1920px\" \/>\n                                                                    <\/a>\n                                <figcaption><\/figcaption>\n                            <\/div>\n                                            <\/div>\n                                                    <div class=\"right\">\n                        <div class=\"content\">\n                            <h3>                                Kinderrechte im Mittelpunkt des Projekts <small><\/small>\n                            <\/h3>                                                            <p align=\"left\"><span lang=\"fr-CH\">Um die Situation von Kinderrechte zu verbessern, arbeitet unsere Schweizer NGO Enfants du Monde mit Schulen in der Schweiz und im Ausland zusammen, um Kinder zwischen 6 und 12 Jahren zu unterst\u00fctzen, mehr \u00fcber ihre Rechte im Rahmen ihres eigenen gesellschaftlichen und kulturellen Kontextes zu erfahren, und um konkrete Vorschl\u00e4ge zu erarbeiten, wie sich diese durchsetzen lassen. Gleichzeitig werden auf diese Art sowohl die \u00d6ffentlichkeit als auch die Politik entsprechend sensibilisiert. Dieses Angebot ist Teil des Programms Bildung f\u00fcr nachhaltige Entwicklung, in dessen Rahmen komplexere Herausforderungen und Interaktionen ber\u00fccksichtigt werden. <\/span><\/p>\n                                                                                                            <\/div>\n                    <\/div>\n                            <\/div>\n        <\/div>\n    <\/section>\n\n        <section class=\"contentSec\" style=\"display:\">\n        <div class=\"container\">\n            <div class=\"contentBlock\">\n                <h5>Kinder engagieren sich f\u00fcr eine Welt, in der ihre Rechte respektiert werden<\/h5>\n                <p align=\"justify\">Beim Projekt Eine gerechtere Welt agieren die Kinder als F\u00fcrsprecher ihrer Rechte, indem sie in kreativer Weise ausdr\u00fccken, wie f\u00fcr sie eine Welt auss\u00e4he, in der Kinderrechte und Entwicklungsgrunds\u00e4tze respektiert werden.<\/p>\n<h5 align=\"justify\">Kinderrechte und die Schaffung eines Riesenglobus<\/h5>\n<p align=\"justify\">Anhand des Dossiers Eine gerechtere Welt (auf Franz\u00f6sisch), das einen Leitfaden f\u00fcr die Lehrperson, Arbeitsbl\u00e4tter f\u00fcr die Sch\u00fclerinnen und Sch\u00fcler sowie weiteres Unterrichtsmaterial und andere Quellen enth\u00e4lt, lernen die Kinder ihre Rechte kennen und erfahren, welche Herausforderungen sich bei deren Umsetzung stellen \u2013 im eigenen Umfeld wie auch weltweit. Anschliessend gestaltet jedes Kind ein Foto eines bestimmten Kinderrechts, das ihm oder ihr besonders wichtig ist. Dieses wird zusammen mit 5&#8217;000 anderen Fotos, die Kinder aus verschiedenen L\u00e4ndern rund um die Welt beigetragen haben, auf einem 1.5 Meter hohen Riesenglobus ausgestellt.<\/p>\n<p align=\"justify\">Der Riesenglobus sei eine wirksame Massnahme, um die Aufmerksamkeit auf die Kinderrechte und auf die Bedeutung ihrer Durchsetzung zu ziehen, verr\u00e4t Luis Ernesto Pedernera Reyna, Pr\u00e4sident des UN-Kinderrechtsausschusses, anl\u00e4sslich der Ausstellung des Riesenglobus im Palais des Nations zum 30-Jahr-Jubil\u00e4um der Kinderrechtskonvention.<\/p>\n<p align=\"justify\">Mit dem Virtuellen Globus, der digitalen Variante des Riesenglobus, haben Kinder auch die M\u00f6glichkeit, remote mit Kindern aus anderen L\u00e4ndern in Dialog zu treten und so weiterhin f\u00fcr ihre Rechte zu werben.<\/p>\n                                    <a href=\"https:\/\/globe-virtuel.edm.ch\/\" class=\"btnBlue small\">\n                        <span>Virtuellen Globus<\/span>\n                    <\/a>\n                            <\/div>\n        <\/div>\n    <\/section>\n\n\n    <section class=\"activitySec\" style=\"display:\">\n      <div class=\"container\">\n        <div class=\"secTitle\">\n            <h2>F\u00fcr eine konkrete Beteiligung von Kindern<\/h2>\n        <\/div>\n        <div class=\"activityRow\">\n\n            \n                <div class=\"activityCol\">\n                    <div class=\"activityColInner\">\n                        <div class=\"imgBlock\">\n                            <a href=\"https:\/\/edm.ch\/de\/festival-la-parole-aux-enfants\/\">                                <img decoding=\"async\" data-src=\"https:\/\/edm.ch\/wp-content\/uploads\/2023\/08\/Enfants_du_monde_website_image_umj_festival.png\" alt=\"EMD-img\" src=\"data:image\/svg+xml;base64,PHN2ZyB3aWR0aD0iMSIgaGVpZ2h0PSIxIiB4bWxucz0iaHR0cDovL3d3dy53My5vcmcvMjAwMC9zdmciPjwvc3ZnPg==\" class=\"lazyload\" style=\"--smush-placeholder-width: 1920px; --smush-placeholder-aspect-ratio: 1920\/1920;\" data-srcset=\"https:\/\/edm.ch\/wp-content\/uploads\/2023\/08\/Enfants_du_monde_website_image_umj_festival.png 1920w, https:\/\/edm.ch\/wp-content\/uploads\/2023\/08\/Enfants_du_monde_website_image_umj_festival-300x300.png 300w, https:\/\/edm.ch\/wp-content\/uploads\/2023\/08\/Enfants_du_monde_website_image_umj_festival-1024x1024.png 1024w, https:\/\/edm.ch\/wp-content\/uploads\/2023\/08\/Enfants_du_monde_website_image_umj_festival-150x150.png 150w, https:\/\/edm.ch\/wp-content\/uploads\/2023\/08\/Enfants_du_monde_website_image_umj_festival-768x768.png 768w, https:\/\/edm.ch\/wp-content\/uploads\/2023\/08\/Enfants_du_monde_website_image_umj_festival-1536x1536.png 1536w\" data-sizes=\"auto\" data-original-sizes=\"(max-width: 1920px) 100vw, 1920px\" \/>\n                            <\/a>                        <\/div>\n                        <div class=\"contentBlock\">\n                            <h3>Festival La Parole aux Enfants<\/h3>\n                            <p align=\"left\">Das Festival bietet einen Raum zur Meinungs\u00e4u\u00dferung f\u00fcr Sch\u00fcler*innen von Klassen, die mit ihren Lehrern am Projekt \u201eEine gerechtere Welt\u201c zu den Rechten des Kindes teilgenommen haben.<\/p>\n                                                            <a href=\"https:\/\/edm.ch\/de\/festival-la-parole-aux-enfants\/\" class=\"btnWhite\">Mehr erfahren<\/a>\n                                                    <\/div>\n                    <\/div>\n                <\/div>\n\n            \n                <div class=\"activityCol\">\n                    <div class=\"activityColInner\">\n                        <div class=\"imgBlock\">\n                            <a href=\"https:\/\/edm.ch\/de\/projects\/virtuelle-globus\/\">                                <img decoding=\"async\" data-src=\"https:\/\/edm.ch\/wp-content\/uploads\/2023\/08\/Enfants_du_monde_website_image_banner_globe_virtuel.png\" alt=\"EMD-img\" src=\"data:image\/svg+xml;base64,PHN2ZyB3aWR0aD0iMSIgaGVpZ2h0PSIxIiB4bWxucz0iaHR0cDovL3d3dy53My5vcmcvMjAwMC9zdmciPjwvc3ZnPg==\" class=\"lazyload\" style=\"--smush-placeholder-width: 2500px; --smush-placeholder-aspect-ratio: 2500\/1080;\" data-srcset=\"https:\/\/edm.ch\/wp-content\/uploads\/2023\/08\/Enfants_du_monde_website_image_banner_globe_virtuel.png 2500w, https:\/\/edm.ch\/wp-content\/uploads\/2023\/08\/Enfants_du_monde_website_image_banner_globe_virtuel-300x130.png 300w, https:\/\/edm.ch\/wp-content\/uploads\/2023\/08\/Enfants_du_monde_website_image_banner_globe_virtuel-1024x442.png 1024w, https:\/\/edm.ch\/wp-content\/uploads\/2023\/08\/Enfants_du_monde_website_image_banner_globe_virtuel-768x332.png 768w, https:\/\/edm.ch\/wp-content\/uploads\/2023\/08\/Enfants_du_monde_website_image_banner_globe_virtuel-1536x664.png 1536w, https:\/\/edm.ch\/wp-content\/uploads\/2023\/08\/Enfants_du_monde_website_image_banner_globe_virtuel-2048x885.png 2048w\" data-sizes=\"auto\" data-original-sizes=\"(max-width: 2500px) 100vw, 2500px\" \/>\n                            <\/a>                        <\/div>\n                        <div class=\"contentBlock\">\n                            <h3>Der virtuelle Globus<\/h3>\n                            <p align=\"left\">Der virtuelle Globus besteht aus \u00fcber 5.000 Fotos, Videos und Texten, die von den Sch\u00fcler*innen, die am Projekt \u00ab\u00a0Un monde plus juste\u00a0\u00bb \u201cEine gerechtere Welt\u201d teilgenommen haben, erstellt wurden und ein Kinderrecht ihrer Wahl in den Vordergrund stellen.<\/p>\n                                                            <a href=\"https:\/\/edm.ch\/de\/projects\/virtuelle-globus\/\" class=\"btnWhite\">Mehr erfahren<\/a>\n                                                    <\/div>\n                    <\/div>\n                <\/div>\n\n            \n                <div class=\"activityCol\">\n                    <div class=\"activityColInner\">\n                        <div class=\"imgBlock\">\n                            <a href=\"https:\/\/edm.ch\/de\/paedagogisches-material\/\">                                <img decoding=\"async\" data-src=\"https:\/\/edm.ch\/wp-content\/uploads\/2023\/08\/Enfants_du_monde_website_image_umj_materiel.png\" alt=\"EMD-img\" src=\"data:image\/svg+xml;base64,PHN2ZyB3aWR0aD0iMSIgaGVpZ2h0PSIxIiB4bWxucz0iaHR0cDovL3d3dy53My5vcmcvMjAwMC9zdmciPjwvc3ZnPg==\" class=\"lazyload\" style=\"--smush-placeholder-width: 1920px; --smush-placeholder-aspect-ratio: 1920\/1920;\" data-srcset=\"https:\/\/edm.ch\/wp-content\/uploads\/2023\/08\/Enfants_du_monde_website_image_umj_materiel.png 1920w, https:\/\/edm.ch\/wp-content\/uploads\/2023\/08\/Enfants_du_monde_website_image_umj_materiel-300x300.png 300w, https:\/\/edm.ch\/wp-content\/uploads\/2023\/08\/Enfants_du_monde_website_image_umj_materiel-1024x1024.png 1024w, https:\/\/edm.ch\/wp-content\/uploads\/2023\/08\/Enfants_du_monde_website_image_umj_materiel-150x150.png 150w, https:\/\/edm.ch\/wp-content\/uploads\/2023\/08\/Enfants_du_monde_website_image_umj_materiel-768x768.png 768w, https:\/\/edm.ch\/wp-content\/uploads\/2023\/08\/Enfants_du_monde_website_image_umj_materiel-1536x1536.png 1536w\" data-sizes=\"auto\" data-original-sizes=\"(max-width: 1920px) 100vw, 1920px\" \/>\n                            <\/a>                        <\/div>\n                        <div class=\"contentBlock\">\n                            <h3>P\u00e4dagogisches Material<\/h3>\n                            <p align=\"left\">Als festen Bestandteil unseres Bildungsansatzes haben wir umfangreiches p\u00e4dagogisches Material entwickelt, darunter Dossiers, Arbeitsbl\u00e4tter, Anleitungen und andere Arbeitsmittel, damit Lehrkr\u00e4fte und andere Betreuungspersonen das Thema Kinderrechte und Bildung f\u00fcr nachhaltige Entwicklung in ihrem Unterricht und in ihren Aktivit\u00e4ten ber\u00fccksichtigen k\u00f6nnen.<\/p>\n                                                            <a href=\"https:\/\/edm.ch\/de\/paedagogisches-material\/\" class=\"btnWhite\">Mehr erfahren<\/a>\n                                                    <\/div>\n                    <\/div>\n                <\/div>\n\n                        \n        <\/div>\n      <\/div>\n    <\/section>\n\n\n    <section class=\"donation_count\" style=\"display:\">\n        <div class=\"inner_row\">\n            <div class=\"right_img_block\">\n                <div class=\"img_block figure_block\">\n                    <img decoding=\"async\" data-src=\"https:\/\/edm.ch\/wp-content\/uploads\/2023\/08\/httpsdon.edm_.chfr_2.png\" alt=\"\" src=\"data:image\/svg+xml;base64,PHN2ZyB3aWR0aD0iMSIgaGVpZ2h0PSIxIiB4bWxucz0iaHR0cDovL3d3dy53My5vcmcvMjAwMC9zdmciPjwvc3ZnPg==\" class=\"lazyload\" style=\"--smush-placeholder-width: 1920px; --smush-placeholder-aspect-ratio: 1920\/1920;\" data-srcset=\"https:\/\/edm.ch\/wp-content\/uploads\/2023\/08\/httpsdon.edm_.chfr_2.png 1920w, https:\/\/edm.ch\/wp-content\/uploads\/2023\/08\/httpsdon.edm_.chfr_2-300x300.png 300w, https:\/\/edm.ch\/wp-content\/uploads\/2023\/08\/httpsdon.edm_.chfr_2-1024x1024.png 1024w, https:\/\/edm.ch\/wp-content\/uploads\/2023\/08\/httpsdon.edm_.chfr_2-150x150.png 150w, https:\/\/edm.ch\/wp-content\/uploads\/2023\/08\/httpsdon.edm_.chfr_2-768x768.png 768w, https:\/\/edm.ch\/wp-content\/uploads\/2023\/08\/httpsdon.edm_.chfr_2-1536x1536.png 1536w\" data-sizes=\"auto\" data-original-sizes=\"(max-width: 1920px) 100vw, 1920px\">\n                                    <\/div>\n            <\/div>\n            <div class=\"left_txt_block\">\n                <div class=\"txt_contents\">\n                    <h3>Meine Spende macht einen Unterschied<\/h3>\n                    <div class=\"block_txts\">\n                                                    <div class=\"item\">\n                                <span class=\"title\">Zum Beispiel:<\/span>\n                                <p><\/p>\n                            <\/div>\n                                                    <div class=\"item\">\n                                <span class=\"title\">Mit 100 Franken:<\/span>\n                                <p>Ich trage dazu bei, qualitativ hochwertiges Unterrichtsmaterial zu den Kinderrechten f\u00fcr Sch\u00fcler*innen in der Schweiz zu entwickeln.<\/p>\n                            <\/div>\n                                                                            <a href=\"https:\/\/don.edm.ch\/de\" class=\"btnWhite buttonDonation\">\n                                ICH SPENDE                            <\/a>\n                                            <\/div>\n                <\/div>\n            <\/div>\n        <\/div>\n    <\/section>","protected":false},"excerpt":{"rendered":"","protected":false},"author":3,"featured_media":0,"parent":0,"menu_order":0,"comment_status":"closed","ping_status":"closed","template":"templates\/yellow-line-3.php","meta":{"_acf_changed":false,"inline_featured_image":false,"footnotes":""},"class_list":["post-4734","page","type-page","status-publish","hentry"],"acf":[],"yoast_head":"<!-- This site is optimized with the Yoast SEO plugin v26.9 - https:\/\/yoast.com\/product\/yoast-seo-wordpress\/ -->\n<title>Kinderrechte - Eine gerechtere Welt - Enfants du Monde<\/title>\n<meta name=\"description\" content=\"Unser Projekt Eine gerechtere Welt sensibilisiert Kinder f\u00fcr die Kinderrechte, damit diese besser respektiert werden.\" \/>\n<meta name=\"robots\" content=\"index, follow, max-snippet:-1, max-image-preview:large, max-video-preview:-1\" \/>\n<link rel=\"canonical\" href=\"https:\/\/edm.ch\/de\/eine-gerechtere-welt\/\" \/>\n<meta property=\"og:locale\" content=\"de_DE\" \/>\n<meta property=\"og:type\" content=\"article\" \/>\n<meta property=\"og:title\" content=\"Kinderrechte - Eine gerechtere Welt - Enfants du Monde\" \/>\n<meta property=\"og:description\" content=\"Unser Projekt Eine gerechtere Welt sensibilisiert Kinder f\u00fcr die Kinderrechte, damit diese besser respektiert werden.\" \/>\n<meta property=\"og:url\" content=\"https:\/\/edm.ch\/de\/eine-gerechtere-welt\/\" \/>\n<meta property=\"og:site_name\" content=\"Enfants du monde\" \/>\n<meta property=\"article:modified_time\" content=\"2023-10-19T15:13:52+00:00\" \/>\n<meta name=\"twitter:card\" content=\"summary_large_image\" \/>\n<script type=\"application\/ld+json\" class=\"yoast-schema-graph\">{\"@context\":\"https:\/\/schema.org\",\"@graph\":[{\"@type\":\"WebPage\",\"@id\":\"https:\/\/edm.ch\/de\/eine-gerechtere-welt\/\",\"url\":\"https:\/\/edm.ch\/de\/eine-gerechtere-welt\/\",\"name\":\"Kinderrechte - Eine gerechtere Welt - Enfants du Monde\",\"isPartOf\":{\"@id\":\"https:\/\/edm.ch\/en\/#website\"},\"datePublished\":\"2023-08-11T08:08:21+00:00\",\"dateModified\":\"2023-10-19T15:13:52+00:00\",\"description\":\"Unser Projekt Eine gerechtere Welt sensibilisiert Kinder f\u00fcr die Kinderrechte, damit diese besser respektiert werden.\",\"inLanguage\":\"de-DE\",\"potentialAction\":[{\"@type\":\"ReadAction\",\"target\":[\"https:\/\/edm.ch\/de\/eine-gerechtere-welt\/\"]}]},{\"@type\":\"WebSite\",\"@id\":\"https:\/\/edm.ch\/en\/#website\",\"url\":\"https:\/\/edm.ch\/en\/\",\"name\":\"Enfants du monde\",\"description\":\"Association suisse\",\"potentialAction\":[{\"@type\":\"SearchAction\",\"target\":{\"@type\":\"EntryPoint\",\"urlTemplate\":\"https:\/\/edm.ch\/en\/?s={search_term_string}\"},\"query-input\":{\"@type\":\"PropertyValueSpecification\",\"valueRequired\":true,\"valueName\":\"search_term_string\"}}],\"inLanguage\":\"de-DE\"}]}<\/script>\n<!-- \/ Yoast SEO plugin. -->","yoast_head_json":{"title":"Kinderrechte - Eine gerechtere Welt - Enfants du Monde","description":"Unser Projekt Eine gerechtere Welt sensibilisiert Kinder f\u00fcr die Kinderrechte, damit diese besser respektiert werden.","robots":{"index":"index","follow":"follow","max-snippet":"max-snippet:-1","max-image-preview":"max-image-preview:large","max-video-preview":"max-video-preview:-1"},"canonical":"https:\/\/edm.ch\/de\/eine-gerechtere-welt\/","og_locale":"de_DE","og_type":"article","og_title":"Kinderrechte - Eine gerechtere Welt - Enfants du Monde","og_description":"Unser Projekt Eine gerechtere Welt sensibilisiert Kinder f\u00fcr die Kinderrechte, damit diese besser respektiert werden.","og_url":"https:\/\/edm.ch\/de\/eine-gerechtere-welt\/","og_site_name":"Enfants du monde","article_modified_time":"2023-10-19T15:13:52+00:00","twitter_card":"summary_large_image","schema":{"@context":"https:\/\/schema.org","@graph":[{"@type":"WebPage","@id":"https:\/\/edm.ch\/de\/eine-gerechtere-welt\/","url":"https:\/\/edm.ch\/de\/eine-gerechtere-welt\/","name":"Kinderrechte - Eine gerechtere Welt - Enfants du Monde","isPartOf":{"@id":"https:\/\/edm.ch\/en\/#website"},"datePublished":"2023-08-11T08:08:21+00:00","dateModified":"2023-10-19T15:13:52+00:00","description":"Unser Projekt Eine gerechtere Welt sensibilisiert Kinder f\u00fcr die Kinderrechte, damit diese besser respektiert werden.","inLanguage":"de-DE","potentialAction":[{"@type":"ReadAction","target":["https:\/\/edm.ch\/de\/eine-gerechtere-welt\/"]}]},{"@type":"WebSite","@id":"https:\/\/edm.ch\/en\/#website","url":"https:\/\/edm.ch\/en\/","name":"Enfants du monde","description":"Association suisse","potentialAction":[{"@type":"SearchAction","target":{"@type":"EntryPoint","urlTemplate":"https:\/\/edm.ch\/en\/?s={search_term_string}"},"query-input":{"@type":"PropertyValueSpecification","valueRequired":true,"valueName":"search_term_string"}}],"inLanguage":"de-DE"}]}},"_links":{"self":[{"href":"https:\/\/edm.ch\/de\/wp-json\/wp\/v2\/pages\/4734","targetHints":{"allow":["GET"]}}],"collection":[{"href":"https:\/\/edm.ch\/de\/wp-json\/wp\/v2\/pages"}],"about":[{"href":"https:\/\/edm.ch\/de\/wp-json\/wp\/v2\/types\/page"}],"author":[{"embeddable":true,"href":"https:\/\/edm.ch\/de\/wp-json\/wp\/v2\/users\/3"}],"replies":[{"embeddable":true,"href":"https:\/\/edm.ch\/de\/wp-json\/wp\/v2\/comments?post=4734"}],"version-history":[{"count":25,"href":"https:\/\/edm.ch\/de\/wp-json\/wp\/v2\/pages\/4734\/revisions"}],"predecessor-version":[{"id":14816,"href":"https:\/\/edm.ch\/de\/wp-json\/wp\/v2\/pages\/4734\/revisions\/14816"}],"wp:attachment":[{"href":"https:\/\/edm.ch\/de\/wp-json\/wp\/v2\/media?parent=4734"}],"curies":[{"name":"wp","href":"https:\/\/api.w.org\/{rel}","templated":true}]}}