{"id":4706,"date":"2023-08-14T15:53:44","date_gmt":"2023-08-14T15:53:44","guid":{"rendered":"https:\/\/edm.ch\/?page_id=4706"},"modified":"2024-09-24T13:48:11","modified_gmt":"2024-09-24T13:48:11","slug":"mobile-gesundheitsanwendung-panda","status":"publish","type":"page","link":"https:\/\/edm.ch\/de\/mobile-gesundheitsanwendung-panda\/","title":{"rendered":"PANDA"},"content":{"rendered":"<section class=\"subpageBanner\" style=\"display:\">\n    <div class=\"subpageBannerBlock figure_block\">\n        <img decoding=\"async\" data-src=\"https:\/\/edm.ch\/wp-content\/uploads\/2023\/08\/Enfants_du_monde_website_image_banner_panda.png\" src=\"data:image\/svg+xml;base64,PHN2ZyB3aWR0aD0iMSIgaGVpZ2h0PSIxIiB4bWxucz0iaHR0cDovL3d3dy53My5vcmcvMjAwMC9zdmciPjwvc3ZnPg==\" class=\"lazyload\" style=\"--smush-placeholder-width: 2500px; --smush-placeholder-aspect-ratio: 2500\/800;\" data-srcset=\"https:\/\/edm.ch\/wp-content\/uploads\/2023\/08\/Enfants_du_monde_website_image_banner_panda.png 2500w, https:\/\/edm.ch\/wp-content\/uploads\/2023\/08\/Enfants_du_monde_website_image_banner_panda-300x96.png 300w, https:\/\/edm.ch\/wp-content\/uploads\/2023\/08\/Enfants_du_monde_website_image_banner_panda-1024x328.png 1024w, https:\/\/edm.ch\/wp-content\/uploads\/2023\/08\/Enfants_du_monde_website_image_banner_panda-768x246.png 768w, https:\/\/edm.ch\/wp-content\/uploads\/2023\/08\/Enfants_du_monde_website_image_banner_panda-1536x492.png 1536w, https:\/\/edm.ch\/wp-content\/uploads\/2023\/08\/Enfants_du_monde_website_image_banner_panda-2048x655.png 2048w\" data-sizes=\"auto\" data-original-sizes=\"(max-width: 2500px) 100vw, 2500px\" \/>\n        <div class=\"subpageBannerWrap\">\n            <div class=\"container\">\n                <div class=\"content\">\n                    <div>\n                        <span class=\"bannerHead\"><\/span>\n                        <h1>PANDA<\/h1>\n                    <\/div>\n                                    <\/div>\n            <\/div>\n        <\/div>\n            <\/div>\n<\/section>\n<script type=\"text\/javascript\">\n    jQuery(document).ready(function ($) {\n        \/\/ Check if the block exists\n        var bannerSection = $('#subpage-banner-section');\n\n        if (bannerSection.length > 0) {\n            \/\/ Move the block to the end of <main> just before the footer\n            $('main').append(bannerSection); \/\/ This will append it inside the <main> tag\n        }\n\n        $('.documentAccordion').on('click', function (e) {\n            e.preventDefault();  \/\/ Prevent default link action\n\n            \/\/ Target the section with the given ID\n            $('html, body').animate({\n                scrollTop: $('#subpage-banner-section').offset().top - 200\n            }, 1000);\n        });\n    });\n<\/script>\n\n        <section class=\"contentSec\" style=\"display:\">\n        <div class=\"container\">\n            <div class=\"contentBlock\">\n                <h5><\/h5>\n                <p><span lang=\"de-CH\">In unseren Einsatzl\u00e4ndern ist der Zugang zu einer qualitativ hochwertigen Gesundheitsversorgung oftmals schwierig, und schwangere Frauen erhalten nach wie vor keine angemessene Schwangerschaftsbetreuung. Dies liegt unter anderem daran, <strong>dass es an Schulung und Betreuung f\u00fcr Hebammen, Krankenschwestern und Geburtshelfern mangelt<\/strong>, die in l\u00e4ndlichen Gebieten t\u00e4tig sind. Wenn Komplikationen nicht rechtzeitig erkannt werden, k\u00f6nnnnen das Leben der M\u00fctter und ihrer Babys gef\u00e4hrdet sein.<\/span><\/p>\n                            <\/div>\n        <\/div>\n    <\/section>\n\n        <section class=\"contentSec\" style=\"display:\">\n        <div class=\"container\">\n            <div class=\"contentBlock\">\n                <h5><\/h5>\n                <h2 align=\"left\"><span lang=\"de-CH\">Die neuen Technologien im Dienste zuk\u00fcnftiger M\u00fctter<\/span><\/h2>\n<p align=\"left\"><span lang=\"de-CH\">Das PANDA-System (Pregnancy and Newborn Diagnostic Assessment) besteht aus <\/span><span lang=\"de-CH\">einer App<\/span><span lang=\"de-CH\"> f\u00fcr Tablets und Smartphones sowie einer Datenbank<\/span><span lang=\"de-CH\">. <\/span><\/p>\n<p align=\"left\"><span lang=\"de-CH\">Die App wird vom Gesundheitspersonal w\u00e4hrend der Schwangerschaftskonsultationen eingesetzt<\/span><span lang=\"de-CH\"> und erfasst alle Schritte einer pr\u00e4natalen Untersuchung. Es erm\u00f6glicht <\/span><span lang=\"de-CH\">das Sammeln medizinischer Informationen, die Durchf\u00fchrung von Screening-Tests und die Sensibilisierung<\/span><span lang=\"de-CH\"> zuk\u00fcnftiger M\u00fctter. Die Besuche werden standardisiert und damit die Qualit\u00e4t der Versorgung verbessert. <\/span><\/p>\n<p><iframe title=\"Enfants du Monde - Sant\u00e9 maternelle et n\u00e9onatale - Syst\u00e8me de t\u00e9l\u00e9m\u00e9decine P.A.N.D.A.\" width=\"500\" height=\"281\" data-src=\"https:\/\/www.youtube.com\/embed\/34YZGsSql_o?feature=oembed\" frameborder=\"0\" allow=\"accelerometer; autoplay; clipboard-write; encrypted-media; gyroscope; picture-in-picture; web-share\" referrerpolicy=\"strict-origin-when-cross-origin\" allowfullscreen src=\"data:image\/svg+xml;base64,PHN2ZyB3aWR0aD0iMSIgaGVpZ2h0PSIxIiB4bWxucz0iaHR0cDovL3d3dy53My5vcmcvMjAwMC9zdmciPjwvc3ZnPg==\" class=\"lazyload\" data-load-mode=\"1\"><\/iframe><\/p>\n                            <\/div>\n        <\/div>\n    <\/section>\n\n\n    \n    <section class=\"rightTextLeftImg \" style=\"display:\">\n        <div class=\"container\">\n            <div class=\"rightTextLeftImgRow\">\n                                    <div class=\"left\">\n                                                    <div class=\"imgBlock\">\n                                <a class=\"figure_block\" href=\"https:\/\/edm.ch\/wp-content\/uploads\/2023\/08\/Enfants_du_monde_website_image_apercu_panda.png\" data-fancybox data-caption=\"\">\n                                    <img decoding=\"async\" data-src=\"https:\/\/edm.ch\/wp-content\/uploads\/2023\/08\/Enfants_du_monde_website_image_apercu_panda.png\" src=\"data:image\/svg+xml;base64,PHN2ZyB3aWR0aD0iMSIgaGVpZ2h0PSIxIiB4bWxucz0iaHR0cDovL3d3dy53My5vcmcvMjAwMC9zdmciPjwvc3ZnPg==\" class=\"lazyload\" style=\"--smush-placeholder-width: 1920px; --smush-placeholder-aspect-ratio: 1920\/1920;\" data-srcset=\"https:\/\/edm.ch\/wp-content\/uploads\/2023\/08\/Enfants_du_monde_website_image_apercu_panda.png 1920w, https:\/\/edm.ch\/wp-content\/uploads\/2023\/08\/Enfants_du_monde_website_image_apercu_panda-300x300.png 300w, https:\/\/edm.ch\/wp-content\/uploads\/2023\/08\/Enfants_du_monde_website_image_apercu_panda-1024x1024.png 1024w, https:\/\/edm.ch\/wp-content\/uploads\/2023\/08\/Enfants_du_monde_website_image_apercu_panda-150x150.png 150w, https:\/\/edm.ch\/wp-content\/uploads\/2023\/08\/Enfants_du_monde_website_image_apercu_panda-768x768.png 768w, https:\/\/edm.ch\/wp-content\/uploads\/2023\/08\/Enfants_du_monde_website_image_apercu_panda-1536x1536.png 1536w\" data-sizes=\"auto\" data-original-sizes=\"(max-width: 1920px) 100vw, 1920px\" \/>\n                                                                    <\/a>\n                                <figcaption><\/figcaption>\n                            <\/div>\n                                            <\/div>\n                                                    <div class=\"right\">\n                        <div class=\"content\">\n                            <h2>                                Identifizierung von Frauen, die anf\u00e4llig f\u00fcr Komplikationen sind <small><\/small>\n                            <\/h2>                                                            <p align=\"left\"><span lang=\"de-CH\">W\u00e4hrend des pr\u00e4natalen Besuchs im Gesundheitszentrum gibt das Gesundheitspersonal auf dem Tablet Daten zu folgenden Punkten ein:<\/span><\/p>\n<p align=\"left\">\u2022<span lang=\"de-CH\">Medizinische, chirurgische und geburtshilfliche Vorgeschichte<\/span><\/p>\n<p align=\"left\">\u2022 <span lang=\"de-CH\">Gr\u00f6\u00dfe, Gewicht, Temperatur,<\/span><\/p>\n<p align=\"left\"><span lang=\"de-CH\">Blutdruck, Geb\u00e4rmutterh\u00f6he, etc.<\/span><\/p>\n<p align=\"left\">\u2022 <span lang=\"de-CH\">Syphilis, Malaria, HIV, Hb, Glukose.<\/span><\/p>\n<p align=\"left\"><span lang=\"de-CH\">Das Tablet wird auch verwendet, um die schwangere Frau \u00fcber wichtige Verhaltensweisen f\u00fcr ihre Gesundheit w\u00e4hrend der Schwangerschaft aufzukl\u00e4renn. Die Daten werden anschlie\u00dfend an die medizinische Abteilung des Bezirkshospitals \u00fcbermittelt, was eine \u00dcberwachung aller schwangeren Frauen erm\u00f6glicht, insbesondere solcher mit Komplikationsrisiko.<\/span><\/p>\n                                                                                                            <\/div>\n                    <\/div>\n                            <\/div>\n        <\/div>\n    <\/section>\n\n\n<div class=\"container text-center loadMoreSection\">\n    <button onclick=\"loadMoreSection()\" class=\"btnBlue open_button loadmorebtn\"><\/button>\n    <button onclick=\"loadMoreSection()\" class=\"btnBlue close_button loadmorebtn\"><\/button>\n<\/div>\n\n\n        <section class=\"show_on_loadmore contentSec\" style=\"display:none \">\n        <div class=\"container\">\n            <div class=\"contentBlock\">\n                <h5>Technische Informationen und Voraussetzungen f\u00fcr die Nutzung von PANDA<\/h5>\n                <p align=\"justify\"><span lang=\"de-CH\">Das PANDA-System basiert auf einer Android-App und einem System zur Fernspeicherung von Informationen.<\/span><\/p>\n<ul>\n<li><span lang=\"de-CH\">PANDA App: kann vom Play Store auf ein Smartphone oder Tablet heruntergeladen werden. Mindestanforderung ist Android 4.0.<\/span><\/li>\n<li><span lang=\"de-CH\">Datenbank Medizinische Einheit: Java-Sprache &#8211; verschl\u00fcsselte Daten, auf die nur mit sicherem Zugriff (Passwort und Benutzername) zugegriffen werden kann; verschiedene sichere Zugriffsebenen.<\/span><\/li>\n<li><span lang=\"de-CH\">Server: Microsoft Azure gehostet in Europa<\/span><\/li>\n<\/ul>\n<p>&nbsp;<\/p>\n<h4><span lang=\"de-CH\">Ver\u00f6ffentlichungen<\/span><\/h4>\n<ul>\n<li><span lang=\"de-CH\">Pilot study in Madagascar : <\/span><span lang=\"de-CH\"><a href=\"https:\/\/doi.org\/10.1177\/1357633X16653540\">https:\/\/doi.org\/10.1177\/1357633X16653540<\/a>\u00a0<\/span><\/li>\n<li><span lang=\"en-GB\">A Feasibility Study in an Italian Hosting Center for Asylum Seekers. <\/span><a href=\"https:\/\/doi.org\/10.1007\/s10903-017-0669-2\"><span lang=\"en-GB\">https:\/\/doi.org\/10.1007\/s10903-017-0669-2<\/span><\/a><\/li>\n<li><span lang=\"en-GB\">Cross-sectional survey of knowledge of obstetric danger signs among women in rural Madagascar: <\/span><a href=\"http:\/\/Https:\/\/doi: 10.1186\/s12884-018-1664-x\"><span lang=\"en-GB\">Https:\/\/doi: 10.1186\/s12884-018-1664-x<\/span><\/a><\/li>\n<\/ul>\n                            <\/div>\n        <\/div>\n    <\/section>\n\n        <section class=\"contentSec\" style=\"display:\">\n        <div class=\"container\">\n            <div class=\"contentBlock\">\n                <h5>Was uns auszeichnet  (inspiriert von der PANDA-Produktkarte)<\/h5>\n                <ul>\n<li><span lang=\"de-CH\">Das Risiko von Fehlern durch das Gesundheitspersonal wird durch die <\/span><span lang=\"de-CH\">Standardisierung der Schritte<\/span><span lang=\"de-CH\"> der Schwangerschaftsvorsorge verringert.<\/span><\/li>\n<li><span lang=\"de-CH\">Komplikationen und Notf\u00e4lle im Zusammenhang mit der Schwangerschaft <\/span><span lang=\"de-CH\">werden rechtzeitig erkannt.<\/span><\/li>\n<li><span lang=\"de-CH\">Es findet <\/span><span lang=\"de-CH\">eine bessere Kommunikation<\/span><span lang=\"de-CH\"> zwischen dem\/der Gesundheitshelfer\/in, der schwangeren Frau und ihren Begleitern statt.<\/span><\/li>\n<li><span lang=\"de-CH\">Die Gesundheitsdienstleister werden aus der <\/span><span lang=\"de-CH\">Ferne \u00fcberwacht und gecoacht<\/span><span lang=\"de-CH\">.<\/span><\/li>\n<li><span lang=\"de-CH\">F\u00fcr jede schwangere Frau wird automatisch <\/span><span lang=\"de-CH\">eine computergest\u00fctzte Patientenakte<\/span><span lang=\"de-CH\"> angelegt.<\/span><\/li>\n<li><span lang=\"de-CH\">Die Verwaltung von Material und Inputs f\u00fcr die Schwangerschaftsvorsorge ist gew\u00e4hrleistet.<\/span><\/li>\n<li><span lang=\"de-CH\">Erstellung von Kartografien der schwangeren Frauen nach geografischer Lage, Schwangerschaftsstadium und Risiko. <\/span><\/li>\n<li>Durchf\u00fchrung von epidemiologischen Analysen<\/li>\n<\/ul>\n                            <\/div>\n        <\/div>\n    <\/section>\n\n\n    <section class=\" imageSec\" style=\"display:\">\n      <div class=\"container\">\n        <figure>\n          <img decoding=\"async\" data-src=\"https:\/\/edm.ch\/wp-content\/uploads\/2023\/08\/PANDA-scaled.jpg\" src=\"data:image\/svg+xml;base64,PHN2ZyB3aWR0aD0iMSIgaGVpZ2h0PSIxIiB4bWxucz0iaHR0cDovL3d3dy53My5vcmcvMjAwMC9zdmciPjwvc3ZnPg==\" class=\"lazyload\" style=\"--smush-placeholder-width: 2560px; --smush-placeholder-aspect-ratio: 2560\/1703;\" data-srcset=\"https:\/\/edm.ch\/wp-content\/uploads\/2023\/08\/PANDA-scaled.jpg 2560w, https:\/\/edm.ch\/wp-content\/uploads\/2023\/08\/PANDA-300x200.jpg 300w, https:\/\/edm.ch\/wp-content\/uploads\/2023\/08\/PANDA-1024x681.jpg 1024w, https:\/\/edm.ch\/wp-content\/uploads\/2023\/08\/PANDA-768x511.jpg 768w, https:\/\/edm.ch\/wp-content\/uploads\/2023\/08\/PANDA-1536x1022.jpg 1536w, https:\/\/edm.ch\/wp-content\/uploads\/2023\/08\/PANDA-2048x1362.jpg 2048w\" data-sizes=\"auto\" data-original-sizes=\"(max-width: 2560px) 100vw, 2560px\">\n        <\/figure>\n      <\/div>\n    <\/section>\n\n\n    \n    <section class=\"quoteImage rightTextLeftImg \" style=\"display:\">\n        <div class=\"container\">\n            <div class=\"rightTextLeftImgRow\">\n                                    <div class=\"left\">\n                                                    <div class=\"imgBlock\">\n                                <a class=\"figure_block\" href=\"https:\/\/edm.ch\/wp-content\/uploads\/2023\/08\/Enfants_du_monde_website_image_apercu_panda_Giovanna-Stancanelli.jpg\" data-fancybox data-caption=\"\">\n                                    <img decoding=\"async\" data-src=\"https:\/\/edm.ch\/wp-content\/uploads\/2023\/08\/Enfants_du_monde_website_image_apercu_panda_Giovanna-Stancanelli.jpg\" src=\"data:image\/svg+xml;base64,PHN2ZyB3aWR0aD0iMSIgaGVpZ2h0PSIxIiB4bWxucz0iaHR0cDovL3d3dy53My5vcmcvMjAwMC9zdmciPjwvc3ZnPg==\" class=\"lazyload\" style=\"--smush-placeholder-width: 500px; --smush-placeholder-aspect-ratio: 500\/281;\" data-srcset=\"https:\/\/edm.ch\/wp-content\/uploads\/2023\/08\/Enfants_du_monde_website_image_apercu_panda_Giovanna-Stancanelli.jpg 500w, https:\/\/edm.ch\/wp-content\/uploads\/2023\/08\/Enfants_du_monde_website_image_apercu_panda_Giovanna-Stancanelli-300x169.jpg 300w\" data-sizes=\"auto\" data-original-sizes=\"(max-width: 500px) 100vw, 500px\" \/>\n                                                                    <\/a>\n                                <figcaption><\/figcaption>\n                            <\/div>\n                                            <\/div>\n                                                    <div class=\"right\">\n                        <div class=\"content\">\n                            <h2>                                Giovanna Stancanelli, <small>Entwicklerin von PANDA:<\/small>\n                            <\/h2>                            <div class=\"quote\">                                <p align=\"left\"><span lang=\"de-CH\">PANDA tr\u00e4gt zur Standardisierung der pr\u00e4natalen Betreuung gem\u00e4\u00df den Richtlinien der WHO bei. Dies ist die Voraussetzung f\u00fcr eine hohe Qualit\u00e4t der Besuche.<\/span><\/p>\n                            <\/div>                                                                                <\/div>\n                    <\/div>\n                            <\/div>\n        <\/div>\n    <\/section>\n\n\n    <section class=\"donation_count\" style=\"display:\">\n        <div class=\"inner_row\">\n            <div class=\"right_img_block\">\n                <div class=\"img_block figure_block\">\n                    <img decoding=\"async\" data-src=\"https:\/\/edm.ch\/wp-content\/uploads\/2023\/08\/Enfants_du_monde_website_image_RS6526_Bangladesh_femme_1920.png\" alt=\"\" src=\"data:image\/svg+xml;base64,PHN2ZyB3aWR0aD0iMSIgaGVpZ2h0PSIxIiB4bWxucz0iaHR0cDovL3d3dy53My5vcmcvMjAwMC9zdmciPjwvc3ZnPg==\" class=\"lazyload\" style=\"--smush-placeholder-width: 1920px; --smush-placeholder-aspect-ratio: 1920\/1920;\" data-srcset=\"https:\/\/edm.ch\/wp-content\/uploads\/2023\/08\/Enfants_du_monde_website_image_RS6526_Bangladesh_femme_1920.png 1920w, https:\/\/edm.ch\/wp-content\/uploads\/2023\/08\/Enfants_du_monde_website_image_RS6526_Bangladesh_femme_1920-300x300.png 300w, https:\/\/edm.ch\/wp-content\/uploads\/2023\/08\/Enfants_du_monde_website_image_RS6526_Bangladesh_femme_1920-1024x1024.png 1024w, https:\/\/edm.ch\/wp-content\/uploads\/2023\/08\/Enfants_du_monde_website_image_RS6526_Bangladesh_femme_1920-150x150.png 150w, https:\/\/edm.ch\/wp-content\/uploads\/2023\/08\/Enfants_du_monde_website_image_RS6526_Bangladesh_femme_1920-768x768.png 768w, https:\/\/edm.ch\/wp-content\/uploads\/2023\/08\/Enfants_du_monde_website_image_RS6526_Bangladesh_femme_1920-1536x1536.png 1536w\" data-sizes=\"auto\" data-original-sizes=\"(max-width: 1920px) 100vw, 1920px\">\n                                            <div class=\"picture-caption\">\n                            <div class=\"caption-content\"><span>Enfants du Monde<\/span><\/div>\n                        <\/div>\n                                    <\/div>\n            <\/div>\n            <div class=\"left_txt_block\">\n                <div class=\"txt_contents\">\n                    <h3>Meine Spende macht einen Unterschied<\/h3>\n                    <div class=\"block_txts\">\n                                                    <div class=\"item\">\n                                <span class=\"title\">Zum Beispiel:<\/span>\n                                <p><\/p>\n                            <\/div>\n                                                    <div class=\"item\">\n                                <span class=\"title\">Mit 60 Franken:<\/span>\n                                <p>Schenke ich 11 schwangeren Frauen in Madagaskar eine Schulung zur Geburtsvorbereitung.<\/p>\n                            <\/div>\n                                                    <div class=\"item\">\n                                <span class=\"title\">Mit 100 Franken: <\/span>\n                                <p>Informiere ich 500 schwangere Frauen und ihre Ehem\u00e4nner in Bangladesch \u00fcber die Gefahren f\u00fcr das Neugeborene.<\/p>\n                            <\/div>\n                                                    <div class=\"item\">\n                                <span class=\"title\">Mit 150 Franken: <\/span>\n                                <p>Spende ich eine Weiterbildung f\u00fcr 2 Krankenschwestern in Nepal, damit sie respektvolle Pflege f\u00fcr schwangeren Frauen und ihren Neugeborenen leisten k\u00f6nnen.<\/p>\n                            <\/div>\n                                                                            <a href=\"https:\/\/don.edm.ch\/de\" class=\"btnWhite buttonDonation\">\n                                Jetzt spenden                            <\/a>\n                                            <\/div>\n                <\/div>\n            <\/div>\n        <\/div>\n    <\/section>","protected":false},"excerpt":{"rendered":"","protected":false},"author":3,"featured_media":0,"parent":0,"menu_order":0,"comment_status":"closed","ping_status":"closed","template":"templates\/yellow-line-1.php","meta":{"_acf_changed":false,"inline_featured_image":false,"footnotes":""},"class_list":["post-4706","page","type-page","status-publish","hentry"],"acf":[],"yoast_head":"<!-- This site is optimized with the Yoast SEO plugin v26.9 - https:\/\/yoast.com\/product\/yoast-seo-wordpress\/ -->\n<title>Mobile Gesundheitsanwendung - Panda - Enfants du Monde<\/title>\n<meta name=\"description\" content=\"PANDA ist eine Anwendung, die den Mangel an Ausbildung und Betreuung von Hebammen, Krankenschwestern und Geburtshelfern beheben soll.\" \/>\n<meta name=\"robots\" content=\"index, follow, max-snippet:-1, max-image-preview:large, max-video-preview:-1\" \/>\n<link rel=\"canonical\" href=\"https:\/\/edm.ch\/de\/mobile-gesundheitsanwendung-panda\/\" \/>\n<meta property=\"og:locale\" content=\"de_DE\" \/>\n<meta property=\"og:type\" content=\"article\" \/>\n<meta property=\"og:title\" content=\"Mobile Gesundheitsanwendung - Panda - Enfants du Monde\" \/>\n<meta property=\"og:description\" content=\"PANDA ist eine Anwendung, die den Mangel an Ausbildung und Betreuung von Hebammen, Krankenschwestern und Geburtshelfern beheben soll.\" \/>\n<meta property=\"og:url\" content=\"https:\/\/edm.ch\/de\/mobile-gesundheitsanwendung-panda\/\" \/>\n<meta property=\"og:site_name\" content=\"Enfants du monde\" \/>\n<meta property=\"article:modified_time\" content=\"2024-09-24T13:48:11+00:00\" \/>\n<meta name=\"twitter:card\" content=\"summary_large_image\" \/>\n<script type=\"application\/ld+json\" class=\"yoast-schema-graph\">{\"@context\":\"https:\/\/schema.org\",\"@graph\":[{\"@type\":\"WebPage\",\"@id\":\"https:\/\/edm.ch\/de\/mobile-gesundheitsanwendung-panda\/\",\"url\":\"https:\/\/edm.ch\/de\/mobile-gesundheitsanwendung-panda\/\",\"name\":\"Mobile Gesundheitsanwendung - Panda - Enfants du Monde\",\"isPartOf\":{\"@id\":\"https:\/\/edm.ch\/en\/#website\"},\"datePublished\":\"2023-08-14T15:53:44+00:00\",\"dateModified\":\"2024-09-24T13:48:11+00:00\",\"description\":\"PANDA ist eine Anwendung, die den Mangel an Ausbildung und Betreuung von Hebammen, Krankenschwestern und Geburtshelfern beheben soll.\",\"inLanguage\":\"de-DE\",\"potentialAction\":[{\"@type\":\"ReadAction\",\"target\":[\"https:\/\/edm.ch\/de\/mobile-gesundheitsanwendung-panda\/\"]}]},{\"@type\":\"WebSite\",\"@id\":\"https:\/\/edm.ch\/en\/#website\",\"url\":\"https:\/\/edm.ch\/en\/\",\"name\":\"Enfants du monde\",\"description\":\"Association suisse\",\"potentialAction\":[{\"@type\":\"SearchAction\",\"target\":{\"@type\":\"EntryPoint\",\"urlTemplate\":\"https:\/\/edm.ch\/en\/?s={search_term_string}\"},\"query-input\":{\"@type\":\"PropertyValueSpecification\",\"valueRequired\":true,\"valueName\":\"search_term_string\"}}],\"inLanguage\":\"de-DE\"}]}<\/script>\n<!-- \/ Yoast SEO plugin. -->","yoast_head_json":{"title":"Mobile Gesundheitsanwendung - Panda - Enfants du Monde","description":"PANDA ist eine Anwendung, die den Mangel an Ausbildung und Betreuung von Hebammen, Krankenschwestern und Geburtshelfern beheben soll.","robots":{"index":"index","follow":"follow","max-snippet":"max-snippet:-1","max-image-preview":"max-image-preview:large","max-video-preview":"max-video-preview:-1"},"canonical":"https:\/\/edm.ch\/de\/mobile-gesundheitsanwendung-panda\/","og_locale":"de_DE","og_type":"article","og_title":"Mobile Gesundheitsanwendung - Panda - Enfants du Monde","og_description":"PANDA ist eine Anwendung, die den Mangel an Ausbildung und Betreuung von Hebammen, Krankenschwestern und Geburtshelfern beheben soll.","og_url":"https:\/\/edm.ch\/de\/mobile-gesundheitsanwendung-panda\/","og_site_name":"Enfants du monde","article_modified_time":"2024-09-24T13:48:11+00:00","twitter_card":"summary_large_image","schema":{"@context":"https:\/\/schema.org","@graph":[{"@type":"WebPage","@id":"https:\/\/edm.ch\/de\/mobile-gesundheitsanwendung-panda\/","url":"https:\/\/edm.ch\/de\/mobile-gesundheitsanwendung-panda\/","name":"Mobile Gesundheitsanwendung - Panda - Enfants du Monde","isPartOf":{"@id":"https:\/\/edm.ch\/en\/#website"},"datePublished":"2023-08-14T15:53:44+00:00","dateModified":"2024-09-24T13:48:11+00:00","description":"PANDA ist eine Anwendung, die den Mangel an Ausbildung und Betreuung von Hebammen, Krankenschwestern und Geburtshelfern beheben soll.","inLanguage":"de-DE","potentialAction":[{"@type":"ReadAction","target":["https:\/\/edm.ch\/de\/mobile-gesundheitsanwendung-panda\/"]}]},{"@type":"WebSite","@id":"https:\/\/edm.ch\/en\/#website","url":"https:\/\/edm.ch\/en\/","name":"Enfants du monde","description":"Association suisse","potentialAction":[{"@type":"SearchAction","target":{"@type":"EntryPoint","urlTemplate":"https:\/\/edm.ch\/en\/?s={search_term_string}"},"query-input":{"@type":"PropertyValueSpecification","valueRequired":true,"valueName":"search_term_string"}}],"inLanguage":"de-DE"}]}},"_links":{"self":[{"href":"https:\/\/edm.ch\/de\/wp-json\/wp\/v2\/pages\/4706","targetHints":{"allow":["GET"]}}],"collection":[{"href":"https:\/\/edm.ch\/de\/wp-json\/wp\/v2\/pages"}],"about":[{"href":"https:\/\/edm.ch\/de\/wp-json\/wp\/v2\/types\/page"}],"author":[{"embeddable":true,"href":"https:\/\/edm.ch\/de\/wp-json\/wp\/v2\/users\/3"}],"replies":[{"embeddable":true,"href":"https:\/\/edm.ch\/de\/wp-json\/wp\/v2\/comments?post=4706"}],"version-history":[{"count":28,"href":"https:\/\/edm.ch\/de\/wp-json\/wp\/v2\/pages\/4706\/revisions"}],"predecessor-version":[{"id":32564,"href":"https:\/\/edm.ch\/de\/wp-json\/wp\/v2\/pages\/4706\/revisions\/32564"}],"wp:attachment":[{"href":"https:\/\/edm.ch\/de\/wp-json\/wp\/v2\/media?parent=4706"}],"curies":[{"name":"wp","href":"https:\/\/api.w.org\/{rel}","templated":true}]}}