{"id":4702,"date":"2023-08-15T09:26:22","date_gmt":"2023-08-15T09:26:22","guid":{"rendered":"https:\/\/edm.ch\/?page_id=4702"},"modified":"2023-09-25T09:39:34","modified_gmt":"2023-09-25T09:39:34","slug":"ein-lied-fuer-die-bildung","status":"publish","type":"page","link":"https:\/\/edm.ch\/de\/ein-lied-fuer-die-bildung\/","title":{"rendered":"Ein Lied f\u00fcr die Bildung"},"content":{"rendered":"<section class=\"subpageBanner\" style=\"display:\">\n    <div class=\"subpageBannerBlock figure_block\">\n        <img decoding=\"async\" data-src=\"https:\/\/edm.ch\/wp-content\/uploads\/2023\/08\/Enfants_du_monde_website_image_banner_chanson_education.png\" src=\"data:image\/svg+xml;base64,PHN2ZyB3aWR0aD0iMSIgaGVpZ2h0PSIxIiB4bWxucz0iaHR0cDovL3d3dy53My5vcmcvMjAwMC9zdmciPjwvc3ZnPg==\" class=\"lazyload\" style=\"--smush-placeholder-width: 2500px; --smush-placeholder-aspect-ratio: 2500\/800;\" data-srcset=\"https:\/\/edm.ch\/wp-content\/uploads\/2023\/08\/Enfants_du_monde_website_image_banner_chanson_education.png 2500w, https:\/\/edm.ch\/wp-content\/uploads\/2023\/08\/Enfants_du_monde_website_image_banner_chanson_education-300x96.png 300w, https:\/\/edm.ch\/wp-content\/uploads\/2023\/08\/Enfants_du_monde_website_image_banner_chanson_education-1024x328.png 1024w, https:\/\/edm.ch\/wp-content\/uploads\/2023\/08\/Enfants_du_monde_website_image_banner_chanson_education-768x246.png 768w, https:\/\/edm.ch\/wp-content\/uploads\/2023\/08\/Enfants_du_monde_website_image_banner_chanson_education-1536x492.png 1536w, https:\/\/edm.ch\/wp-content\/uploads\/2023\/08\/Enfants_du_monde_website_image_banner_chanson_education-2048x655.png 2048w\" data-sizes=\"auto\" data-original-sizes=\"(max-width: 2500px) 100vw, 2500px\" \/>\n        <div class=\"subpageBannerWrap\">\n            <div class=\"container\">\n                <div class=\"content\">\n                    <div>\n                        <span class=\"bannerHead\"><\/span>\n                        <h1>Ein Lied f\u00fcr die Bildung<\/h1>\n                    <\/div>\n                                    <\/div>\n            <\/div>\n        <\/div>\n            <\/div>\n<\/section>\n<script type=\"text\/javascript\">\n    jQuery(document).ready(function ($) {\n        \/\/ Check if the block exists\n        var bannerSection = $('#subpage-banner-section');\n\n        if (bannerSection.length > 0) {\n            \/\/ Move the block to the end of <main> just before the footer\n            $('main').append(bannerSection); \/\/ This will append it inside the <main> tag\n        }\n\n        $('.documentAccordion').on('click', function (e) {\n            e.preventDefault();  \/\/ Prevent default link action\n\n            \/\/ Target the section with the given ID\n            $('html, body').animate({\n                scrollTop: $('#subpage-banner-section').offset().top - 200\n            }, 1000);\n        });\n    });\n<\/script>\n\n        <section class=\"contentSec\" style=\"display:\">\n        <div class=\"container\">\n            <div class=\"contentBlock\">\n                <h5><\/h5>\n                <p><em>Dieses Projekt wird derzeit nicht mehr f\u00fcr Schulen angeboten.<\/em><\/p>\n                            <\/div>\n        <\/div>\n    <\/section>\n\n\n    \n    <section class=\"rightTextLeftImg \" style=\"display:\">\n        <div class=\"container\">\n            <div class=\"rightTextLeftImgRow\">\n                                    <div class=\"left\">\n                                                    <div class=\"imgBlock\">\n                                <a class=\"figure_block\" href=\"https:\/\/edm.ch\/wp-content\/uploads\/2023\/08\/Enfants_du_monde_website_image_apercu_chanson_education.png\" data-fancybox data-caption=\"\u00a9 Laurent Pasche\">\n                                    <img decoding=\"async\" data-src=\"https:\/\/edm.ch\/wp-content\/uploads\/2023\/08\/Enfants_du_monde_website_image_apercu_chanson_education.png\" src=\"data:image\/svg+xml;base64,PHN2ZyB3aWR0aD0iMSIgaGVpZ2h0PSIxIiB4bWxucz0iaHR0cDovL3d3dy53My5vcmcvMjAwMC9zdmciPjwvc3ZnPg==\" class=\"lazyload\" style=\"--smush-placeholder-width: 1920px; --smush-placeholder-aspect-ratio: 1920\/1920;\" data-srcset=\"https:\/\/edm.ch\/wp-content\/uploads\/2023\/08\/Enfants_du_monde_website_image_apercu_chanson_education.png 1920w, https:\/\/edm.ch\/wp-content\/uploads\/2023\/08\/Enfants_du_monde_website_image_apercu_chanson_education-300x300.png 300w, https:\/\/edm.ch\/wp-content\/uploads\/2023\/08\/Enfants_du_monde_website_image_apercu_chanson_education-1024x1024.png 1024w, https:\/\/edm.ch\/wp-content\/uploads\/2023\/08\/Enfants_du_monde_website_image_apercu_chanson_education-150x150.png 150w, https:\/\/edm.ch\/wp-content\/uploads\/2023\/08\/Enfants_du_monde_website_image_apercu_chanson_education-768x768.png 768w, https:\/\/edm.ch\/wp-content\/uploads\/2023\/08\/Enfants_du_monde_website_image_apercu_chanson_education-1536x1536.png 1536w\" data-sizes=\"auto\" data-original-sizes=\"(max-width: 1920px) 100vw, 1920px\" \/>\n                                                                    <\/a>\n                                <figcaption>\u00a9 Laurent Pasche<\/figcaption>\n                            <\/div>\n                                            <\/div>\n                                                    <div class=\"right\">\n                        <div class=\"content\">\n                            <h2>                                Mit einer Stimme f\u00fcr das Recht auf Bildung <small><\/small>\n                            <\/h2>                                                            <p>&nbsp;<\/p>\n<p align=\"left\">Das Projekt Ein Lied f\u00fcr die Bildung wurde mit Unterst\u00fctzung der Compagnie Zappar umgesetzt. Dabei k\u00f6nnen Kinder sich musikalisch f\u00fcr ihr Recht auf Bildung einsetzen. Unter der Leitung bekannter K\u00fcnstler und Fachleute beteiligen sich die Kinder an der Umsetzung von Liedern, CDs und Videoclips f\u00fcr einen Zugang zu Bildung f\u00fcr alle Kinder jenseits aller Grenzen.<\/p>\n<p><iframe title=\"Une Chanson pour l&#039;Education  - Clip r\u00e9trospectif\" width=\"500\" height=\"281\" data-src=\"https:\/\/www.youtube.com\/embed\/yqU2xH3z8JQ?feature=oembed\" frameborder=\"0\" allow=\"accelerometer; autoplay; clipboard-write; encrypted-media; gyroscope; picture-in-picture; web-share\" referrerpolicy=\"strict-origin-when-cross-origin\" allowfullscreen src=\"data:image\/svg+xml;base64,PHN2ZyB3aWR0aD0iMSIgaGVpZ2h0PSIxIiB4bWxucz0iaHR0cDovL3d3dy53My5vcmcvMjAwMC9zdmciPjwvc3ZnPg==\" class=\"lazyload\" data-load-mode=\"1\"><\/iframe><\/p>\n                                                                                                            <\/div>\n                    <\/div>\n                            <\/div>\n        <\/div>\n    <\/section>\n\n        <section class=\"contentSec\" style=\"display:\">\n        <div class=\"container\">\n            <div class=\"contentBlock\">\n                <h5>Ein Lied jenseits aller Grenzen<\/h5>\n                <p><span style=\"color: #000000;\">Auf Initiative des Schweizer Netzwerks f\u00fcr Bildung und internationale Zusammenarbeit, dessen Mitglied Enfants du Monde ist, wurde Ein Lied f\u00fcr die Bildung 2011 ins Leben gerufen und hat sich rasch \u00fcber alle Grenzen hinweg einen Namen gemacht. Sch\u00fclerinnen und Sch\u00fcler sowie K\u00fcnstler aus Burkina Faso, Haiti und Qu\u00e9bec haben sich mit ihren Pendants in der Schweiz zusammengetan, um f\u00fcr das Recht auf Bildung f\u00fcr alle Kinder weltweit einzustehen. Daf\u00fcr haben sie eine CD aufgenommen und ihre Lieder auf der B\u00fchne pr\u00e4sentiert.<\/span><\/p>\n<p>&nbsp;<\/p>\n<p><span style=\"color: #000000;\">Insgesamt haben fast 3 800 Kinder in f\u00fcnf L\u00e4ndern an Ein Lied f\u00fcr die Bildung teilgenommen. Zu den bekannten K\u00fcnstlern, die sich mit ihrer Stimme f\u00fcr das Projekt eingesetzt haben, z\u00e4hlen die Schweizer S\u00e4nger Marc Aymon, Fraissinet und K sowie die Gangb\u00e9 Brass Band aus B\u00e9nin und der S\u00e4nger Dicko Fils aus Burkina Faso.<\/span><\/p>\n<p><a href=\"https:\/\/www.youtube.com\/playlist?list=PLO7Z6YUNQu3G2XA6rFBEfaCfhzq8DsHb7\"><span style=\"color: #000000;\">Alle Videoclips ansehen<\/span><\/a><\/p>\n                            <\/div>\n        <\/div>\n    <\/section>\n\n\n    <section class=\"donation_count\" style=\"display:\">\n        <div class=\"inner_row\">\n            <div class=\"right_img_block\">\n                <div class=\"img_block figure_block\">\n                    <img decoding=\"async\" data-src=\"https:\/\/edm.ch\/wp-content\/uploads\/2023\/08\/Enfants_du_monde_website_image_don_chanson_education.png\" alt=\"\" src=\"data:image\/svg+xml;base64,PHN2ZyB3aWR0aD0iMSIgaGVpZ2h0PSIxIiB4bWxucz0iaHR0cDovL3d3dy53My5vcmcvMjAwMC9zdmciPjwvc3ZnPg==\" class=\"lazyload\" style=\"--smush-placeholder-width: 1920px; --smush-placeholder-aspect-ratio: 1920\/1920;\" data-srcset=\"https:\/\/edm.ch\/wp-content\/uploads\/2023\/08\/Enfants_du_monde_website_image_don_chanson_education.png 1920w, https:\/\/edm.ch\/wp-content\/uploads\/2023\/08\/Enfants_du_monde_website_image_don_chanson_education-300x300.png 300w, https:\/\/edm.ch\/wp-content\/uploads\/2023\/08\/Enfants_du_monde_website_image_don_chanson_education-1024x1024.png 1024w, https:\/\/edm.ch\/wp-content\/uploads\/2023\/08\/Enfants_du_monde_website_image_don_chanson_education-150x150.png 150w, https:\/\/edm.ch\/wp-content\/uploads\/2023\/08\/Enfants_du_monde_website_image_don_chanson_education-768x768.png 768w, https:\/\/edm.ch\/wp-content\/uploads\/2023\/08\/Enfants_du_monde_website_image_don_chanson_education-1536x1536.png 1536w\" data-sizes=\"auto\" data-original-sizes=\"(max-width: 1920px) 100vw, 1920px\">\n                                    <\/div>\n            <\/div>\n            <div class=\"left_txt_block\">\n                <div class=\"txt_contents\">\n                    <h3>Meine Spende macht einen Unterschied <\/h3>\n                    <div class=\"block_txts\">\n                                                    <div class=\"item\">\n                                <span class=\"title\">Zum Beispiel:<\/span>\n                                <p><\/p>\n                            <\/div>\n                                                    <div class=\"item\">\n                                <span class=\"title\">Mit 100 Franken:<\/span>\n                                <p>Ich trage dazu bei, qualitativ hochwertiges Unterrichtsmaterial zu den Kinderrechten f\u00fcr Sch\u00fcler*innen in der Schweiz zu entwickeln.<\/p>\n                            <\/div>\n                                                                            <a href=\"https:\/\/don.edm.ch\/de\" class=\"btnWhite buttonDonation\">\n                                ICH SPENDE                            <\/a>\n                                            <\/div>\n                <\/div>\n            <\/div>\n        <\/div>\n    <\/section>","protected":false},"excerpt":{"rendered":"","protected":false},"author":3,"featured_media":0,"parent":0,"menu_order":0,"comment_status":"closed","ping_status":"closed","template":"templates\/yellow-line-1.php","meta":{"_acf_changed":false,"inline_featured_image":false,"footnotes":""},"class_list":["post-4702","page","type-page","status-publish","hentry"],"acf":[],"yoast_head":"<!-- This site is optimized with the Yoast SEO plugin v26.9 - https:\/\/yoast.com\/product\/yoast-seo-wordpress\/ -->\n<title>Kinderrechte - Ein Lied f\u00fcr die Bildung - Enfants du Monde<\/title>\n<meta name=\"description\" content=\"Ein Lied f\u00fcr die Bildung und Kinderrechte: 3800 Kinder und mehrere K\u00fcnstler waren an dem Projekt beteiligt.\" \/>\n<meta name=\"robots\" content=\"index, follow, max-snippet:-1, max-image-preview:large, max-video-preview:-1\" \/>\n<link rel=\"canonical\" href=\"https:\/\/edm.ch\/de\/ein-lied-fuer-die-bildung\/\" \/>\n<meta property=\"og:locale\" content=\"de_DE\" \/>\n<meta property=\"og:type\" content=\"article\" \/>\n<meta property=\"og:title\" content=\"Kinderrechte - Ein Lied f\u00fcr die Bildung - Enfants du Monde\" \/>\n<meta property=\"og:description\" content=\"Ein Lied f\u00fcr die Bildung und Kinderrechte: 3800 Kinder und mehrere K\u00fcnstler waren an dem Projekt beteiligt.\" \/>\n<meta property=\"og:url\" content=\"https:\/\/edm.ch\/de\/ein-lied-fuer-die-bildung\/\" \/>\n<meta property=\"og:site_name\" content=\"Enfants du monde\" \/>\n<meta property=\"article:modified_time\" content=\"2023-09-25T09:39:34+00:00\" \/>\n<meta name=\"twitter:card\" content=\"summary_large_image\" \/>\n<script type=\"application\/ld+json\" class=\"yoast-schema-graph\">{\"@context\":\"https:\/\/schema.org\",\"@graph\":[{\"@type\":\"WebPage\",\"@id\":\"https:\/\/edm.ch\/de\/ein-lied-fuer-die-bildung\/\",\"url\":\"https:\/\/edm.ch\/de\/ein-lied-fuer-die-bildung\/\",\"name\":\"Kinderrechte - Ein Lied f\u00fcr die Bildung - Enfants du Monde\",\"isPartOf\":{\"@id\":\"https:\/\/edm.ch\/en\/#website\"},\"datePublished\":\"2023-08-15T09:26:22+00:00\",\"dateModified\":\"2023-09-25T09:39:34+00:00\",\"description\":\"Ein Lied f\u00fcr die Bildung und Kinderrechte: 3800 Kinder und mehrere K\u00fcnstler waren an dem Projekt beteiligt.\",\"inLanguage\":\"de-DE\",\"potentialAction\":[{\"@type\":\"ReadAction\",\"target\":[\"https:\/\/edm.ch\/de\/ein-lied-fuer-die-bildung\/\"]}]},{\"@type\":\"WebSite\",\"@id\":\"https:\/\/edm.ch\/en\/#website\",\"url\":\"https:\/\/edm.ch\/en\/\",\"name\":\"Enfants du monde\",\"description\":\"Association suisse\",\"potentialAction\":[{\"@type\":\"SearchAction\",\"target\":{\"@type\":\"EntryPoint\",\"urlTemplate\":\"https:\/\/edm.ch\/en\/?s={search_term_string}\"},\"query-input\":{\"@type\":\"PropertyValueSpecification\",\"valueRequired\":true,\"valueName\":\"search_term_string\"}}],\"inLanguage\":\"de-DE\"}]}<\/script>\n<!-- \/ Yoast SEO plugin. -->","yoast_head_json":{"title":"Kinderrechte - Ein Lied f\u00fcr die Bildung - Enfants du Monde","description":"Ein Lied f\u00fcr die Bildung und Kinderrechte: 3800 Kinder und mehrere K\u00fcnstler waren an dem Projekt beteiligt.","robots":{"index":"index","follow":"follow","max-snippet":"max-snippet:-1","max-image-preview":"max-image-preview:large","max-video-preview":"max-video-preview:-1"},"canonical":"https:\/\/edm.ch\/de\/ein-lied-fuer-die-bildung\/","og_locale":"de_DE","og_type":"article","og_title":"Kinderrechte - Ein Lied f\u00fcr die Bildung - Enfants du Monde","og_description":"Ein Lied f\u00fcr die Bildung und Kinderrechte: 3800 Kinder und mehrere K\u00fcnstler waren an dem Projekt beteiligt.","og_url":"https:\/\/edm.ch\/de\/ein-lied-fuer-die-bildung\/","og_site_name":"Enfants du monde","article_modified_time":"2023-09-25T09:39:34+00:00","twitter_card":"summary_large_image","schema":{"@context":"https:\/\/schema.org","@graph":[{"@type":"WebPage","@id":"https:\/\/edm.ch\/de\/ein-lied-fuer-die-bildung\/","url":"https:\/\/edm.ch\/de\/ein-lied-fuer-die-bildung\/","name":"Kinderrechte - Ein Lied f\u00fcr die Bildung - Enfants du Monde","isPartOf":{"@id":"https:\/\/edm.ch\/en\/#website"},"datePublished":"2023-08-15T09:26:22+00:00","dateModified":"2023-09-25T09:39:34+00:00","description":"Ein Lied f\u00fcr die Bildung und Kinderrechte: 3800 Kinder und mehrere K\u00fcnstler waren an dem Projekt beteiligt.","inLanguage":"de-DE","potentialAction":[{"@type":"ReadAction","target":["https:\/\/edm.ch\/de\/ein-lied-fuer-die-bildung\/"]}]},{"@type":"WebSite","@id":"https:\/\/edm.ch\/en\/#website","url":"https:\/\/edm.ch\/en\/","name":"Enfants du monde","description":"Association suisse","potentialAction":[{"@type":"SearchAction","target":{"@type":"EntryPoint","urlTemplate":"https:\/\/edm.ch\/en\/?s={search_term_string}"},"query-input":{"@type":"PropertyValueSpecification","valueRequired":true,"valueName":"search_term_string"}}],"inLanguage":"de-DE"}]}},"_links":{"self":[{"href":"https:\/\/edm.ch\/de\/wp-json\/wp\/v2\/pages\/4702","targetHints":{"allow":["GET"]}}],"collection":[{"href":"https:\/\/edm.ch\/de\/wp-json\/wp\/v2\/pages"}],"about":[{"href":"https:\/\/edm.ch\/de\/wp-json\/wp\/v2\/types\/page"}],"author":[{"embeddable":true,"href":"https:\/\/edm.ch\/de\/wp-json\/wp\/v2\/users\/3"}],"replies":[{"embeddable":true,"href":"https:\/\/edm.ch\/de\/wp-json\/wp\/v2\/comments?post=4702"}],"version-history":[{"count":12,"href":"https:\/\/edm.ch\/de\/wp-json\/wp\/v2\/pages\/4702\/revisions"}],"predecessor-version":[{"id":14239,"href":"https:\/\/edm.ch\/de\/wp-json\/wp\/v2\/pages\/4702\/revisions\/14239"}],"wp:attachment":[{"href":"https:\/\/edm.ch\/de\/wp-json\/wp\/v2\/media?parent=4702"}],"curies":[{"name":"wp","href":"https:\/\/api.w.org\/{rel}","templated":true}]}}