{"id":4665,"date":"2023-08-08T08:04:51","date_gmt":"2023-08-08T08:04:51","guid":{"rendered":"https:\/\/edm.ch\/?page_id=4665"},"modified":"2023-10-19T15:23:08","modified_gmt":"2023-10-19T15:23:08","slug":"paedagogisches-material","status":"publish","type":"page","link":"https:\/\/edm.ch\/de\/paedagogisches-material\/","title":{"rendered":"P\u00e4dagogisches Material"},"content":{"rendered":"<section class=\"subpageBanner\" style=\"display:\">\n    <div class=\"subpageBannerBlock figure_block\">\n        <img decoding=\"async\" data-src=\"https:\/\/edm.ch\/wp-content\/uploads\/2023\/08\/Materiel-pedagogique_Banner.png\" src=\"data:image\/svg+xml;base64,PHN2ZyB3aWR0aD0iMSIgaGVpZ2h0PSIxIiB4bWxucz0iaHR0cDovL3d3dy53My5vcmcvMjAwMC9zdmciPjwvc3ZnPg==\" class=\"lazyload\" style=\"--smush-placeholder-width: 2500px; --smush-placeholder-aspect-ratio: 2500\/1080;\" data-srcset=\"https:\/\/edm.ch\/wp-content\/uploads\/2023\/08\/Materiel-pedagogique_Banner.png 2500w, https:\/\/edm.ch\/wp-content\/uploads\/2023\/08\/Materiel-pedagogique_Banner-300x130.png 300w, https:\/\/edm.ch\/wp-content\/uploads\/2023\/08\/Materiel-pedagogique_Banner-1024x442.png 1024w, https:\/\/edm.ch\/wp-content\/uploads\/2023\/08\/Materiel-pedagogique_Banner-768x332.png 768w, https:\/\/edm.ch\/wp-content\/uploads\/2023\/08\/Materiel-pedagogique_Banner-1536x664.png 1536w, https:\/\/edm.ch\/wp-content\/uploads\/2023\/08\/Materiel-pedagogique_Banner-2048x885.png 2048w\" data-sizes=\"auto\" data-original-sizes=\"(max-width: 2500px) 100vw, 2500px\" \/>\n        <div class=\"subpageBannerWrap\">\n            <div class=\"container\">\n                <div class=\"content\">\n                    <div>\n                        <span class=\"bannerHead\"><\/span>\n                        <h1>P\u00e4dagogisches Material<\/h1>\n                    <\/div>\n                                    <\/div>\n            <\/div>\n        <\/div>\n            <\/div>\n<\/section>\n<script type=\"text\/javascript\">\n    jQuery(document).ready(function ($) {\n        \/\/ Check if the block exists\n        var bannerSection = $('#subpage-banner-section');\n\n        if (bannerSection.length > 0) {\n            \/\/ Move the block to the end of <main> just before the footer\n            $('main').append(bannerSection); \/\/ This will append it inside the <main> tag\n        }\n\n        $('.documentAccordion').on('click', function (e) {\n            e.preventDefault();  \/\/ Prevent default link action\n\n            \/\/ Target the section with the given ID\n            $('html, body').animate({\n                scrollTop: $('#subpage-banner-section').offset().top - 200\n            }, 1000);\n        });\n    });\n<\/script>\n\n        <section class=\"contentSec\" style=\"display:\">\n        <div class=\"container\">\n            <div class=\"contentBlock\">\n                <h5>Mittel zur F\u00f6rderung der Kinderrechte in der Klasse<\/h5>\n                <p>Enfants du Monde arbeitet mit zahlreichen Schulen in der Schweiz und auf der ganzen Welt zusammen, um die Kinderrechte in den Klassen zu unterrichten und die breite \u00d6ffentlichkeit auf ihre Bedeutung zu sensibilisieren.<\/p>\n<p>Wir haben eine Reihe von Lehrmitteln &#8211; Dossiers, Arbeitsbl\u00e4tter, Leitf\u00e4den, Hilfsmittel &#8211; entwickelt, die fest in unserem Bildungsansatz verankert sind und es Lehr- und Betreuungsteams erm\u00f6glichen sollen, das Thema Kinderrechte und Bildung f\u00fcr eine nachhaltige Entwicklung in ihren Unterricht und ihre Aktivit\u00e4ten zu integrieren.<\/p>\n<p>Das Unterrichtsmaterial richtet sich an Kinder im Alter von 6 bis 12 Jahren und wird im Zusammenhang mit unseren verschiedenen Projekten in der Schweiz und weltweit entwickelt.<\/p>\n                            <\/div>\n        <\/div>\n    <\/section>\n\n\n    \n    <section class=\"quoteImage rightTextLeftImg \" style=\"display:\">\n        <div class=\"container\">\n            <div class=\"rightTextLeftImgRow\">\n                                    <div class=\"left\">\n                                                    <div class=\"imgBlock\">\n                                <a class=\"figure_block\" href=\"https:\/\/edm.ch\/wp-content\/uploads\/2023\/08\/RS6959_temoignage-UMPJ-dietrich.jpg\" data-fancybox data-caption=\"\">\n                                    <img decoding=\"async\" data-src=\"https:\/\/edm.ch\/wp-content\/uploads\/2023\/08\/RS6959_temoignage-UMPJ-dietrich.jpg\" src=\"data:image\/svg+xml;base64,PHN2ZyB3aWR0aD0iMSIgaGVpZ2h0PSIxIiB4bWxucz0iaHR0cDovL3d3dy53My5vcmcvMjAwMC9zdmciPjwvc3ZnPg==\" class=\"lazyload\" style=\"--smush-placeholder-width: 2500px; --smush-placeholder-aspect-ratio: 2500\/1400;\" data-srcset=\"https:\/\/edm.ch\/wp-content\/uploads\/2023\/08\/RS6959_temoignage-UMPJ-dietrich.jpg 2500w, https:\/\/edm.ch\/wp-content\/uploads\/2023\/08\/RS6959_temoignage-UMPJ-dietrich-300x168.jpg 300w, https:\/\/edm.ch\/wp-content\/uploads\/2023\/08\/RS6959_temoignage-UMPJ-dietrich-1024x573.jpg 1024w, https:\/\/edm.ch\/wp-content\/uploads\/2023\/08\/RS6959_temoignage-UMPJ-dietrich-768x430.jpg 768w, https:\/\/edm.ch\/wp-content\/uploads\/2023\/08\/RS6959_temoignage-UMPJ-dietrich-1536x860.jpg 1536w, https:\/\/edm.ch\/wp-content\/uploads\/2023\/08\/RS6959_temoignage-UMPJ-dietrich-2048x1147.jpg 2048w\" data-sizes=\"auto\" data-original-sizes=\"(max-width: 2500px) 100vw, 2500px\" \/>\n                                                                    <\/a>\n                                <figcaption><\/figcaption>\n                            <\/div>\n                                            <\/div>\n                                                    <div class=\"right\">\n                        <div class=\"content\">\n                            <h2>                                In\u00e8s Dietrich <small>Lehrerin, Schweiz<\/small>\n                            <\/h2>                            <div class=\"quote\">                                <p align=\"left\">Enfants du Monde stellt den Lehrkr\u00e4ften wichtige p\u00e4dagogische Instrumente zur Verf\u00fcgung, die es uns wirklich erm\u00f6glichen, die Sch\u00fclerinnen und Sch\u00fcler bei der Entdeckung der Kinderrechte zu begleiten.<\/p>\n                            <\/div>                                                                                <\/div>\n                    <\/div>\n                            <\/div>\n        <\/div>\n    <\/section>\n\n\n    <section class=\"donation_count\" style=\"display:\">\n        <div class=\"inner_row\">\n            <div class=\"right_img_block\">\n                <div class=\"img_block figure_block\">\n                    <img decoding=\"async\" data-src=\"https:\/\/edm.ch\/wp-content\/uploads\/2023\/08\/RS5765_IMG_6730.jpg\" alt=\"\" src=\"data:image\/svg+xml;base64,PHN2ZyB3aWR0aD0iMSIgaGVpZ2h0PSIxIiB4bWxucz0iaHR0cDovL3d3dy53My5vcmcvMjAwMC9zdmciPjwvc3ZnPg==\" class=\"lazyload\" style=\"--smush-placeholder-width: 2500px; --smush-placeholder-aspect-ratio: 2500\/1667;\" data-srcset=\"https:\/\/edm.ch\/wp-content\/uploads\/2023\/08\/RS5765_IMG_6730.jpg 2500w, https:\/\/edm.ch\/wp-content\/uploads\/2023\/08\/RS5765_IMG_6730-300x200.jpg 300w, https:\/\/edm.ch\/wp-content\/uploads\/2023\/08\/RS5765_IMG_6730-1024x683.jpg 1024w, https:\/\/edm.ch\/wp-content\/uploads\/2023\/08\/RS5765_IMG_6730-768x512.jpg 768w, https:\/\/edm.ch\/wp-content\/uploads\/2023\/08\/RS5765_IMG_6730-1536x1024.jpg 1536w, https:\/\/edm.ch\/wp-content\/uploads\/2023\/08\/RS5765_IMG_6730-2048x1366.jpg 2048w\" data-sizes=\"auto\" data-original-sizes=\"(max-width: 2500px) 100vw, 2500px\">\n                                            <div class=\"picture-caption\">\n                            <div class=\"caption-content\"><span>\u00a9Enfants du monde<\/span><\/div>\n                        <\/div>\n                                    <\/div>\n            <\/div>\n            <div class=\"left_txt_block\">\n                <div class=\"txt_contents\">\n                    <h3>Meine Spende macht einen Unterschied<\/h3>\n                    <div class=\"block_txts\">\n                                                    <div class=\"item\">\n                                <span class=\"title\">Mit 100 Franken <\/span>\n                                <p>Ich trage dazu bei, qualitativ hochwertiges Unterrichtsmaterial zu den Kinderrechten f\u00fcr Sch\u00fclerinnen und Sch\u00fcler in der Schweiz zu entwickeln.<\/p>\n                            <\/div>\n                                                                            <a href=\"https:\/\/don.edm.ch\/de\" class=\"btnWhite buttonDonation\">\n                                Jetzt spenden                            <\/a>\n                                            <\/div>\n                <\/div>\n            <\/div>\n        <\/div>\n    <\/section>","protected":false},"excerpt":{"rendered":"","protected":false},"author":3,"featured_media":0,"parent":0,"menu_order":0,"comment_status":"closed","ping_status":"closed","template":"templates\/yellow-line-2.php","meta":{"_acf_changed":false,"inline_featured_image":false,"footnotes":""},"class_list":["post-4665","page","type-page","status-publish","hentry"],"acf":[],"yoast_head":"<!-- This site is optimized with the Yoast SEO plugin v26.9 - https:\/\/yoast.com\/product\/yoast-seo-wordpress\/ -->\n<title>das Bewusstsein f\u00fcr Kinderrechte sch\u00e4rfen - Enfants du Monde<\/title>\n<meta name=\"description\" content=\"Um das Bewusstsein f\u00fcr die Kinderrechte zu sch\u00e4rfen, erstellen wir qualitativ hochwertiges Unterrichtsmaterial, das wirklich im Leben der Kinder verankert ist.\" \/>\n<meta name=\"robots\" content=\"index, follow, max-snippet:-1, max-image-preview:large, max-video-preview:-1\" \/>\n<link rel=\"canonical\" href=\"https:\/\/edm.ch\/de\/paedagogisches-material\/\" \/>\n<meta property=\"og:locale\" content=\"de_DE\" \/>\n<meta property=\"og:type\" content=\"article\" \/>\n<meta property=\"og:title\" content=\"das Bewusstsein f\u00fcr Kinderrechte sch\u00e4rfen - Enfants du Monde\" \/>\n<meta property=\"og:description\" content=\"Um das Bewusstsein f\u00fcr die Kinderrechte zu sch\u00e4rfen, erstellen wir qualitativ hochwertiges Unterrichtsmaterial, das wirklich im Leben der Kinder verankert ist.\" \/>\n<meta property=\"og:url\" content=\"https:\/\/edm.ch\/de\/paedagogisches-material\/\" \/>\n<meta property=\"og:site_name\" content=\"Enfants du monde\" \/>\n<meta property=\"article:modified_time\" content=\"2023-10-19T15:23:08+00:00\" \/>\n<meta name=\"twitter:card\" content=\"summary_large_image\" \/>\n<script type=\"application\/ld+json\" class=\"yoast-schema-graph\">{\"@context\":\"https:\/\/schema.org\",\"@graph\":[{\"@type\":\"WebPage\",\"@id\":\"https:\/\/edm.ch\/de\/paedagogisches-material\/\",\"url\":\"https:\/\/edm.ch\/de\/paedagogisches-material\/\",\"name\":\"das Bewusstsein f\u00fcr Kinderrechte sch\u00e4rfen - Enfants du Monde\",\"isPartOf\":{\"@id\":\"https:\/\/edm.ch\/en\/#website\"},\"datePublished\":\"2023-08-08T08:04:51+00:00\",\"dateModified\":\"2023-10-19T15:23:08+00:00\",\"description\":\"Um das Bewusstsein f\u00fcr die Kinderrechte zu sch\u00e4rfen, erstellen wir qualitativ hochwertiges Unterrichtsmaterial, das wirklich im Leben der Kinder verankert ist.\",\"inLanguage\":\"de-DE\",\"potentialAction\":[{\"@type\":\"ReadAction\",\"target\":[\"https:\/\/edm.ch\/de\/paedagogisches-material\/\"]}]},{\"@type\":\"WebSite\",\"@id\":\"https:\/\/edm.ch\/en\/#website\",\"url\":\"https:\/\/edm.ch\/en\/\",\"name\":\"Enfants du monde\",\"description\":\"Association suisse\",\"potentialAction\":[{\"@type\":\"SearchAction\",\"target\":{\"@type\":\"EntryPoint\",\"urlTemplate\":\"https:\/\/edm.ch\/en\/?s={search_term_string}\"},\"query-input\":{\"@type\":\"PropertyValueSpecification\",\"valueRequired\":true,\"valueName\":\"search_term_string\"}}],\"inLanguage\":\"de-DE\"}]}<\/script>\n<!-- \/ Yoast SEO plugin. -->","yoast_head_json":{"title":"das Bewusstsein f\u00fcr Kinderrechte sch\u00e4rfen - Enfants du Monde","description":"Um das Bewusstsein f\u00fcr die Kinderrechte zu sch\u00e4rfen, erstellen wir qualitativ hochwertiges Unterrichtsmaterial, das wirklich im Leben der Kinder verankert ist.","robots":{"index":"index","follow":"follow","max-snippet":"max-snippet:-1","max-image-preview":"max-image-preview:large","max-video-preview":"max-video-preview:-1"},"canonical":"https:\/\/edm.ch\/de\/paedagogisches-material\/","og_locale":"de_DE","og_type":"article","og_title":"das Bewusstsein f\u00fcr Kinderrechte sch\u00e4rfen - Enfants du Monde","og_description":"Um das Bewusstsein f\u00fcr die Kinderrechte zu sch\u00e4rfen, erstellen wir qualitativ hochwertiges Unterrichtsmaterial, das wirklich im Leben der Kinder verankert ist.","og_url":"https:\/\/edm.ch\/de\/paedagogisches-material\/","og_site_name":"Enfants du monde","article_modified_time":"2023-10-19T15:23:08+00:00","twitter_card":"summary_large_image","schema":{"@context":"https:\/\/schema.org","@graph":[{"@type":"WebPage","@id":"https:\/\/edm.ch\/de\/paedagogisches-material\/","url":"https:\/\/edm.ch\/de\/paedagogisches-material\/","name":"das Bewusstsein f\u00fcr Kinderrechte sch\u00e4rfen - Enfants du Monde","isPartOf":{"@id":"https:\/\/edm.ch\/en\/#website"},"datePublished":"2023-08-08T08:04:51+00:00","dateModified":"2023-10-19T15:23:08+00:00","description":"Um das Bewusstsein f\u00fcr die Kinderrechte zu sch\u00e4rfen, erstellen wir qualitativ hochwertiges Unterrichtsmaterial, das wirklich im Leben der Kinder verankert ist.","inLanguage":"de-DE","potentialAction":[{"@type":"ReadAction","target":["https:\/\/edm.ch\/de\/paedagogisches-material\/"]}]},{"@type":"WebSite","@id":"https:\/\/edm.ch\/en\/#website","url":"https:\/\/edm.ch\/en\/","name":"Enfants du monde","description":"Association suisse","potentialAction":[{"@type":"SearchAction","target":{"@type":"EntryPoint","urlTemplate":"https:\/\/edm.ch\/en\/?s={search_term_string}"},"query-input":{"@type":"PropertyValueSpecification","valueRequired":true,"valueName":"search_term_string"}}],"inLanguage":"de-DE"}]}},"_links":{"self":[{"href":"https:\/\/edm.ch\/de\/wp-json\/wp\/v2\/pages\/4665","targetHints":{"allow":["GET"]}}],"collection":[{"href":"https:\/\/edm.ch\/de\/wp-json\/wp\/v2\/pages"}],"about":[{"href":"https:\/\/edm.ch\/de\/wp-json\/wp\/v2\/types\/page"}],"author":[{"embeddable":true,"href":"https:\/\/edm.ch\/de\/wp-json\/wp\/v2\/users\/3"}],"replies":[{"embeddable":true,"href":"https:\/\/edm.ch\/de\/wp-json\/wp\/v2\/comments?post=4665"}],"version-history":[{"count":21,"href":"https:\/\/edm.ch\/de\/wp-json\/wp\/v2\/pages\/4665\/revisions"}],"predecessor-version":[{"id":14823,"href":"https:\/\/edm.ch\/de\/wp-json\/wp\/v2\/pages\/4665\/revisions\/14823"}],"wp:attachment":[{"href":"https:\/\/edm.ch\/de\/wp-json\/wp\/v2\/media?parent=4665"}],"curies":[{"name":"wp","href":"https:\/\/api.w.org\/{rel}","templated":true}]}}