{"id":4580,"date":"2023-08-08T10:15:35","date_gmt":"2023-08-08T10:15:35","guid":{"rendered":"https:\/\/edm.ch\/?page_id=4580"},"modified":"2024-09-24T13:07:42","modified_gmt":"2024-09-24T13:07:42","slug":"entwicklung-von-unterrichtsmaterial","status":"publish","type":"page","link":"https:\/\/edm.ch\/de\/entwicklung-von-unterrichtsmaterial\/","title":{"rendered":"Entwicklung von Unterrichtsmaterial"},"content":{"rendered":"<section class=\"subpageBanner\" style=\"display:\">\n    <div class=\"subpageBannerBlock figure_block\">\n        <img decoding=\"async\" data-src=\"https:\/\/edm.ch\/wp-content\/uploads\/2023\/08\/RS7091_IMG_5559.jpg\" src=\"data:image\/svg+xml;base64,PHN2ZyB3aWR0aD0iMSIgaGVpZ2h0PSIxIiB4bWxucz0iaHR0cDovL3d3dy53My5vcmcvMjAwMC9zdmciPjwvc3ZnPg==\" class=\"lazyload\" style=\"--smush-placeholder-width: 2500px; --smush-placeholder-aspect-ratio: 2500\/1147;\" data-srcset=\"https:\/\/edm.ch\/wp-content\/uploads\/2023\/08\/RS7091_IMG_5559.jpg 2500w, https:\/\/edm.ch\/wp-content\/uploads\/2023\/08\/RS7091_IMG_5559-300x138.jpg 300w, https:\/\/edm.ch\/wp-content\/uploads\/2023\/08\/RS7091_IMG_5559-1024x470.jpg 1024w, https:\/\/edm.ch\/wp-content\/uploads\/2023\/08\/RS7091_IMG_5559-768x352.jpg 768w, https:\/\/edm.ch\/wp-content\/uploads\/2023\/08\/RS7091_IMG_5559-1536x705.jpg 1536w, https:\/\/edm.ch\/wp-content\/uploads\/2023\/08\/RS7091_IMG_5559-2048x940.jpg 2048w\" data-sizes=\"auto\" data-original-sizes=\"(max-width: 2500px) 100vw, 2500px\" \/>\n        <div class=\"subpageBannerWrap\">\n            <div class=\"container\">\n                <div class=\"content\">\n                    <div>\n                        <span class=\"bannerHead\"><\/span>\n                        <h1>Entwicklung von Unterrichtsmaterial<\/h1>\n                    <\/div>\n                                    <\/div>\n            <\/div>\n        <\/div>\n            <\/div>\n<\/section>\n<script type=\"text\/javascript\">\n    jQuery(document).ready(function ($) {\n        \/\/ Check if the block exists\n        var bannerSection = $('#subpage-banner-section');\n\n        if (bannerSection.length > 0) {\n            \/\/ Move the block to the end of <main> just before the footer\n            $('main').append(bannerSection); \/\/ This will append it inside the <main> tag\n        }\n\n        $('.documentAccordion').on('click', function (e) {\n            e.preventDefault();  \/\/ Prevent default link action\n\n            \/\/ Target the section with the given ID\n            $('html, body').animate({\n                scrollTop: $('#subpage-banner-section').offset().top - 200\n            }, 1000);\n        });\n    });\n<\/script>\n\n\n    \n    <section class=\"leftTextRightImg \" style=\"display:\">\n        <div class=\"container\">\n            <div class=\"leftTextRightImgRow\">\n                                    <div class=\"right\">\n                                                    <div class=\"imgBlock\">\n                                <a class=\"figure_block\" href=\"https:\/\/edm.ch\/wp-content\/uploads\/2023\/08\/RS6418_ILL_E3104.jpg\" data-fancybox data-caption=\"\">\n                                    <img decoding=\"async\" data-src=\"https:\/\/edm.ch\/wp-content\/uploads\/2023\/08\/RS6418_ILL_E3104.jpg\" src=\"data:image\/svg+xml;base64,PHN2ZyB3aWR0aD0iMSIgaGVpZ2h0PSIxIiB4bWxucz0iaHR0cDovL3d3dy53My5vcmcvMjAwMC9zdmciPjwvc3ZnPg==\" class=\"lazyload\" style=\"--smush-placeholder-width: 1920px; --smush-placeholder-aspect-ratio: 1920\/1440;\" data-srcset=\"https:\/\/edm.ch\/wp-content\/uploads\/2023\/08\/RS6418_ILL_E3104.jpg 1920w, https:\/\/edm.ch\/wp-content\/uploads\/2023\/08\/RS6418_ILL_E3104-300x225.jpg 300w, https:\/\/edm.ch\/wp-content\/uploads\/2023\/08\/RS6418_ILL_E3104-1024x768.jpg 1024w, https:\/\/edm.ch\/wp-content\/uploads\/2023\/08\/RS6418_ILL_E3104-768x576.jpg 768w, https:\/\/edm.ch\/wp-content\/uploads\/2023\/08\/RS6418_ILL_E3104-1536x1152.jpg 1536w\" data-sizes=\"auto\" data-original-sizes=\"(max-width: 1920px) 100vw, 1920px\" \/>\n                                                                    <\/a>\n                                <figcaption><\/figcaption>\n                            <\/div>\n                                            <\/div>\n                                                    <div class=\"left\">\n                        <div class=\"content\">\n                            <h2>                                Leichteres Lernen dank Unterrichtsmaterial, das an die lokale Kultur und Sprache angepasst ist <small><\/small>\n                            <\/h2>                                                            <p align=\"left\">Enfants du Monde<strong> begleitet die Ausbilder*innen vor Ort bei der Entwicklung von Unterrichtsmaterial<\/strong>, das auf die Bed\u00fcrfnisse und Realit\u00e4ten der Bev\u00f6lkerung zugeschnitten ist. Dabei wird der Lehrplan beachtet und auf dem schon vorhandenen Material aufgebaut:<\/p>\n<ul>\n<li>\n<p align=\"left\"><span lang=\"fr-CH\"><strong>Ausbildungsmodule<\/strong> f\u00fcr Ausbilder*innen und Lehrpersonen<\/span><\/p>\n<\/li>\n<li>\n<p align=\"left\"><span lang=\"fr-CH\"><strong>Mehrsprachige didaktische Teile<\/strong> und Leitf\u00e4den f\u00fcr Lehrpersonen<\/span><\/p>\n<\/li>\n<li>\n<p align=\"left\"><span lang=\"fr-CH\"><strong>Mehrsprachige Schul- und M\u00e4rchenb\u00fccher<\/strong> f\u00fcr die Sch\u00fcler*innen<\/span><\/p>\n<\/li>\n<\/ul>\n                                                                                                            <\/div>\n                    <\/div>\n                            <\/div>\n        <\/div>\n    <\/section>\n\n        <section class=\"contentSec\" style=\"display:\">\n        <div class=\"container\">\n            <div class=\"contentBlock\">\n                <h5>Das hebt uns von anderen ab<\/h5>\n                <ul>\n<li><strong>Hervorragende Fachexpertise unserer Spezialist*innen<\/strong><\/li>\n<li><span lang=\"fr-CH\">Mehrsprachiges Unterrichtsmaterial, <strong>das gemeinsam von Enfants du Monde und den lokalen Partner*innen era<\/strong><\/span><strong><span lang=\"fr-CH\">rbeitet wurde<\/span><\/strong><\/li>\n<li><span lang=\"fr-CH\">Bildungsinhalte <strong>mit Bezug zur lokalen Kultur und den Gegebenheiten vor Ort<\/strong>, um die Sch\u00fcler*innen zur Teilnahme zu motivieren, beispielsweise Naturwissenschaftslektionen zum Thema Malaria<\/span><\/li>\n<li><span lang=\"fr-CH\"><strong>F\u00f6rderung der von den Kindern gesprochenen Muttersprachen<\/strong>, um ihnen das Lernen zu erleichtern, beispielsweise durch das Zusammentragen lokaler Erz\u00e4hlungen f\u00fcr die Erstellung von mehrsprachigen Leseb\u00fcchern (Moor\u00e9-Franz\u00f6sisch oder Q\u2019eqchi\u2019-Spanisch-Englisch)<\/span><\/li>\n<\/ul>\n                            <\/div>\n        <\/div>\n    <\/section>\n\n\n    \n    <section class=\"quoteImage rightTextLeftImg \" style=\"display:\">\n        <div class=\"container\">\n            <div class=\"rightTextLeftImgRow\">\n                                    <div class=\"left\">\n                                                    <div class=\"imgBlock\">\n                                <a class=\"figure_block\" href=\"https:\/\/edm.ch\/wp-content\/uploads\/2023\/08\/RS7047_Madame_Belengar.jpg\" data-fancybox data-caption=\"\">\n                                    <img decoding=\"async\" data-src=\"https:\/\/edm.ch\/wp-content\/uploads\/2023\/08\/RS7047_Madame_Belengar.jpg\" src=\"data:image\/svg+xml;base64,PHN2ZyB3aWR0aD0iMSIgaGVpZ2h0PSIxIiB4bWxucz0iaHR0cDovL3d3dy53My5vcmcvMjAwMC9zdmciPjwvc3ZnPg==\" class=\"lazyload\" style=\"--smush-placeholder-width: 1386px; --smush-placeholder-aspect-ratio: 1386\/780;\" data-srcset=\"https:\/\/edm.ch\/wp-content\/uploads\/2023\/08\/RS7047_Madame_Belengar.jpg 1386w, https:\/\/edm.ch\/wp-content\/uploads\/2023\/08\/RS7047_Madame_Belengar-300x169.jpg 300w, https:\/\/edm.ch\/wp-content\/uploads\/2023\/08\/RS7047_Madame_Belengar-1024x576.jpg 1024w, https:\/\/edm.ch\/wp-content\/uploads\/2023\/08\/RS7047_Madame_Belengar-768x432.jpg 768w\" data-sizes=\"auto\" data-original-sizes=\"(max-width: 1386px) 100vw, 1386px\" \/>\n                                                                    <\/a>\n                                <figcaption><\/figcaption>\n                            <\/div>\n                                            <\/div>\n                                                    <div class=\"right\">\n                        <div class=\"content\">\n                            <h2>                                Lucie Belengar <small>Direktion f\u00fcr Alphabetisierung und F\u00f6rderung von nationalen Sprachen im nationalen Ministerium f\u00fcr Bildung und B\u00fcrgerf\u00f6rderung im Tschad<\/small>\n                            <\/h2>                            <div class=\"quote\">                                <p align=\"left\">Durch den Qualit\u00e4tsansatz von Enfants du Monde f\u00fchlen sich die Sch\u00fcler*innen vertraut mit ihrem Schulmaterial, da die behandelten Themen und Bilder aus ihrem Umfeld und ihrem Land stammen.<\/p>\n                            <\/div>                                                                                <\/div>\n                    <\/div>\n                            <\/div>\n        <\/div>\n    <\/section>\n\n\n    <section class=\"activitySec\" style=\"display:\">\n      <div class=\"container\">\n        <div class=\"secTitle\">\n            <h2>Praxis vor Ort<\/h2>\n        <\/div>\n        <div class=\"activityRow\">\n\n            \n                <div class=\"activityCol\">\n                    <div class=\"activityColInner\">\n                        <div class=\"imgBlock\">\n                            <a href=\"https:\/\/edm.ch\/de\/burkina-faso-zweisprachige-bildung\/\">                                <img decoding=\"async\" data-src=\"https:\/\/edm.ch\/wp-content\/uploads\/2023\/08\/RS4118_148A0368.jpg\" alt=\"EMD-img\" src=\"data:image\/svg+xml;base64,PHN2ZyB3aWR0aD0iMSIgaGVpZ2h0PSIxIiB4bWxucz0iaHR0cDovL3d3dy53My5vcmcvMjAwMC9zdmciPjwvc3ZnPg==\" class=\"lazyload\" style=\"--smush-placeholder-width: 2500px; --smush-placeholder-aspect-ratio: 2500\/1667;\" data-srcset=\"https:\/\/edm.ch\/wp-content\/uploads\/2023\/08\/RS4118_148A0368.jpg 2500w, https:\/\/edm.ch\/wp-content\/uploads\/2023\/08\/RS4118_148A0368-300x200.jpg 300w, https:\/\/edm.ch\/wp-content\/uploads\/2023\/08\/RS4118_148A0368-1024x683.jpg 1024w, https:\/\/edm.ch\/wp-content\/uploads\/2023\/08\/RS4118_148A0368-768x512.jpg 768w, https:\/\/edm.ch\/wp-content\/uploads\/2023\/08\/RS4118_148A0368-1536x1024.jpg 1536w, https:\/\/edm.ch\/wp-content\/uploads\/2023\/08\/RS4118_148A0368-2048x1366.jpg 2048w\" data-sizes=\"auto\" data-original-sizes=\"(max-width: 2500px) 100vw, 2500px\" \/>\n                            <\/a>                        <\/div>\n                        <div class=\"contentBlock\">\n                            <h3>Burkina Faso<\/h3>\n                            <p align=\"left\">Unsere NGO stellt Schulb\u00fccher f\u00fcr die Sch\u00fcler*innen und Leitf\u00e4den f\u00fcr die Lehrpersonen zur Verf\u00fcgung, in denen nicht nur die F\u00f6rderung der nachhaltigen Entwicklung und der Kinderrechte thematisiert wird, sondern auch eine Friedenskultur und die Geschlechtergleichheit.<\/p>\n                                                            <a href=\"https:\/\/edm.ch\/de\/burkina-faso-zweisprachige-bildung\/\" class=\"btnWhite\"> Mehr erfahren<\/a>\n                                                    <\/div>\n                    <\/div>\n                <\/div>\n\n            \n                <div class=\"activityCol\">\n                    <div class=\"activityColInner\">\n                        <div class=\"imgBlock\">\n                            <a href=\"https:\/\/edm.ch\/de\/guatemala\/\">                                <img decoding=\"async\" data-src=\"https:\/\/edm.ch\/wp-content\/uploads\/2023\/08\/RS5139_389_Guatemala_Fairpicture_148.jpg\" alt=\"EMD-img\" src=\"data:image\/svg+xml;base64,PHN2ZyB3aWR0aD0iMSIgaGVpZ2h0PSIxIiB4bWxucz0iaHR0cDovL3d3dy53My5vcmcvMjAwMC9zdmciPjwvc3ZnPg==\" class=\"lazyload\" style=\"--smush-placeholder-width: 2500px; --smush-placeholder-aspect-ratio: 2500\/1667;\" data-srcset=\"https:\/\/edm.ch\/wp-content\/uploads\/2023\/08\/RS5139_389_Guatemala_Fairpicture_148.jpg 2500w, https:\/\/edm.ch\/wp-content\/uploads\/2023\/08\/RS5139_389_Guatemala_Fairpicture_148-300x200.jpg 300w, https:\/\/edm.ch\/wp-content\/uploads\/2023\/08\/RS5139_389_Guatemala_Fairpicture_148-1024x683.jpg 1024w, https:\/\/edm.ch\/wp-content\/uploads\/2023\/08\/RS5139_389_Guatemala_Fairpicture_148-768x512.jpg 768w, https:\/\/edm.ch\/wp-content\/uploads\/2023\/08\/RS5139_389_Guatemala_Fairpicture_148-1536x1024.jpg 1536w, https:\/\/edm.ch\/wp-content\/uploads\/2023\/08\/RS5139_389_Guatemala_Fairpicture_148-2048x1366.jpg 2048w\" data-sizes=\"auto\" data-original-sizes=\"(max-width: 2500px) 100vw, 2500px\" \/>\n                            <\/a>                        <\/div>\n                        <div class=\"contentBlock\">\n                            <h3>Guatemala<\/h3>\n                            <p align=\"left\">Zusammen mit unserem lokalen Partner Ciprevica und dem Bildungsministerium von Guatemala erarbeiten wir Schulb\u00fccher f\u00fcr Sch\u00fcler*innen, M\u00e4rchenb\u00fccher und Leitf\u00e4den f\u00fcr Lehrpersonen.<\/p>\n                                                            <a href=\"https:\/\/edm.ch\/de\/guatemala\/\" class=\"btnWhite\">Mehr erfahren<\/a>\n                                                    <\/div>\n                    <\/div>\n                <\/div>\n\n            \n                <div class=\"activityCol\">\n                    <div class=\"activityColInner\">\n                        <div class=\"imgBlock\">\n                            <a href=\"https:\/\/edm.ch\/de\/tschad\/\">                                <img decoding=\"async\" data-src=\"https:\/\/edm.ch\/wp-content\/uploads\/2023\/08\/RS4057_DSC_0883.jpg\" alt=\"EMD-img\" src=\"data:image\/svg+xml;base64,PHN2ZyB3aWR0aD0iMSIgaGVpZ2h0PSIxIiB4bWxucz0iaHR0cDovL3d3dy53My5vcmcvMjAwMC9zdmciPjwvc3ZnPg==\" class=\"lazyload\" style=\"--smush-placeholder-width: 2500px; --smush-placeholder-aspect-ratio: 2500\/1667;\" data-srcset=\"https:\/\/edm.ch\/wp-content\/uploads\/2023\/08\/RS4057_DSC_0883.jpg 2500w, https:\/\/edm.ch\/wp-content\/uploads\/2023\/08\/RS4057_DSC_0883-300x200.jpg 300w, https:\/\/edm.ch\/wp-content\/uploads\/2023\/08\/RS4057_DSC_0883-1024x683.jpg 1024w, https:\/\/edm.ch\/wp-content\/uploads\/2023\/08\/RS4057_DSC_0883-768x512.jpg 768w, https:\/\/edm.ch\/wp-content\/uploads\/2023\/08\/RS4057_DSC_0883-1536x1024.jpg 1536w, https:\/\/edm.ch\/wp-content\/uploads\/2023\/08\/RS4057_DSC_0883-2048x1366.jpg 2048w\" data-sizes=\"auto\" data-original-sizes=\"(max-width: 2500px) 100vw, 2500px\" \/>\n                            <\/a>                        <\/div>\n                        <div class=\"contentBlock\">\n                            <h3>Tchad<\/h3>\n                            <p align=\"left\">Einer der wichtigsten Beitr\u00e4ge von Enfants du Monde ist es, die nationalen Bildungsteams bei der Entwicklung von Unterrichtsmaterial zu unterst\u00fctzen, das den Bed\u00fcrfnissen und Realit\u00e4ten der Bev\u00f6lkerung entspricht. Hierzu werden Themen aus dem Alltag behandelt wie Malaria, Beschneidung von M\u00e4dchen, Zugang zu Trinkwasser, landwirtschaftliche Produktion&#8230;<\/p>\n                                                            <a href=\"https:\/\/edm.ch\/de\/tschad\/\" class=\"btnWhite\">Mehr erfahren<\/a>\n                                                    <\/div>\n                    <\/div>\n                <\/div>\n\n            \n                <div class=\"activityCol\">\n                    <div class=\"activityColInner\">\n                        <div class=\"imgBlock\">\n                            <a href=\"https:\/\/edm.ch\/de\/paedagogisches-material\/\">                                <img decoding=\"async\" data-src=\"https:\/\/edm.ch\/wp-content\/uploads\/2023\/08\/RS5772_Droits_enfants.png\" alt=\"EMD-img\" src=\"data:image\/svg+xml;base64,PHN2ZyB3aWR0aD0iMSIgaGVpZ2h0PSIxIiB4bWxucz0iaHR0cDovL3d3dy53My5vcmcvMjAwMC9zdmciPjwvc3ZnPg==\" class=\"lazyload\" style=\"--smush-placeholder-width: 1920px; --smush-placeholder-aspect-ratio: 1920\/1920;\" data-srcset=\"https:\/\/edm.ch\/wp-content\/uploads\/2023\/08\/RS5772_Droits_enfants.png 1920w, https:\/\/edm.ch\/wp-content\/uploads\/2023\/08\/RS5772_Droits_enfants-300x300.png 300w, https:\/\/edm.ch\/wp-content\/uploads\/2023\/08\/RS5772_Droits_enfants-1024x1024.png 1024w, https:\/\/edm.ch\/wp-content\/uploads\/2023\/08\/RS5772_Droits_enfants-150x150.png 150w, https:\/\/edm.ch\/wp-content\/uploads\/2023\/08\/RS5772_Droits_enfants-768x768.png 768w, https:\/\/edm.ch\/wp-content\/uploads\/2023\/08\/RS5772_Droits_enfants-1536x1536.png 1536w\" data-sizes=\"auto\" data-original-sizes=\"(max-width: 1920px) 100vw, 1920px\" \/>\n                            <\/a>                        <\/div>\n                        <div class=\"contentBlock\">\n                            <h3>Schweiz<\/h3>\n                            <p>In der Schweiz entwickeln wir Handb\u00fccher f\u00fcr Lehrkr\u00e4fte zum Thema Kinderrechte.<\/p>\n                                                            <a href=\"https:\/\/edm.ch\/de\/paedagogisches-material\/\" class=\"btnWhite\">Mehr erfahren<\/a>\n                                                    <\/div>\n                    <\/div>\n                <\/div>\n\n                        \n        <\/div>\n      <\/div>\n    <\/section>\n\n\n    <section class=\"donation_count\" style=\"display:\">\n        <div class=\"inner_row\">\n            <div class=\"right_img_block\">\n                <div class=\"img_block figure_block\">\n                    <img decoding=\"async\" data-src=\"https:\/\/edm.ch\/wp-content\/uploads\/2023\/08\/RS1460_IMG_7005.jpg\" alt=\"\" src=\"data:image\/svg+xml;base64,PHN2ZyB3aWR0aD0iMSIgaGVpZ2h0PSIxIiB4bWxucz0iaHR0cDovL3d3dy53My5vcmcvMjAwMC9zdmciPjwvc3ZnPg==\" class=\"lazyload\" style=\"--smush-placeholder-width: 2500px; --smush-placeholder-aspect-ratio: 2500\/1667;\" data-srcset=\"https:\/\/edm.ch\/wp-content\/uploads\/2023\/08\/RS1460_IMG_7005.jpg 2500w, https:\/\/edm.ch\/wp-content\/uploads\/2023\/08\/RS1460_IMG_7005-300x200.jpg 300w, https:\/\/edm.ch\/wp-content\/uploads\/2023\/08\/RS1460_IMG_7005-1024x683.jpg 1024w, https:\/\/edm.ch\/wp-content\/uploads\/2023\/08\/RS1460_IMG_7005-768x512.jpg 768w, https:\/\/edm.ch\/wp-content\/uploads\/2023\/08\/RS1460_IMG_7005-1536x1024.jpg 1536w, https:\/\/edm.ch\/wp-content\/uploads\/2023\/08\/RS1460_IMG_7005-2048x1366.jpg 2048w\" data-sizes=\"auto\" data-original-sizes=\"(max-width: 2500px) 100vw, 2500px\">\n                                    <\/div>\n            <\/div>\n            <div class=\"left_txt_block\">\n                <div class=\"txt_contents\">\n                    <h3>Meine Spende macht einen Unterschied<\/h3>\n                    <div class=\"block_txts\">\n                                                    <div class=\"item\">\n                                <span class=\"title\">Zum Beispel:<\/span>\n                                <p><\/p>\n                            <\/div>\n                                                    <div class=\"item\">\n                                <span class=\"title\">Mit 100 Franken<\/span>\n                                <p>Finanziere ich 14 Kindern in Burkina Faso ein zweisprachiges Schulbuch in Franz\u00f6sisch und Moor\u00e9.<\/p>\n                            <\/div>\n                                                    <div class=\"item\">\n                                <span class=\"title\">Mit 130 Franken<\/span>\n                                <p>Finanziere ich 433 Sch\u00fcler*innen in Guatemala ein zweisprachiges Schulbuch in Spanisch und einer Maya-Sprache.<\/p>\n                            <\/div>\n                                                                            <a href=\"https:\/\/don.edm.ch\/de\" class=\"btnWhite buttonDonation\">\n                                ICH SPENDE                            <\/a>\n                                            <\/div>\n                <\/div>\n            <\/div>\n        <\/div>\n    <\/section>","protected":false},"excerpt":{"rendered":"","protected":false},"author":3,"featured_media":0,"parent":0,"menu_order":0,"comment_status":"closed","ping_status":"closed","template":"templates\/yellow-line-1.php","meta":{"_acf_changed":false,"inline_featured_image":false,"footnotes":""},"class_list":["post-4580","page","type-page","status-publish","hentry"],"acf":[],"yoast_head":"<!-- This site is optimized with the Yoast SEO plugin v26.9 - https:\/\/yoast.com\/product\/yoast-seo-wordpress\/ -->\n<title>Unterrichtsmaterial - Enfants du Monde<\/title>\n<meta name=\"description\" content=\"Wir entwickeln Unterrichtsmaterialien f\u00fcr Bildung in der Schweiz und in der ganzen Welt. Entdecken Sie unsere Arbeit!\" \/>\n<meta name=\"robots\" content=\"index, follow, max-snippet:-1, max-image-preview:large, max-video-preview:-1\" \/>\n<link rel=\"canonical\" href=\"https:\/\/edm.ch\/de\/entwicklung-von-unterrichtsmaterial\/\" \/>\n<meta property=\"og:locale\" content=\"de_DE\" \/>\n<meta property=\"og:type\" content=\"article\" \/>\n<meta property=\"og:title\" content=\"Unterrichtsmaterial - Enfants du Monde\" \/>\n<meta property=\"og:description\" content=\"Wir entwickeln Unterrichtsmaterialien f\u00fcr Bildung in der Schweiz und in der ganzen Welt. Entdecken Sie unsere Arbeit!\" \/>\n<meta property=\"og:url\" content=\"https:\/\/edm.ch\/de\/entwicklung-von-unterrichtsmaterial\/\" \/>\n<meta property=\"og:site_name\" content=\"Enfants du monde\" \/>\n<meta property=\"article:modified_time\" content=\"2024-09-24T13:07:42+00:00\" \/>\n<meta name=\"twitter:card\" content=\"summary_large_image\" \/>\n<script type=\"application\/ld+json\" class=\"yoast-schema-graph\">{\"@context\":\"https:\/\/schema.org\",\"@graph\":[{\"@type\":\"WebPage\",\"@id\":\"https:\/\/edm.ch\/de\/entwicklung-von-unterrichtsmaterial\/\",\"url\":\"https:\/\/edm.ch\/de\/entwicklung-von-unterrichtsmaterial\/\",\"name\":\"Unterrichtsmaterial - Enfants du Monde\",\"isPartOf\":{\"@id\":\"https:\/\/edm.ch\/en\/#website\"},\"datePublished\":\"2023-08-08T10:15:35+00:00\",\"dateModified\":\"2024-09-24T13:07:42+00:00\",\"description\":\"Wir entwickeln Unterrichtsmaterialien f\u00fcr Bildung in der Schweiz und in der ganzen Welt. Entdecken Sie unsere Arbeit!\",\"inLanguage\":\"de-DE\",\"potentialAction\":[{\"@type\":\"ReadAction\",\"target\":[\"https:\/\/edm.ch\/de\/entwicklung-von-unterrichtsmaterial\/\"]}]},{\"@type\":\"WebSite\",\"@id\":\"https:\/\/edm.ch\/en\/#website\",\"url\":\"https:\/\/edm.ch\/en\/\",\"name\":\"Enfants du monde\",\"description\":\"Association suisse\",\"potentialAction\":[{\"@type\":\"SearchAction\",\"target\":{\"@type\":\"EntryPoint\",\"urlTemplate\":\"https:\/\/edm.ch\/en\/?s={search_term_string}\"},\"query-input\":{\"@type\":\"PropertyValueSpecification\",\"valueRequired\":true,\"valueName\":\"search_term_string\"}}],\"inLanguage\":\"de-DE\"}]}<\/script>\n<!-- \/ Yoast SEO plugin. -->","yoast_head_json":{"title":"Unterrichtsmaterial - Enfants du Monde","description":"Wir entwickeln Unterrichtsmaterialien f\u00fcr Bildung in der Schweiz und in der ganzen Welt. Entdecken Sie unsere Arbeit!","robots":{"index":"index","follow":"follow","max-snippet":"max-snippet:-1","max-image-preview":"max-image-preview:large","max-video-preview":"max-video-preview:-1"},"canonical":"https:\/\/edm.ch\/de\/entwicklung-von-unterrichtsmaterial\/","og_locale":"de_DE","og_type":"article","og_title":"Unterrichtsmaterial - Enfants du Monde","og_description":"Wir entwickeln Unterrichtsmaterialien f\u00fcr Bildung in der Schweiz und in der ganzen Welt. Entdecken Sie unsere Arbeit!","og_url":"https:\/\/edm.ch\/de\/entwicklung-von-unterrichtsmaterial\/","og_site_name":"Enfants du monde","article_modified_time":"2024-09-24T13:07:42+00:00","twitter_card":"summary_large_image","schema":{"@context":"https:\/\/schema.org","@graph":[{"@type":"WebPage","@id":"https:\/\/edm.ch\/de\/entwicklung-von-unterrichtsmaterial\/","url":"https:\/\/edm.ch\/de\/entwicklung-von-unterrichtsmaterial\/","name":"Unterrichtsmaterial - Enfants du Monde","isPartOf":{"@id":"https:\/\/edm.ch\/en\/#website"},"datePublished":"2023-08-08T10:15:35+00:00","dateModified":"2024-09-24T13:07:42+00:00","description":"Wir entwickeln Unterrichtsmaterialien f\u00fcr Bildung in der Schweiz und in der ganzen Welt. Entdecken Sie unsere Arbeit!","inLanguage":"de-DE","potentialAction":[{"@type":"ReadAction","target":["https:\/\/edm.ch\/de\/entwicklung-von-unterrichtsmaterial\/"]}]},{"@type":"WebSite","@id":"https:\/\/edm.ch\/en\/#website","url":"https:\/\/edm.ch\/en\/","name":"Enfants du monde","description":"Association suisse","potentialAction":[{"@type":"SearchAction","target":{"@type":"EntryPoint","urlTemplate":"https:\/\/edm.ch\/en\/?s={search_term_string}"},"query-input":{"@type":"PropertyValueSpecification","valueRequired":true,"valueName":"search_term_string"}}],"inLanguage":"de-DE"}]}},"_links":{"self":[{"href":"https:\/\/edm.ch\/de\/wp-json\/wp\/v2\/pages\/4580","targetHints":{"allow":["GET"]}}],"collection":[{"href":"https:\/\/edm.ch\/de\/wp-json\/wp\/v2\/pages"}],"about":[{"href":"https:\/\/edm.ch\/de\/wp-json\/wp\/v2\/types\/page"}],"author":[{"embeddable":true,"href":"https:\/\/edm.ch\/de\/wp-json\/wp\/v2\/users\/3"}],"replies":[{"embeddable":true,"href":"https:\/\/edm.ch\/de\/wp-json\/wp\/v2\/comments?post=4580"}],"version-history":[{"count":22,"href":"https:\/\/edm.ch\/de\/wp-json\/wp\/v2\/pages\/4580\/revisions"}],"predecessor-version":[{"id":32550,"href":"https:\/\/edm.ch\/de\/wp-json\/wp\/v2\/pages\/4580\/revisions\/32550"}],"wp:attachment":[{"href":"https:\/\/edm.ch\/de\/wp-json\/wp\/v2\/media?parent=4580"}],"curies":[{"name":"wp","href":"https:\/\/api.w.org\/{rel}","templated":true}]}}