{"id":4562,"date":"2023-08-16T07:53:56","date_gmt":"2023-08-16T07:53:56","guid":{"rendered":"https:\/\/edm.ch\/?page_id=4562"},"modified":"2025-11-07T16:10:22","modified_gmt":"2025-11-07T16:10:22","slug":"teams","status":"publish","type":"page","link":"https:\/\/edm.ch\/de\/teams\/","title":{"rendered":"\u00c9quipe au si\u00e8ge en Suisse"},"content":{"rendered":"<section class=\"subpageBanner\" style=\"display:\">\n    <div class=\"subpageBannerBlock figure_block\">\n        <img decoding=\"async\" data-src=\"https:\/\/edm.ch\/wp-content\/uploads\/2023\/08\/enfants_du_monde_website_image_-photo_de_groupe.png\" src=\"data:image\/svg+xml;base64,PHN2ZyB3aWR0aD0iMSIgaGVpZ2h0PSIxIiB4bWxucz0iaHR0cDovL3d3dy53My5vcmcvMjAwMC9zdmciPjwvc3ZnPg==\" class=\"lazyload\" style=\"--smush-placeholder-width: 2500px; --smush-placeholder-aspect-ratio: 2500\/800;\" data-srcset=\"https:\/\/edm.ch\/wp-content\/uploads\/2023\/08\/enfants_du_monde_website_image_-photo_de_groupe.png 2500w, https:\/\/edm.ch\/wp-content\/uploads\/2023\/08\/enfants_du_monde_website_image_-photo_de_groupe-300x96.png 300w, https:\/\/edm.ch\/wp-content\/uploads\/2023\/08\/enfants_du_monde_website_image_-photo_de_groupe-1024x328.png 1024w, https:\/\/edm.ch\/wp-content\/uploads\/2023\/08\/enfants_du_monde_website_image_-photo_de_groupe-768x246.png 768w, https:\/\/edm.ch\/wp-content\/uploads\/2023\/08\/enfants_du_monde_website_image_-photo_de_groupe-1536x492.png 1536w, https:\/\/edm.ch\/wp-content\/uploads\/2023\/08\/enfants_du_monde_website_image_-photo_de_groupe-2048x655.png 2048w\" data-sizes=\"auto\" data-original-sizes=\"(max-width: 2500px) 100vw, 2500px\" \/>\n        <div class=\"subpageBannerWrap\">\n            <div class=\"container\">\n                <div class=\"content\">\n                    <div>\n                        <span class=\"bannerHead\"><\/span>\n                        <h1>Das Team<\/h1>\n                    <\/div>\n                                    <\/div>\n            <\/div>\n        <\/div>\n            <\/div>\n<\/section>\n<script type=\"text\/javascript\">\n    jQuery(document).ready(function ($) {\n        \/\/ Check if the block exists\n        var bannerSection = $('#subpage-banner-section');\n\n        if (bannerSection.length > 0) {\n            \/\/ Move the block to the end of <main> just before the footer\n            $('main').append(bannerSection); \/\/ This will append it inside the <main> tag\n        }\n\n        $('.documentAccordion').on('click', function (e) {\n            e.preventDefault();  \/\/ Prevent default link action\n\n            \/\/ Target the section with the given ID\n            $('html, body').animate({\n                scrollTop: $('#subpage-banner-section').offset().top - 200\n            }, 1000);\n        });\n    });\n<\/script>\n\n        <section class=\"contentSec\" style=\"display:\">\n        <div class=\"container\">\n            <div class=\"contentBlock\">\n                <h5><\/h5>\n                <h2>Spezialisten mit unterschiedlichen Kompetenzen und Fachkenntnissen<\/h2>\n<p>Der Sitz unserer NGO Enfants du Monde befindet sich in Genf und beherbergt ein Team, das aus rund 20 Personen besteht. Das Sekretariat, das vom <a href=\"https:\/\/edm.ch\/de\/vorstand\/\">Vorstand<\/a> <!-- https:\/\/www.edm.ch\/de\/hilfsorganisation\/organisation\/vorstand -->beaufsichtigt wird, arbeitet eng mit den <a href=\"https:\/\/edm.ch\/de\/teams-in-der-welt\/\">Regionalb\u00fcros<\/a> <!-- https:\/\/www.edm.ch\/de\/hilfsorganisation\/organisation\/koordinationsbueros -->und den lokalen Partnern<!-- https:\/\/www.edm.ch\/de\/hilfsorganisation\/partner --> zusammen.<\/p>\n<p>Um ihre Projekte erfolgreich umzusetzen, kann unsere Schweizer NGO auf das Fachwissen ihrer Mitarbeiterinnen und Mitarbeiter z\u00e4hlen, die gut ausgebildete Spezialisten in den Bereichen Bildung und Gesundheit sowie im Management der Programme sind. Sie stellen ihre Erfahrungen und ihr Fachwissen in den Dienst der Regierungen und lokalen Partnern, um zur nachhaltigen Entwicklung unserer Einsatzl\u00e4nder beizutragen.<\/p>\n<p>Die F\u00e4higkeiten anderer Kollegen in den Bereichen Management, Fundraising, Kommunikation und IT in unserem Team sind ebenfalls wertvoll. Sie sind unerl\u00e4sslich f\u00fcr das reibungslose Funktionieren und sie st\u00e4rken unserer NGO, ihrer humanit\u00e4ren Mission und ihren Werten den R\u00fccken.<\/p>\n<p><a href=\"https:\/\/edm.ch\/de\/stellenangebote\/\">Unsere Stellenangebote<\/a><\/p>\n                            <\/div>\n        <\/div>\n    <\/section>\n\n\n\n<section class=\"team-listing-block\">\n      <div class=\"team-filter-sec\">\n      <div class=\"container\">\n        <ul class=\"filter-list-teams\">\n          <input type=\"hidden\" class=\"allCatName\" value='[&quot;sekretariat&quot;,&quot;comite-de&quot;,&quot;direction-de&quot;,&quot;education-de&quot;,&quot;sante-de&quot;,&quot;bangladesh-de&quot;,&quot;burkina-faso-de&quot;,&quot;guatemala-de&quot;,&quot;suisse-de&quot;,&quot;tchad-de&quot;]'>              <li class=\"active\"                data-attr=\"sekretariat\">Sekretariat<\/li>\n                            <li                 data-attr=\"comite-de\">Vorstand<\/li>\n                            <li                 data-attr=\"direction-de\">F\u00fchrung<\/li>\n                            <li                 data-attr=\"education-de\">Bildung<\/li>\n                            <li                 data-attr=\"sante-de\">Gesundheit<\/li>\n                            <li                 data-attr=\"bangladesh-de\">Bangladesch<\/li>\n                            <li                 data-attr=\"burkina-faso-de\">Burkina Faso<\/li>\n                            <li                 data-attr=\"guatemala-de\">Guatemala<\/li>\n                            <li                 data-attr=\"suisse-de\">Schweiz<\/li>\n                            <li                 data-attr=\"tchad-de\">Tschad<\/li>\n                      <\/ul>\n      <\/div>\n    <\/div>\n    <!-- team filter sec end -->\n\n    <input type=\"hidden\" class=\"orderType\" value=\"\">\n  <input type=\"hidden\" class=\"showcatName\" value=\"\">\n  <div class=\"teamSec\">\n\n    <div class=\"container teamBlockResult\">\n\n    <\/div>\n\n  <\/div>\n<\/section>\n\n        <section class=\"contentSec\" style=\"display:\">\n        <div class=\"container\">\n            <div class=\"contentBlock\">\n                <h5><\/h5>\n                <h2><a name=\"benevoles\"><\/a>Freiwilligen<\/h2>\n<p>Unsere Schweizer NGO kann sich gl\u00fccklich sch\u00e4tzen, auf das Engagement von grossz\u00fcgigen Menschen z\u00e4hlen zu k\u00f6nnen, die ihre Zeit und ihre F\u00e4higkeiten f\u00fcr unsere Organisation zur Verf\u00fcgung stellen. Wir danken unseren Freiwilligen herzlich f\u00fcr ihre wertvolle Unterst\u00fctzung!<\/p>\n<p>&nbsp;<\/p>\n<h5><a href=\"https:\/\/www.edm.ch\/de\/kontakt\">Kontaktieren Sie uns, um Freiwilliger zu werden <\/a><\/h5>\n                            <\/div>\n        <\/div>\n    <\/section>\n\n\n    \n    <section class=\"quoteImage rightTextLeftImg \" style=\"display:\">\n        <div class=\"container\">\n            <div class=\"rightTextLeftImgRow\">\n                                    <div class=\"left\">\n                                                    <div class=\"imgBlock\">\n                                <a class=\"figure_block\" href=\"https:\/\/edm.ch\/wp-content\/uploads\/2023\/08\/5.png\" data-fancybox data-caption=\"\">\n                                    <img decoding=\"async\" data-src=\"https:\/\/edm.ch\/wp-content\/uploads\/2023\/08\/5.png\" src=\"data:image\/svg+xml;base64,PHN2ZyB3aWR0aD0iMSIgaGVpZ2h0PSIxIiB4bWxucz0iaHR0cDovL3d3dy53My5vcmcvMjAwMC9zdmciPjwvc3ZnPg==\" class=\"lazyload\" style=\"--smush-placeholder-width: 560px; --smush-placeholder-aspect-ratio: 560\/560;\" data-srcset=\"https:\/\/edm.ch\/wp-content\/uploads\/2023\/08\/5.png 560w, https:\/\/edm.ch\/wp-content\/uploads\/2023\/08\/5-300x300.png 300w, https:\/\/edm.ch\/wp-content\/uploads\/2023\/08\/5-150x150.png 150w\" data-sizes=\"auto\" data-original-sizes=\"(max-width: 560px) 100vw, 560px\" \/>\n                                                                    <\/a>\n                                <figcaption><\/figcaption>\n                            <\/div>\n                                            <\/div>\n                                                    <div class=\"right\">\n                        <div class=\"content\">\n                            <h2>                                Helene Kubasky <small>freiwwilge \u00dcbersetzerin, Schweiz<\/small>\n                            <\/h2>                            <div class=\"quote\">                                <p><em>Enfants du Monde f\u00fchrt Projekte durch, die ich inspirierend finde. Deshalb wollte ich einen Beitrag dazu leisten, indem ich als freiwillige \u00dcbersetzerin mithelfe. Es scheint mir wesentlich, dass jede schwangere Frau und jedes Kind, welche die Zukunft unserer Gesellschaften verk\u00f6rpern, Zugang zu einer guten medizinischen Versorgung und einer qualitativ hochwertigen Bildung haben.<\/em><\/p>\n                            <\/div>                                                                                <\/div>\n                    <\/div>\n                            <\/div>\n        <\/div>\n    <\/section>\n\n        <section class=\"contentSec\" style=\"display:\">\n        <div class=\"container\">\n            <div class=\"contentBlock\">\n                <h5><\/h5>\n                <p><em>Wir bedanken uns auch herzlich bei unseren anderen Freiwilligen, die nicht auf dieser Seite erscheinen wollten.<\/em><\/p>\n                            <\/div>\n        <\/div>\n    <\/section>","protected":false},"excerpt":{"rendered":"","protected":false},"author":3,"featured_media":3699,"parent":0,"menu_order":0,"comment_status":"closed","ping_status":"closed","template":"templates\/yellow-line-1.php","meta":{"_acf_changed":false,"inline_featured_image":false,"footnotes":""},"class_list":["post-4562","page","type-page","status-publish","has-post-thumbnail","hentry"],"acf":[],"yoast_head":"<!-- This site is optimized with the Yoast SEO plugin v26.9 - https:\/\/yoast.com\/product\/yoast-seo-wordpress\/ -->\n<title>Das Team in der Schweiz - Enfants du Monde<\/title>\n<meta name=\"description\" content=\"Lernen Sie das Team unserer NGO Enfants du Monde Suisse kennen. Von Genf aus arbeitet sie mit regionalen B\u00fcros und lokalen Partnern zusammen.\" \/>\n<meta name=\"robots\" content=\"index, follow, max-snippet:-1, max-image-preview:large, max-video-preview:-1\" \/>\n<link rel=\"canonical\" href=\"https:\/\/edm.ch\/de\/teams\/\" \/>\n<meta property=\"og:locale\" content=\"de_DE\" \/>\n<meta property=\"og:type\" content=\"article\" \/>\n<meta property=\"og:title\" content=\"Das Team in der Schweiz - Enfants du Monde\" \/>\n<meta property=\"og:description\" content=\"Lernen Sie das Team unserer NGO Enfants du Monde Suisse kennen. Von Genf aus arbeitet sie mit regionalen B\u00fcros und lokalen Partnern zusammen.\" \/>\n<meta property=\"og:url\" content=\"https:\/\/edm.ch\/de\/teams\/\" \/>\n<meta property=\"og:site_name\" content=\"Enfants du monde\" \/>\n<meta property=\"article:modified_time\" content=\"2025-11-07T16:10:22+00:00\" \/>\n<meta property=\"og:image\" content=\"https:\/\/edm.ch\/wp-content\/uploads\/2023\/08\/Equipe_1920_RS6943-1024x1024.png\" \/>\n\t<meta property=\"og:image:width\" content=\"1024\" \/>\n\t<meta property=\"og:image:height\" content=\"1024\" \/>\n\t<meta property=\"og:image:type\" content=\"image\/png\" \/>\n<meta name=\"twitter:card\" content=\"summary_large_image\" \/>\n<meta name=\"twitter:label1\" content=\"Est. reading time\" \/>\n\t<meta name=\"twitter:data1\" content=\"1 Minute\" \/>\n<script type=\"application\/ld+json\" class=\"yoast-schema-graph\">{\"@context\":\"https:\/\/schema.org\",\"@graph\":[{\"@type\":\"WebPage\",\"@id\":\"https:\/\/edm.ch\/de\/teams\/\",\"url\":\"https:\/\/edm.ch\/de\/teams\/\",\"name\":\"Das Team in der Schweiz - Enfants du Monde\",\"isPartOf\":{\"@id\":\"https:\/\/edm.ch\/en\/#website\"},\"primaryImageOfPage\":{\"@id\":\"https:\/\/edm.ch\/de\/teams\/#primaryimage\"},\"image\":{\"@id\":\"https:\/\/edm.ch\/de\/teams\/#primaryimage\"},\"thumbnailUrl\":\"https:\/\/edm.ch\/wp-content\/uploads\/2023\/08\/Equipe_1920_RS6943.png\",\"datePublished\":\"2023-08-16T07:53:56+00:00\",\"dateModified\":\"2025-11-07T16:10:22+00:00\",\"description\":\"Lernen Sie das Team unserer NGO Enfants du Monde Suisse kennen. Von Genf aus arbeitet sie mit regionalen B\u00fcros und lokalen Partnern zusammen.\",\"inLanguage\":\"de-DE\",\"potentialAction\":[{\"@type\":\"ReadAction\",\"target\":[\"https:\/\/edm.ch\/de\/teams\/\"]}]},{\"@type\":\"ImageObject\",\"inLanguage\":\"de-DE\",\"@id\":\"https:\/\/edm.ch\/de\/teams\/#primaryimage\",\"url\":\"https:\/\/edm.ch\/wp-content\/uploads\/2023\/08\/Equipe_1920_RS6943.png\",\"contentUrl\":\"https:\/\/edm.ch\/wp-content\/uploads\/2023\/08\/Equipe_1920_RS6943.png\",\"width\":1920,\"height\":1920,\"caption\":\"\u00a9 Enfants du Monde\"},{\"@type\":\"WebSite\",\"@id\":\"https:\/\/edm.ch\/en\/#website\",\"url\":\"https:\/\/edm.ch\/en\/\",\"name\":\"Enfants du monde\",\"description\":\"Association suisse\",\"potentialAction\":[{\"@type\":\"SearchAction\",\"target\":{\"@type\":\"EntryPoint\",\"urlTemplate\":\"https:\/\/edm.ch\/en\/?s={search_term_string}\"},\"query-input\":{\"@type\":\"PropertyValueSpecification\",\"valueRequired\":true,\"valueName\":\"search_term_string\"}}],\"inLanguage\":\"de-DE\"}]}<\/script>\n<!-- \/ Yoast SEO plugin. -->","yoast_head_json":{"title":"Das Team in der Schweiz - Enfants du Monde","description":"Lernen Sie das Team unserer NGO Enfants du Monde Suisse kennen. Von Genf aus arbeitet sie mit regionalen B\u00fcros und lokalen Partnern zusammen.","robots":{"index":"index","follow":"follow","max-snippet":"max-snippet:-1","max-image-preview":"max-image-preview:large","max-video-preview":"max-video-preview:-1"},"canonical":"https:\/\/edm.ch\/de\/teams\/","og_locale":"de_DE","og_type":"article","og_title":"Das Team in der Schweiz - Enfants du Monde","og_description":"Lernen Sie das Team unserer NGO Enfants du Monde Suisse kennen. Von Genf aus arbeitet sie mit regionalen B\u00fcros und lokalen Partnern zusammen.","og_url":"https:\/\/edm.ch\/de\/teams\/","og_site_name":"Enfants du monde","article_modified_time":"2025-11-07T16:10:22+00:00","og_image":[{"width":1024,"height":1024,"url":"https:\/\/edm.ch\/wp-content\/uploads\/2023\/08\/Equipe_1920_RS6943-1024x1024.png","type":"image\/png"}],"twitter_card":"summary_large_image","twitter_misc":{"Est. reading time":"1 Minute"},"schema":{"@context":"https:\/\/schema.org","@graph":[{"@type":"WebPage","@id":"https:\/\/edm.ch\/de\/teams\/","url":"https:\/\/edm.ch\/de\/teams\/","name":"Das Team in der Schweiz - Enfants du Monde","isPartOf":{"@id":"https:\/\/edm.ch\/en\/#website"},"primaryImageOfPage":{"@id":"https:\/\/edm.ch\/de\/teams\/#primaryimage"},"image":{"@id":"https:\/\/edm.ch\/de\/teams\/#primaryimage"},"thumbnailUrl":"https:\/\/edm.ch\/wp-content\/uploads\/2023\/08\/Equipe_1920_RS6943.png","datePublished":"2023-08-16T07:53:56+00:00","dateModified":"2025-11-07T16:10:22+00:00","description":"Lernen Sie das Team unserer NGO Enfants du Monde Suisse kennen. Von Genf aus arbeitet sie mit regionalen B\u00fcros und lokalen Partnern zusammen.","inLanguage":"de-DE","potentialAction":[{"@type":"ReadAction","target":["https:\/\/edm.ch\/de\/teams\/"]}]},{"@type":"ImageObject","inLanguage":"de-DE","@id":"https:\/\/edm.ch\/de\/teams\/#primaryimage","url":"https:\/\/edm.ch\/wp-content\/uploads\/2023\/08\/Equipe_1920_RS6943.png","contentUrl":"https:\/\/edm.ch\/wp-content\/uploads\/2023\/08\/Equipe_1920_RS6943.png","width":1920,"height":1920,"caption":"\u00a9 Enfants du Monde"},{"@type":"WebSite","@id":"https:\/\/edm.ch\/en\/#website","url":"https:\/\/edm.ch\/en\/","name":"Enfants du monde","description":"Association suisse","potentialAction":[{"@type":"SearchAction","target":{"@type":"EntryPoint","urlTemplate":"https:\/\/edm.ch\/en\/?s={search_term_string}"},"query-input":{"@type":"PropertyValueSpecification","valueRequired":true,"valueName":"search_term_string"}}],"inLanguage":"de-DE"}]}},"_links":{"self":[{"href":"https:\/\/edm.ch\/de\/wp-json\/wp\/v2\/pages\/4562","targetHints":{"allow":["GET"]}}],"collection":[{"href":"https:\/\/edm.ch\/de\/wp-json\/wp\/v2\/pages"}],"about":[{"href":"https:\/\/edm.ch\/de\/wp-json\/wp\/v2\/types\/page"}],"author":[{"embeddable":true,"href":"https:\/\/edm.ch\/de\/wp-json\/wp\/v2\/users\/3"}],"replies":[{"embeddable":true,"href":"https:\/\/edm.ch\/de\/wp-json\/wp\/v2\/comments?post=4562"}],"version-history":[{"count":36,"href":"https:\/\/edm.ch\/de\/wp-json\/wp\/v2\/pages\/4562\/revisions"}],"predecessor-version":[{"id":37912,"href":"https:\/\/edm.ch\/de\/wp-json\/wp\/v2\/pages\/4562\/revisions\/37912"}],"wp:featuredmedia":[{"embeddable":true,"href":"https:\/\/edm.ch\/de\/wp-json\/wp\/v2\/media\/3699"}],"wp:attachment":[{"href":"https:\/\/edm.ch\/de\/wp-json\/wp\/v2\/media?parent=4562"}],"curies":[{"name":"wp","href":"https:\/\/api.w.org\/{rel}","templated":true}]}}