{"id":4535,"date":"2023-08-07T09:32:12","date_gmt":"2023-08-07T09:32:12","guid":{"rendered":"https:\/\/edm.ch\/?page_id=4535"},"modified":"2023-11-27T15:55:14","modified_gmt":"2023-11-27T15:55:14","slug":"stellenangebote","status":"publish","type":"page","link":"https:\/\/edm.ch\/de\/stellenangebote\/","title":{"rendered":"Stellenangebote"},"content":{"rendered":"<section class=\"subpageBanner\" style=\"display:\">\n    <div class=\"subpageBannerBlock figure_block\">\n        <img decoding=\"async\" data-src=\"https:\/\/edm.ch\/wp-content\/uploads\/2023\/08\/enfants_du_monde_website_.png\" src=\"data:image\/svg+xml;base64,PHN2ZyB3aWR0aD0iMSIgaGVpZ2h0PSIxIiB4bWxucz0iaHR0cDovL3d3dy53My5vcmcvMjAwMC9zdmciPjwvc3ZnPg==\" class=\"lazyload\" style=\"--smush-placeholder-width: 2500px; --smush-placeholder-aspect-ratio: 2500\/800;\" data-srcset=\"https:\/\/edm.ch\/wp-content\/uploads\/2023\/08\/enfants_du_monde_website_.png 2500w, https:\/\/edm.ch\/wp-content\/uploads\/2023\/08\/enfants_du_monde_website_-300x96.png 300w, https:\/\/edm.ch\/wp-content\/uploads\/2023\/08\/enfants_du_monde_website_-1024x328.png 1024w, https:\/\/edm.ch\/wp-content\/uploads\/2023\/08\/enfants_du_monde_website_-768x246.png 768w, https:\/\/edm.ch\/wp-content\/uploads\/2023\/08\/enfants_du_monde_website_-1536x492.png 1536w, https:\/\/edm.ch\/wp-content\/uploads\/2023\/08\/enfants_du_monde_website_-2048x655.png 2048w\" data-sizes=\"auto\" data-original-sizes=\"(max-width: 2500px) 100vw, 2500px\" \/>\n        <div class=\"subpageBannerWrap\">\n            <div class=\"container\">\n                <div class=\"content\">\n                    <div>\n                        <span class=\"bannerHead\"><\/span>\n                        <h1>Stellenangebote, Praktika, Freiwilligenarbeit<\/h1>\n                    <\/div>\n                                    <\/div>\n            <\/div>\n        <\/div>\n            <\/div>\n<\/section>\n<script type=\"text\/javascript\">\n    jQuery(document).ready(function ($) {\n        \/\/ Check if the block exists\n        var bannerSection = $('#subpage-banner-section');\n\n        if (bannerSection.length > 0) {\n            \/\/ Move the block to the end of <main> just before the footer\n            $('main').append(bannerSection); \/\/ This will append it inside the <main> tag\n        }\n\n        $('.documentAccordion').on('click', function (e) {\n            e.preventDefault();  \/\/ Prevent default link action\n\n            \/\/ Target the section with the given ID\n            $('html, body').animate({\n                scrollTop: $('#subpage-banner-section').offset().top - 200\n            }, 1000);\n        });\n    });\n<\/script>\n\n        <section class=\"contentSec\" style=\"display:\">\n        <div class=\"container\">\n            <div class=\"contentBlock\">\n                <h5>F\u00fcr Enfants du Monde arbeiten<\/h5>\n                <p><span style=\"color: #000000;\">Hast du Lust, unserem Team beizut<\/span>reten und dazu beizutragen, die Gesundheit und die Bildung der \u00c4rmsten zu verbessern? Aktuelle Stellenangebote finden Sie <a href=\"https:\/\/edm.ch\/fr\/emploi\/\"> der Seite Franz\u00f6sische Stellen<\/a>.<\/p>\n                            <\/div>\n        <\/div>\n    <\/section>\n\n        <section class=\" tableContentSec\" style=\"display:\">\n      <div class=\"container\">\n        <div class=\"sectionTable\">\n          <table>\n            <tbody>\n                                          <\/tbody>\n          <\/table>\n        <\/div>\n      <\/div>\n    <\/section>\n\n        <section class=\"contentSec\" style=\"display:\">\n        <div class=\"container\">\n            <div class=\"contentBlock\">\n                <h5><\/h5>\n                <h2>Wichtige Informationen:<\/h2>\n<p><strong>Enfants du Monde beauftragt niemals externe Agenturen mit der Rekrutierung und ver\u00f6ffentlicht seine Stellenangebote immer auf dieser Seite.<\/strong><\/p>\n<p>Enfants du Monde besch\u00e4ftigt keine Au\u00dfendienstmitarbeiter, au\u00dfer im Rahmen seiner Koordinationsb\u00fcros. Diese Positionen werden auch auf unserer Website ver\u00f6ffentlicht.<\/p>\n<p>Enfants du Monde wird im Rahmen seiner Anwerbung niemals Steuern, Geb\u00fchren oder Verg\u00fctungen verlangen. Dar\u00fcber hinaus werden keine Bank- oder Finanzdaten von den Kandidaten abgefragt.<\/p>\n<p>Diese Regeln sind streng und entsprechen einer Ethik, von der die Organisation nicht abweichen wird.<\/p>\n                            <\/div>\n        <\/div>\n    <\/section>","protected":false},"excerpt":{"rendered":"","protected":false},"author":3,"featured_media":0,"parent":0,"menu_order":0,"comment_status":"closed","ping_status":"closed","template":"templates\/yellow-line-6.php","meta":{"_acf_changed":false,"inline_featured_image":false,"footnotes":""},"class_list":["post-4535","page","type-page","status-publish","hentry"],"acf":[],"yoast_head":"<!-- This site is optimized with the Yoast SEO plugin v26.9 - https:\/\/yoast.com\/product\/yoast-seo-wordpress\/ -->\n<title>Stellenangebote - Enfants du Monde<\/title>\n<meta name=\"description\" content=\"Informieren Sie sich \u00fcber unsere Stellenangebote und setzen Sie sich f\u00fcr benachteiligte Kinder und M\u00fctter ein.\" \/>\n<meta name=\"robots\" content=\"index, follow, max-snippet:-1, max-image-preview:large, max-video-preview:-1\" \/>\n<link rel=\"canonical\" href=\"https:\/\/edm.ch\/de\/stellenangebote\/\" \/>\n<meta property=\"og:locale\" content=\"de_DE\" \/>\n<meta property=\"og:type\" content=\"article\" \/>\n<meta property=\"og:title\" content=\"Stellenangebote - Enfants du Monde\" \/>\n<meta property=\"og:description\" content=\"Informieren Sie sich \u00fcber unsere Stellenangebote und setzen Sie sich f\u00fcr benachteiligte Kinder und M\u00fctter ein.\" \/>\n<meta property=\"og:url\" content=\"https:\/\/edm.ch\/de\/stellenangebote\/\" \/>\n<meta property=\"og:site_name\" content=\"Enfants du monde\" \/>\n<meta property=\"article:modified_time\" content=\"2023-11-27T15:55:14+00:00\" \/>\n<meta name=\"twitter:card\" content=\"summary_large_image\" \/>\n<script type=\"application\/ld+json\" class=\"yoast-schema-graph\">{\"@context\":\"https:\/\/schema.org\",\"@graph\":[{\"@type\":\"WebPage\",\"@id\":\"https:\/\/edm.ch\/de\/stellenangebote\/\",\"url\":\"https:\/\/edm.ch\/de\/stellenangebote\/\",\"name\":\"Stellenangebote - Enfants du Monde\",\"isPartOf\":{\"@id\":\"https:\/\/edm.ch\/en\/#website\"},\"datePublished\":\"2023-08-07T09:32:12+00:00\",\"dateModified\":\"2023-11-27T15:55:14+00:00\",\"description\":\"Informieren Sie sich \u00fcber unsere Stellenangebote und setzen Sie sich f\u00fcr benachteiligte Kinder und M\u00fctter ein.\",\"inLanguage\":\"de-DE\",\"potentialAction\":[{\"@type\":\"ReadAction\",\"target\":[\"https:\/\/edm.ch\/de\/stellenangebote\/\"]}]},{\"@type\":\"WebSite\",\"@id\":\"https:\/\/edm.ch\/en\/#website\",\"url\":\"https:\/\/edm.ch\/en\/\",\"name\":\"Enfants du monde\",\"description\":\"Association suisse\",\"potentialAction\":[{\"@type\":\"SearchAction\",\"target\":{\"@type\":\"EntryPoint\",\"urlTemplate\":\"https:\/\/edm.ch\/en\/?s={search_term_string}\"},\"query-input\":{\"@type\":\"PropertyValueSpecification\",\"valueRequired\":true,\"valueName\":\"search_term_string\"}}],\"inLanguage\":\"de-DE\"}]}<\/script>\n<!-- \/ Yoast SEO plugin. -->","yoast_head_json":{"title":"Stellenangebote - Enfants du Monde","description":"Informieren Sie sich \u00fcber unsere Stellenangebote und setzen Sie sich f\u00fcr benachteiligte Kinder und M\u00fctter ein.","robots":{"index":"index","follow":"follow","max-snippet":"max-snippet:-1","max-image-preview":"max-image-preview:large","max-video-preview":"max-video-preview:-1"},"canonical":"https:\/\/edm.ch\/de\/stellenangebote\/","og_locale":"de_DE","og_type":"article","og_title":"Stellenangebote - Enfants du Monde","og_description":"Informieren Sie sich \u00fcber unsere Stellenangebote und setzen Sie sich f\u00fcr benachteiligte Kinder und M\u00fctter ein.","og_url":"https:\/\/edm.ch\/de\/stellenangebote\/","og_site_name":"Enfants du monde","article_modified_time":"2023-11-27T15:55:14+00:00","twitter_card":"summary_large_image","schema":{"@context":"https:\/\/schema.org","@graph":[{"@type":"WebPage","@id":"https:\/\/edm.ch\/de\/stellenangebote\/","url":"https:\/\/edm.ch\/de\/stellenangebote\/","name":"Stellenangebote - Enfants du Monde","isPartOf":{"@id":"https:\/\/edm.ch\/en\/#website"},"datePublished":"2023-08-07T09:32:12+00:00","dateModified":"2023-11-27T15:55:14+00:00","description":"Informieren Sie sich \u00fcber unsere Stellenangebote und setzen Sie sich f\u00fcr benachteiligte Kinder und M\u00fctter ein.","inLanguage":"de-DE","potentialAction":[{"@type":"ReadAction","target":["https:\/\/edm.ch\/de\/stellenangebote\/"]}]},{"@type":"WebSite","@id":"https:\/\/edm.ch\/en\/#website","url":"https:\/\/edm.ch\/en\/","name":"Enfants du monde","description":"Association suisse","potentialAction":[{"@type":"SearchAction","target":{"@type":"EntryPoint","urlTemplate":"https:\/\/edm.ch\/en\/?s={search_term_string}"},"query-input":{"@type":"PropertyValueSpecification","valueRequired":true,"valueName":"search_term_string"}}],"inLanguage":"de-DE"}]}},"_links":{"self":[{"href":"https:\/\/edm.ch\/de\/wp-json\/wp\/v2\/pages\/4535","targetHints":{"allow":["GET"]}}],"collection":[{"href":"https:\/\/edm.ch\/de\/wp-json\/wp\/v2\/pages"}],"about":[{"href":"https:\/\/edm.ch\/de\/wp-json\/wp\/v2\/types\/page"}],"author":[{"embeddable":true,"href":"https:\/\/edm.ch\/de\/wp-json\/wp\/v2\/users\/3"}],"replies":[{"embeddable":true,"href":"https:\/\/edm.ch\/de\/wp-json\/wp\/v2\/comments?post=4535"}],"version-history":[{"count":30,"href":"https:\/\/edm.ch\/de\/wp-json\/wp\/v2\/pages\/4535\/revisions"}],"predecessor-version":[{"id":25540,"href":"https:\/\/edm.ch\/de\/wp-json\/wp\/v2\/pages\/4535\/revisions\/25540"}],"wp:attachment":[{"href":"https:\/\/edm.ch\/de\/wp-json\/wp\/v2\/media?parent=4535"}],"curies":[{"name":"wp","href":"https:\/\/api.w.org\/{rel}","templated":true}]}}