{"id":4479,"date":"2023-08-11T15:27:43","date_gmt":"2023-08-11T15:27:43","guid":{"rendered":"https:\/\/edm.ch\/?page_id=4479"},"modified":"2023-09-25T08:57:27","modified_gmt":"2023-09-25T08:57:27","slug":"bildung-nachhaltige-entwicklung","status":"publish","type":"page","link":"https:\/\/edm.ch\/de\/bildung-nachhaltige-entwicklung\/","title":{"rendered":"Bildung in nachhaltiger Entwicklung"},"content":{"rendered":"<section class=\"subpageBanner\" style=\"display:\">\n    <div class=\"subpageBannerBlock figure_block\">\n        <img decoding=\"async\" data-src=\"https:\/\/edm.ch\/wp-content\/uploads\/2023\/08\/Enfants-du-monde_website_image-6431_banners_WP_2500_800.png\" src=\"data:image\/svg+xml;base64,PHN2ZyB3aWR0aD0iMSIgaGVpZ2h0PSIxIiB4bWxucz0iaHR0cDovL3d3dy53My5vcmcvMjAwMC9zdmciPjwvc3ZnPg==\" class=\"lazyload\" style=\"--smush-placeholder-width: 2500px; --smush-placeholder-aspect-ratio: 2500\/800;\" data-srcset=\"https:\/\/edm.ch\/wp-content\/uploads\/2023\/08\/Enfants-du-monde_website_image-6431_banners_WP_2500_800.png 2500w, https:\/\/edm.ch\/wp-content\/uploads\/2023\/08\/Enfants-du-monde_website_image-6431_banners_WP_2500_800-300x96.png 300w, https:\/\/edm.ch\/wp-content\/uploads\/2023\/08\/Enfants-du-monde_website_image-6431_banners_WP_2500_800-1024x328.png 1024w, https:\/\/edm.ch\/wp-content\/uploads\/2023\/08\/Enfants-du-monde_website_image-6431_banners_WP_2500_800-768x246.png 768w, https:\/\/edm.ch\/wp-content\/uploads\/2023\/08\/Enfants-du-monde_website_image-6431_banners_WP_2500_800-1536x492.png 1536w, https:\/\/edm.ch\/wp-content\/uploads\/2023\/08\/Enfants-du-monde_website_image-6431_banners_WP_2500_800-2048x655.png 2048w\" data-sizes=\"auto\" data-original-sizes=\"(max-width: 2500px) 100vw, 2500px\" \/>\n        <div class=\"subpageBannerWrap\">\n            <div class=\"container\">\n                <div class=\"content\">\n                    <div>\n                        <span class=\"bannerHead\"><\/span>\n                        <h1>Bildung in nachhaltiger Entwicklung<\/h1>\n                    <\/div>\n                                    <\/div>\n            <\/div>\n        <\/div>\n                    <div class=\"picture-caption\">\n                <div class=\"caption-content\"><span>Enfants du Monde\n\n<\/span><\/div>\n            <\/div>\n            <\/div>\n<\/section>\n<script type=\"text\/javascript\">\n    jQuery(document).ready(function ($) {\n        \/\/ Check if the block exists\n        var bannerSection = $('#subpage-banner-section');\n\n        if (bannerSection.length > 0) {\n            \/\/ Move the block to the end of <main> just before the footer\n            $('main').append(bannerSection); \/\/ This will append it inside the <main> tag\n        }\n\n        $('.documentAccordion').on('click', function (e) {\n            e.preventDefault();  \/\/ Prevent default link action\n\n            \/\/ Target the section with the given ID\n            $('html, body').animate({\n                scrollTop: $('#subpage-banner-section').offset().top - 200\n            }, 1000);\n        });\n    });\n<\/script>\n\n\n    \n    <section class=\"leftTextRightImg \" style=\"display:\">\n        <div class=\"container\">\n            <div class=\"leftTextRightImgRow\">\n                                    <div class=\"right\">\n                                                    <div class=\"imgBlock\">\n                                <a class=\"figure_block\" href=\"https:\/\/edm.ch\/wp-content\/uploads\/2023\/08\/RS2989_1920_Benin.png\" data-fancybox data-caption=\"\">\n                                    <img decoding=\"async\" data-src=\"https:\/\/edm.ch\/wp-content\/uploads\/2023\/08\/RS2989_1920_Benin.png\" src=\"data:image\/svg+xml;base64,PHN2ZyB3aWR0aD0iMSIgaGVpZ2h0PSIxIiB4bWxucz0iaHR0cDovL3d3dy53My5vcmcvMjAwMC9zdmciPjwvc3ZnPg==\" class=\"lazyload\" style=\"--smush-placeholder-width: 1920px; --smush-placeholder-aspect-ratio: 1920\/1920;\" data-srcset=\"https:\/\/edm.ch\/wp-content\/uploads\/2023\/08\/RS2989_1920_Benin.png 1920w, https:\/\/edm.ch\/wp-content\/uploads\/2023\/08\/RS2989_1920_Benin-300x300.png 300w, https:\/\/edm.ch\/wp-content\/uploads\/2023\/08\/RS2989_1920_Benin-1024x1024.png 1024w, https:\/\/edm.ch\/wp-content\/uploads\/2023\/08\/RS2989_1920_Benin-150x150.png 150w, https:\/\/edm.ch\/wp-content\/uploads\/2023\/08\/RS2989_1920_Benin-768x768.png 768w, https:\/\/edm.ch\/wp-content\/uploads\/2023\/08\/RS2989_1920_Benin-1536x1536.png 1536w\" data-sizes=\"auto\" data-original-sizes=\"(max-width: 1920px) 100vw, 1920px\" \/>\n                                                                    <\/a>\n                                <figcaption><\/figcaption>\n                            <\/div>\n                                            <\/div>\n                                                    <div class=\"left\">\n                        <div class=\"content\">\n                            <h3>                                Unsere Methodik <small><\/small>\n                            <\/h3>                                                            <p>Um den Kindern die M\u00f6glichkeit zu geben, sich an der nachhaltigen Entwicklung ihrer Gemeinschaft und ihres Landes zu beteiligen, f\u00f6rdert Enfants du Monde systematisch die Bildung in diesem Bereich, unter anderem durch folgende Massnahmen:<\/p>\n<ul>\n<li>interdisziplin\u00e4re und zweisprachige didaktische Sequenzen, welche die dr\u00e4ngendsten <strong>Nachhaltigkeitsthemen<\/strong> in jedem Kontext behandeln: \u00abWasser ist Leben\u00bb, \u00abLeben mit dem Klimawandel\u00bb, \u00abBessere Ern\u00e4hrung, besseres Leben\u00bb, \u00abIn Frieden leben\u00bb;<\/li>\n<li><strong>ethische Fragestellungen<\/strong>, welche die Sch\u00fcler*innen mit ihrem eigenen Wertesystem und ihren Vorstellungen konfrontieren, damit sie bestimmte Verhaltensweisen hinterfragen (Kinderehen, Kinderarbeit, dass M\u00e4dchen der Schulbesuch verwehrt wird, die Beschneidung von M\u00e4dchen etc.);<\/li>\n<li><strong>Klassenprojekte<\/strong>, die konkrete L\u00f6sungen f\u00fcr die auf lokaler Ebene ermittelten Probleme bieten und so die zivilgesellschaftliche Beteiligung der Kinder f\u00f6rdern.<\/li>\n<\/ul>\n                                                                                                            <\/div>\n                    <\/div>\n                            <\/div>\n        <\/div>\n    <\/section>\n\n        <section class=\"contentSec\" style=\"display:\">\n        <div class=\"container\">\n            <div class=\"contentBlock\">\n                <h5>Angesprochene Themen<\/h5>\n                <ul>\n<li><strong>Kinderrechte<\/strong>: Kinderehen, Kinderarbeit, Beschneidung von M\u00e4dchen, geringe zivilgesellschaftliche Beteiligung von Kindern<\/li>\n<li><strong>Umweltschutz<\/strong>: Auswirkungen des Klimawandels auf die Bev\u00f6lkerung, Abholzung, Umgang mit Wasser<\/li>\n<li><strong>Gesundheit und Wohlbefinden<\/strong>: dass M\u00e4dchen systematisch der Schulbesuch verwehrt wird, fr\u00fche Schwangerschaften, hohe Malaria-Infektionsraten, Mangelern\u00e4hrung, Konsum von Brauchwasser<\/li>\n<li><strong>Friedenskultur<\/strong>: interethnische und interreligi\u00f6se Konflikte<\/li>\n<\/ul>\n                            <\/div>\n        <\/div>\n    <\/section>\n\n\n    <section class=\"activitySec\" style=\"display:\">\n      <div class=\"container\">\n        <div class=\"secTitle\">\n            <h2>Praxis vor Ort<\/h2>\n        <\/div>\n        <div class=\"activityRow\">\n\n            \n                <div class=\"activityCol\">\n                    <div class=\"activityColInner\">\n                        <div class=\"imgBlock\">\n                            <a href=\"https:\/\/edm.ch\/de\/unsere-sensibilisierungsprogramme\/\">                                <img decoding=\"async\" data-src=\"https:\/\/edm.ch\/wp-content\/uploads\/2023\/08\/RS1841_IMG_8185-scaled.jpg\" alt=\"EMD-img\" src=\"data:image\/svg+xml;base64,PHN2ZyB3aWR0aD0iMSIgaGVpZ2h0PSIxIiB4bWxucz0iaHR0cDovL3d3dy53My5vcmcvMjAwMC9zdmciPjwvc3ZnPg==\" class=\"lazyload\" style=\"--smush-placeholder-width: 2560px; --smush-placeholder-aspect-ratio: 2560\/1707;\" data-srcset=\"https:\/\/edm.ch\/wp-content\/uploads\/2023\/08\/RS1841_IMG_8185-scaled.jpg 2560w, https:\/\/edm.ch\/wp-content\/uploads\/2023\/08\/RS1841_IMG_8185-300x200.jpg 300w, https:\/\/edm.ch\/wp-content\/uploads\/2023\/08\/RS1841_IMG_8185-1024x683.jpg 1024w, https:\/\/edm.ch\/wp-content\/uploads\/2023\/08\/RS1841_IMG_8185-768x512.jpg 768w, https:\/\/edm.ch\/wp-content\/uploads\/2023\/08\/RS1841_IMG_8185-1536x1024.jpg 1536w, https:\/\/edm.ch\/wp-content\/uploads\/2023\/08\/RS1841_IMG_8185-2048x1365.jpg 2048w\" data-sizes=\"auto\" data-original-sizes=\"(max-width: 2560px) 100vw, 2560px\" \/>\n                            <\/a>                        <\/div>\n                        <div class=\"contentBlock\">\n                            <h3>Kinderrechte<\/h3>\n                            <p>Enfants du Monde unterst\u00fctzt Bildungsprojekte zu den Kinderrechten und zur nachhaltigen Entwicklung: in der Schweiz, in Guatemala und in Burkina Faso. Das Projekt \u00abEine gerechtere Welt\u00bb bietet den Sch\u00fcler*innen die M\u00f6glichkeit, sich auf spielerische Weise f\u00fcr die Kinderrechte einzusetzen.<\/p>\n                                                            <a href=\"https:\/\/edm.ch\/de\/unsere-sensibilisierungsprogramme\/\" class=\"btnWhite\">Mehr erfahren<\/a>\n                                                    <\/div>\n                    <\/div>\n                <\/div>\n\n                        \n        <\/div>\n      <\/div>\n    <\/section>\n\n\n    <section class=\"donation_count\" style=\"display:\">\n        <div class=\"inner_row\">\n            <div class=\"right_img_block\">\n                <div class=\"img_block figure_block\">\n                    <img decoding=\"async\" data-src=\"https:\/\/edm.ch\/wp-content\/uploads\/2023\/08\/RS5772_Droits_enfants.png\" alt=\"\" src=\"data:image\/svg+xml;base64,PHN2ZyB3aWR0aD0iMSIgaGVpZ2h0PSIxIiB4bWxucz0iaHR0cDovL3d3dy53My5vcmcvMjAwMC9zdmciPjwvc3ZnPg==\" class=\"lazyload\" style=\"--smush-placeholder-width: 1920px; --smush-placeholder-aspect-ratio: 1920\/1920;\" data-srcset=\"https:\/\/edm.ch\/wp-content\/uploads\/2023\/08\/RS5772_Droits_enfants.png 1920w, https:\/\/edm.ch\/wp-content\/uploads\/2023\/08\/RS5772_Droits_enfants-300x300.png 300w, https:\/\/edm.ch\/wp-content\/uploads\/2023\/08\/RS5772_Droits_enfants-1024x1024.png 1024w, https:\/\/edm.ch\/wp-content\/uploads\/2023\/08\/RS5772_Droits_enfants-150x150.png 150w, https:\/\/edm.ch\/wp-content\/uploads\/2023\/08\/RS5772_Droits_enfants-768x768.png 768w, https:\/\/edm.ch\/wp-content\/uploads\/2023\/08\/RS5772_Droits_enfants-1536x1536.png 1536w\" data-sizes=\"auto\" data-original-sizes=\"(max-width: 1920px) 100vw, 1920px\">\n                                            <div class=\"picture-caption\">\n                            <div class=\"caption-content\"><span>\u00a9 Enfants du Monde <\/span><\/div>\n                        <\/div>\n                                    <\/div>\n            <\/div>\n            <div class=\"left_txt_block\">\n                <div class=\"txt_contents\">\n                    <h3>Meine Spende wirkt<\/h3>\n                    <div class=\"block_txts\">\n                                                    <div class=\"item\">\n                                <span class=\"title\">Zum Beispiel:<\/span>\n                                <p><\/p>\n                            <\/div>\n                                                    <div class=\"item\">\n                                <span class=\"title\">Mit CHF 80:<\/span>\n                                <p>Unterst\u00fctze ich die Entwicklung von hochwertigem Unterrichtsmaterial zu den Kinderrechten f\u00fcr die Sch\u00fcler*innen in der Schweiz.<\/p>\n                            <\/div>\n                                                                            <a href=\"https:\/\/don.edm.ch\/de\" class=\"btnWhite buttonDonation\">\n                                ICH SPENDE                            <\/a>\n                                            <\/div>\n                <\/div>\n            <\/div>\n        <\/div>\n    <\/section>","protected":false},"excerpt":{"rendered":"","protected":false},"author":1,"featured_media":0,"parent":0,"menu_order":0,"comment_status":"closed","ping_status":"closed","template":"templates\/yellow-line-3.php","meta":{"_acf_changed":false,"inline_featured_image":false,"footnotes":""},"class_list":["post-4479","page","type-page","status-publish","hentry"],"acf":[],"yoast_head":"<!-- This site is optimized with the Yoast SEO plugin v26.9 - https:\/\/yoast.com\/product\/yoast-seo-wordpress\/ -->\n<title>Bildung nachhaltige Entwicklung - Enfants du Monde<\/title>\n<meta name=\"description\" content=\"Enfants du Monde tr\u00e4gt dazu bei, die Kinderrechte in der Welt umzusetzen, und zwar im Hinblick auf eine nachhaltige Entwicklung.\" \/>\n<meta name=\"robots\" content=\"index, follow, max-snippet:-1, max-image-preview:large, max-video-preview:-1\" \/>\n<link rel=\"canonical\" href=\"https:\/\/edm.ch\/de\/bildung-nachhaltige-entwicklung\/\" \/>\n<meta property=\"og:locale\" content=\"de_DE\" \/>\n<meta property=\"og:type\" content=\"article\" \/>\n<meta property=\"og:title\" content=\"Bildung nachhaltige Entwicklung - Enfants du Monde\" \/>\n<meta property=\"og:description\" content=\"Enfants du Monde tr\u00e4gt dazu bei, die Kinderrechte in der Welt umzusetzen, und zwar im Hinblick auf eine nachhaltige Entwicklung.\" \/>\n<meta property=\"og:url\" content=\"https:\/\/edm.ch\/de\/bildung-nachhaltige-entwicklung\/\" \/>\n<meta property=\"og:site_name\" content=\"Enfants du monde\" \/>\n<meta property=\"article:modified_time\" content=\"2023-09-25T08:57:27+00:00\" \/>\n<meta name=\"twitter:card\" content=\"summary_large_image\" \/>\n<script type=\"application\/ld+json\" class=\"yoast-schema-graph\">{\"@context\":\"https:\/\/schema.org\",\"@graph\":[{\"@type\":\"WebPage\",\"@id\":\"https:\/\/edm.ch\/de\/bildung-nachhaltige-entwicklung\/\",\"url\":\"https:\/\/edm.ch\/de\/bildung-nachhaltige-entwicklung\/\",\"name\":\"Bildung nachhaltige Entwicklung - Enfants du Monde\",\"isPartOf\":{\"@id\":\"https:\/\/edm.ch\/en\/#website\"},\"datePublished\":\"2023-08-11T15:27:43+00:00\",\"dateModified\":\"2023-09-25T08:57:27+00:00\",\"description\":\"Enfants du Monde tr\u00e4gt dazu bei, die Kinderrechte in der Welt umzusetzen, und zwar im Hinblick auf eine nachhaltige Entwicklung.\",\"inLanguage\":\"de-DE\",\"potentialAction\":[{\"@type\":\"ReadAction\",\"target\":[\"https:\/\/edm.ch\/de\/bildung-nachhaltige-entwicklung\/\"]}]},{\"@type\":\"WebSite\",\"@id\":\"https:\/\/edm.ch\/en\/#website\",\"url\":\"https:\/\/edm.ch\/en\/\",\"name\":\"Enfants du monde\",\"description\":\"Association suisse\",\"potentialAction\":[{\"@type\":\"SearchAction\",\"target\":{\"@type\":\"EntryPoint\",\"urlTemplate\":\"https:\/\/edm.ch\/en\/?s={search_term_string}\"},\"query-input\":{\"@type\":\"PropertyValueSpecification\",\"valueRequired\":true,\"valueName\":\"search_term_string\"}}],\"inLanguage\":\"de-DE\"}]}<\/script>\n<!-- \/ Yoast SEO plugin. -->","yoast_head_json":{"title":"Bildung nachhaltige Entwicklung - Enfants du Monde","description":"Enfants du Monde tr\u00e4gt dazu bei, die Kinderrechte in der Welt umzusetzen, und zwar im Hinblick auf eine nachhaltige Entwicklung.","robots":{"index":"index","follow":"follow","max-snippet":"max-snippet:-1","max-image-preview":"max-image-preview:large","max-video-preview":"max-video-preview:-1"},"canonical":"https:\/\/edm.ch\/de\/bildung-nachhaltige-entwicklung\/","og_locale":"de_DE","og_type":"article","og_title":"Bildung nachhaltige Entwicklung - Enfants du Monde","og_description":"Enfants du Monde tr\u00e4gt dazu bei, die Kinderrechte in der Welt umzusetzen, und zwar im Hinblick auf eine nachhaltige Entwicklung.","og_url":"https:\/\/edm.ch\/de\/bildung-nachhaltige-entwicklung\/","og_site_name":"Enfants du monde","article_modified_time":"2023-09-25T08:57:27+00:00","twitter_card":"summary_large_image","schema":{"@context":"https:\/\/schema.org","@graph":[{"@type":"WebPage","@id":"https:\/\/edm.ch\/de\/bildung-nachhaltige-entwicklung\/","url":"https:\/\/edm.ch\/de\/bildung-nachhaltige-entwicklung\/","name":"Bildung nachhaltige Entwicklung - Enfants du Monde","isPartOf":{"@id":"https:\/\/edm.ch\/en\/#website"},"datePublished":"2023-08-11T15:27:43+00:00","dateModified":"2023-09-25T08:57:27+00:00","description":"Enfants du Monde tr\u00e4gt dazu bei, die Kinderrechte in der Welt umzusetzen, und zwar im Hinblick auf eine nachhaltige Entwicklung.","inLanguage":"de-DE","potentialAction":[{"@type":"ReadAction","target":["https:\/\/edm.ch\/de\/bildung-nachhaltige-entwicklung\/"]}]},{"@type":"WebSite","@id":"https:\/\/edm.ch\/en\/#website","url":"https:\/\/edm.ch\/en\/","name":"Enfants du monde","description":"Association suisse","potentialAction":[{"@type":"SearchAction","target":{"@type":"EntryPoint","urlTemplate":"https:\/\/edm.ch\/en\/?s={search_term_string}"},"query-input":{"@type":"PropertyValueSpecification","valueRequired":true,"valueName":"search_term_string"}}],"inLanguage":"de-DE"}]}},"_links":{"self":[{"href":"https:\/\/edm.ch\/de\/wp-json\/wp\/v2\/pages\/4479","targetHints":{"allow":["GET"]}}],"collection":[{"href":"https:\/\/edm.ch\/de\/wp-json\/wp\/v2\/pages"}],"about":[{"href":"https:\/\/edm.ch\/de\/wp-json\/wp\/v2\/types\/page"}],"author":[{"embeddable":true,"href":"https:\/\/edm.ch\/de\/wp-json\/wp\/v2\/users\/1"}],"replies":[{"embeddable":true,"href":"https:\/\/edm.ch\/de\/wp-json\/wp\/v2\/comments?post=4479"}],"version-history":[{"count":11,"href":"https:\/\/edm.ch\/de\/wp-json\/wp\/v2\/pages\/4479\/revisions"}],"predecessor-version":[{"id":14163,"href":"https:\/\/edm.ch\/de\/wp-json\/wp\/v2\/pages\/4479\/revisions\/14163"}],"wp:attachment":[{"href":"https:\/\/edm.ch\/de\/wp-json\/wp\/v2\/media?parent=4479"}],"curies":[{"name":"wp","href":"https:\/\/api.w.org\/{rel}","templated":true}]}}