{"id":3857,"date":"2023-07-20T13:27:42","date_gmt":"2023-07-20T13:27:42","guid":{"rendered":"https:\/\/edm.ch\/?page_id=3857"},"modified":"2023-08-30T14:54:02","modified_gmt":"2023-08-30T14:54:02","slug":"botschafter","status":"publish","type":"page","link":"https:\/\/edm.ch\/de\/botschafter\/","title":{"rendered":"Botschafter"},"content":{"rendered":"<section class=\"subpageBanner\" style=\"display:\">\n    <div class=\"subpageBannerBlock figure_block\">\n        <img decoding=\"async\" data-src=\"https:\/\/edm.ch\/wp-content\/uploads\/2023\/08\/Patrick-Chappatte-e1691766377821.jpg\" src=\"data:image\/svg+xml;base64,PHN2ZyB3aWR0aD0iMSIgaGVpZ2h0PSIxIiB4bWxucz0iaHR0cDovL3d3dy53My5vcmcvMjAwMC9zdmciPjwvc3ZnPg==\" class=\"lazyload\" style=\"--smush-placeholder-width: 1993px; --smush-placeholder-aspect-ratio: 1993\/896;\" data-srcset=\"https:\/\/edm.ch\/wp-content\/uploads\/2023\/08\/Patrick-Chappatte-e1691766377821.jpg 1993w, https:\/\/edm.ch\/wp-content\/uploads\/2023\/08\/Patrick-Chappatte-e1691766377821-300x135.jpg 300w, https:\/\/edm.ch\/wp-content\/uploads\/2023\/08\/Patrick-Chappatte-e1691766377821-1024x460.jpg 1024w, https:\/\/edm.ch\/wp-content\/uploads\/2023\/08\/Patrick-Chappatte-e1691766377821-768x345.jpg 768w, https:\/\/edm.ch\/wp-content\/uploads\/2023\/08\/Patrick-Chappatte-e1691766377821-1536x691.jpg 1536w\" data-sizes=\"auto\" data-original-sizes=\"(max-width: 1993px) 100vw, 1993px\" \/>\n        <div class=\"subpageBannerWrap\">\n            <div class=\"container\">\n                <div class=\"content\">\n                    <div>\n                        <span class=\"bannerHead\"><\/span>\n                        <h1>Botschafter<\/h1>\n                    <\/div>\n                                    <\/div>\n            <\/div>\n        <\/div>\n            <\/div>\n<\/section>\n<script type=\"text\/javascript\">\n    jQuery(document).ready(function ($) {\n        \/\/ Check if the block exists\n        var bannerSection = $('#subpage-banner-section');\n\n        if (bannerSection.length > 0) {\n            \/\/ Move the block to the end of <main> just before the footer\n            $('main').append(bannerSection); \/\/ This will append it inside the <main> tag\n        }\n\n        $('.documentAccordion').on('click', function (e) {\n            e.preventDefault();  \/\/ Prevent default link action\n\n            \/\/ Target the section with the given ID\n            $('html, body').animate({\n                scrollTop: $('#subpage-banner-section').offset().top - 200\n            }, 1000);\n        });\n    });\n<\/script>\n\n\n    \n    <section class=\"leftTextRightImg \" style=\"display:\">\n        <div class=\"container\">\n            <div class=\"leftTextRightImgRow\">\n                                    <div class=\"right\">\n                                                    <div class=\"imgBlock\">\n                                <a class=\"figure_block\" href=\"https:\/\/edm.ch\/wp-content\/uploads\/2023\/08\/129.png\" data-fancybox data-caption=\"\">\n                                    <img decoding=\"async\" data-src=\"https:\/\/edm.ch\/wp-content\/uploads\/2023\/08\/129.png\" src=\"data:image\/svg+xml;base64,PHN2ZyB3aWR0aD0iMSIgaGVpZ2h0PSIxIiB4bWxucz0iaHR0cDovL3d3dy53My5vcmcvMjAwMC9zdmciPjwvc3ZnPg==\" class=\"lazyload\" style=\"--smush-placeholder-width: 1920px; --smush-placeholder-aspect-ratio: 1920\/1920;\" data-srcset=\"https:\/\/edm.ch\/wp-content\/uploads\/2023\/08\/129.png 1920w, https:\/\/edm.ch\/wp-content\/uploads\/2023\/08\/129-300x300.png 300w, https:\/\/edm.ch\/wp-content\/uploads\/2023\/08\/129-1024x1024.png 1024w, https:\/\/edm.ch\/wp-content\/uploads\/2023\/08\/129-150x150.png 150w, https:\/\/edm.ch\/wp-content\/uploads\/2023\/08\/129-768x768.png 768w, https:\/\/edm.ch\/wp-content\/uploads\/2023\/08\/129-1536x1536.png 1536w\" data-sizes=\"auto\" data-original-sizes=\"(max-width: 1920px) 100vw, 1920px\" \/>\n                                                                    <\/a>\n                                <figcaption><\/figcaption>\n                            <\/div>\n                                            <\/div>\n                                                    <div class=\"left\">\n                        <div class=\"content\">\n                            <h2>                                Pers\u00f6nlichkeiten, die sich f\u00fcr benachteiligte Kinder engagieren <small><\/small>\n                            <\/h2>                                                            <p align=\"left\">Enfants du Monde ist von Personen umgeben, die vom Nutzen unserer Mission, der Hilfe f\u00fcr benachteiligte Kinder und Frauen, \u00fcberzeugt sind. Sie sind die Botschafter von Enfants du Monde. Schweizer Pers\u00f6nlichkeiten des \u00f6ffentlichen Lebens engagieren sich mit ganzem Herzen ehrenamtlich an unserer Seite und tragen aufgrund ihrer Medienpr\u00e4senz oder ihrer wichtigen Funktionen, die sie einnehmen oder eingenommen haben, dazu bei, die Projekte unserer NGO bekannter zu machen.<\/p>\n                                                                                                            <\/div>\n                    <\/div>\n                            <\/div>\n        <\/div>\n    <\/section>\n\n\n    \n    <section class=\"quoteImage rightTextLeftImg \" style=\"display:\">\n        <div class=\"container\">\n            <div class=\"rightTextLeftImgRow\">\n                                    <div class=\"left\">\n                                                    <div class=\"imgBlock\">\n                                <a class=\"figure_block\" href=\"https:\/\/edm.ch\/wp-content\/uploads\/2023\/08\/128.png\" data-fancybox data-caption=\"\">\n                                    <img decoding=\"async\" data-src=\"https:\/\/edm.ch\/wp-content\/uploads\/2023\/08\/128.png\" src=\"data:image\/svg+xml;base64,PHN2ZyB3aWR0aD0iMSIgaGVpZ2h0PSIxIiB4bWxucz0iaHR0cDovL3d3dy53My5vcmcvMjAwMC9zdmciPjwvc3ZnPg==\" class=\"lazyload\" style=\"--smush-placeholder-width: 1920px; --smush-placeholder-aspect-ratio: 1920\/1920;\" data-srcset=\"https:\/\/edm.ch\/wp-content\/uploads\/2023\/08\/128.png 1920w, https:\/\/edm.ch\/wp-content\/uploads\/2023\/08\/128-300x300.png 300w, https:\/\/edm.ch\/wp-content\/uploads\/2023\/08\/128-1024x1024.png 1024w, https:\/\/edm.ch\/wp-content\/uploads\/2023\/08\/128-150x150.png 150w, https:\/\/edm.ch\/wp-content\/uploads\/2023\/08\/128-768x768.png 768w, https:\/\/edm.ch\/wp-content\/uploads\/2023\/08\/128-1536x1536.png 1536w\" data-sizes=\"auto\" data-original-sizes=\"(max-width: 1920px) 100vw, 1920px\" \/>\n                                                                    <\/a>\n                                <figcaption><\/figcaption>\n                            <\/div>\n                                            <\/div>\n                                                    <div class=\"right\">\n                        <div class=\"content\">\n                            <h2>                                Julia Bauer, <small>TV-Journalistin und Kommunikationscoach<\/small>\n                            <\/h2>                            <div class=\"quote\">                                <p align=\"left\">\u00a0Einer der Gr\u00fcnde f\u00fcr den Erfolg meiner Karriere liegt in der Tatsache, dass ich eine Kindheit hatte, in der Bildung in jeder Hinsicht unterst\u00fctzt wurde. Kindern auf der ganzen Welt eine \u00e4hnliche Erfahrung zu erm\u00f6glichen, ist eine Mission, die mir sehr am Herzen liegt, und ich bin \u00fcbergl\u00fccklich und dankbar, mit Enfants du Monde in dieser Hinsicht zusammenzuarbeiten.<\/p>\n                            <\/div>                                                            <a href=\"https:\/\/www.juliabauer.eu\/\" class=\"btnBlue\">Mehr erfahren<\/a>\n                                                                                <\/div>\n                    <\/div>\n                            <\/div>\n        <\/div>\n    <\/section>\n\n\n    \n    <section class=\"quoteImage leftTextRightImg \" style=\"display:\">\n        <div class=\"container\">\n            <div class=\"leftTextRightImgRow\">\n                                    <div class=\"right\">\n                                                    <div class=\"imgBlock\">\n                                <a class=\"figure_block\" href=\"https:\/\/edm.ch\/wp-content\/uploads\/2023\/08\/Nouveau-site_Carre-1.png\" data-fancybox data-caption=\"\">\n                                    <img decoding=\"async\" data-src=\"https:\/\/edm.ch\/wp-content\/uploads\/2023\/08\/Nouveau-site_Carre-1.png\" src=\"data:image\/svg+xml;base64,PHN2ZyB3aWR0aD0iMSIgaGVpZ2h0PSIxIiB4bWxucz0iaHR0cDovL3d3dy53My5vcmcvMjAwMC9zdmciPjwvc3ZnPg==\" class=\"lazyload\" style=\"--smush-placeholder-width: 1920px; --smush-placeholder-aspect-ratio: 1920\/1920;\" data-srcset=\"https:\/\/edm.ch\/wp-content\/uploads\/2023\/08\/Nouveau-site_Carre-1.png 1920w, https:\/\/edm.ch\/wp-content\/uploads\/2023\/08\/Nouveau-site_Carre-1-300x300.png 300w, https:\/\/edm.ch\/wp-content\/uploads\/2023\/08\/Nouveau-site_Carre-1-1024x1024.png 1024w, https:\/\/edm.ch\/wp-content\/uploads\/2023\/08\/Nouveau-site_Carre-1-150x150.png 150w, https:\/\/edm.ch\/wp-content\/uploads\/2023\/08\/Nouveau-site_Carre-1-768x768.png 768w, https:\/\/edm.ch\/wp-content\/uploads\/2023\/08\/Nouveau-site_Carre-1-1536x1536.png 1536w\" data-sizes=\"auto\" data-original-sizes=\"(max-width: 1920px) 100vw, 1920px\" \/>\n                                                                    <\/a>\n                                <figcaption><\/figcaption>\n                            <\/div>\n                                            <\/div>\n                                                    <div class=\"left\">\n                        <div class=\"content\">\n                            <h2>                                Patrick Chappatte, <small>Pressezeichner<\/small>\n                            <\/h2>                            <div class=\"quote\">                                <p align=\"left\">Die Arbeit von Enfants du Monde verdient Anerkennung. Wenn man also mit meinem Namen etwas Gutes tun kann, umso besser. Ausserdem ber\u00fchren mich diese Projekte ganz besonders, weil ich selbst drei Kinder habe.<\/p>\n                            <\/div>                                                            <a href=\"http:\/\/www.chappatte.com\/\" class=\"btnBlue\">Mehr erfahren<\/a>\n                                                                                <\/div>\n                    <\/div>\n                            <\/div>\n        <\/div>\n    <\/section>\n\n\n    \n    <section class=\"quoteImage rightTextLeftImg \" style=\"display:\">\n        <div class=\"container\">\n            <div class=\"rightTextLeftImgRow\">\n                                    <div class=\"left\">\n                                                    <div class=\"imgBlock\">\n                                <a class=\"figure_block\" href=\"https:\/\/edm.ch\/wp-content\/uploads\/2023\/08\/Nouveau-site_Carre-2.png\" data-fancybox data-caption=\"\">\n                                    <img decoding=\"async\" data-src=\"https:\/\/edm.ch\/wp-content\/uploads\/2023\/08\/Nouveau-site_Carre-2.png\" src=\"data:image\/svg+xml;base64,PHN2ZyB3aWR0aD0iMSIgaGVpZ2h0PSIxIiB4bWxucz0iaHR0cDovL3d3dy53My5vcmcvMjAwMC9zdmciPjwvc3ZnPg==\" class=\"lazyload\" style=\"--smush-placeholder-width: 1920px; --smush-placeholder-aspect-ratio: 1920\/1920;\" data-srcset=\"https:\/\/edm.ch\/wp-content\/uploads\/2023\/08\/Nouveau-site_Carre-2.png 1920w, https:\/\/edm.ch\/wp-content\/uploads\/2023\/08\/Nouveau-site_Carre-2-300x300.png 300w, https:\/\/edm.ch\/wp-content\/uploads\/2023\/08\/Nouveau-site_Carre-2-1024x1024.png 1024w, https:\/\/edm.ch\/wp-content\/uploads\/2023\/08\/Nouveau-site_Carre-2-150x150.png 150w, https:\/\/edm.ch\/wp-content\/uploads\/2023\/08\/Nouveau-site_Carre-2-768x768.png 768w, https:\/\/edm.ch\/wp-content\/uploads\/2023\/08\/Nouveau-site_Carre-2-1536x1536.png 1536w\" data-sizes=\"auto\" data-original-sizes=\"(max-width: 1920px) 100vw, 1920px\" \/>\n                                                                    <\/a>\n                                <figcaption><\/figcaption>\n                            <\/div>\n                                            <\/div>\n                                                    <div class=\"right\">\n                        <div class=\"content\">\n                            <h2>                                Licia Chery, <small>K\u00fcnstlerin und TV-Moderatorin<\/small>\n                            <\/h2>                            <div class=\"quote\">                                <p align=\"left\">Weil ich meinem Sohn keine gerechtere Welt versprechen kann, weil ich ihm keine Welt versprechen kann, in der seine Hautfarbe kein Problem sein wird, m\u00f6chte ich ihm zumindest eine Welt versprechen, in der seine Rechte respektiert werden. Dann kann er seinen Kindern vielleicht eine gerechtere Welt versprechen.<\/p>\n                            <\/div>                                                            <a href=\"https:\/\/www.liciachery.com\/\" class=\"btnBlue\">Mehr erfahren<\/a>\n                                                                                <\/div>\n                    <\/div>\n                            <\/div>\n        <\/div>\n    <\/section>","protected":false},"excerpt":{"rendered":"","protected":false},"author":1,"featured_media":0,"parent":0,"menu_order":0,"comment_status":"closed","ping_status":"closed","template":"templates\/yellow-line-5.php","meta":{"_acf_changed":false,"inline_featured_image":false,"footnotes":""},"class_list":["post-3857","page","type-page","status-publish","hentry"],"acf":[],"yoast_head":"<!-- This site is optimized with the Yoast SEO plugin v26.9 - https:\/\/yoast.com\/product\/yoast-seo-wordpress\/ -->\n<title>Botschafter und Botschafterinnen von Enfants du Monde - Enfants du Monde<\/title>\n<meta name=\"description\" content=\"Treffen Sie die Botschafter und Botschafterinnen von Enfants du Monde, \u00f6ffentliche Pers\u00f6nlichkeiten, die sich ehrenamtlich an unserer Seite engagieren.\" \/>\n<meta name=\"robots\" content=\"index, follow, max-snippet:-1, max-image-preview:large, max-video-preview:-1\" \/>\n<link rel=\"canonical\" href=\"https:\/\/edm.ch\/de\/botschafter\/\" \/>\n<meta property=\"og:locale\" content=\"de_DE\" \/>\n<meta property=\"og:type\" content=\"article\" \/>\n<meta property=\"og:title\" content=\"Botschafter und Botschafterinnen von Enfants du Monde - Enfants du Monde\" \/>\n<meta property=\"og:description\" content=\"Treffen Sie die Botschafter und Botschafterinnen von Enfants du Monde, \u00f6ffentliche Pers\u00f6nlichkeiten, die sich ehrenamtlich an unserer Seite engagieren.\" \/>\n<meta property=\"og:url\" content=\"https:\/\/edm.ch\/de\/botschafter\/\" \/>\n<meta property=\"og:site_name\" content=\"Enfants du monde\" \/>\n<meta property=\"article:modified_time\" content=\"2023-08-30T14:54:02+00:00\" \/>\n<meta name=\"twitter:card\" content=\"summary_large_image\" \/>\n<script type=\"application\/ld+json\" class=\"yoast-schema-graph\">{\"@context\":\"https:\/\/schema.org\",\"@graph\":[{\"@type\":\"WebPage\",\"@id\":\"https:\/\/edm.ch\/de\/botschafter\/\",\"url\":\"https:\/\/edm.ch\/de\/botschafter\/\",\"name\":\"Botschafter und Botschafterinnen von Enfants du Monde - Enfants du Monde\",\"isPartOf\":{\"@id\":\"https:\/\/edm.ch\/en\/#website\"},\"datePublished\":\"2023-07-20T13:27:42+00:00\",\"dateModified\":\"2023-08-30T14:54:02+00:00\",\"description\":\"Treffen Sie die Botschafter und Botschafterinnen von Enfants du Monde, \u00f6ffentliche Pers\u00f6nlichkeiten, die sich ehrenamtlich an unserer Seite engagieren.\",\"inLanguage\":\"de-DE\",\"potentialAction\":[{\"@type\":\"ReadAction\",\"target\":[\"https:\/\/edm.ch\/de\/botschafter\/\"]}]},{\"@type\":\"WebSite\",\"@id\":\"https:\/\/edm.ch\/en\/#website\",\"url\":\"https:\/\/edm.ch\/en\/\",\"name\":\"Enfants du monde\",\"description\":\"Association suisse\",\"potentialAction\":[{\"@type\":\"SearchAction\",\"target\":{\"@type\":\"EntryPoint\",\"urlTemplate\":\"https:\/\/edm.ch\/en\/?s={search_term_string}\"},\"query-input\":{\"@type\":\"PropertyValueSpecification\",\"valueRequired\":true,\"valueName\":\"search_term_string\"}}],\"inLanguage\":\"de-DE\"}]}<\/script>\n<!-- \/ Yoast SEO plugin. -->","yoast_head_json":{"title":"Botschafter und Botschafterinnen von Enfants du Monde - Enfants du Monde","description":"Treffen Sie die Botschafter und Botschafterinnen von Enfants du Monde, \u00f6ffentliche Pers\u00f6nlichkeiten, die sich ehrenamtlich an unserer Seite engagieren.","robots":{"index":"index","follow":"follow","max-snippet":"max-snippet:-1","max-image-preview":"max-image-preview:large","max-video-preview":"max-video-preview:-1"},"canonical":"https:\/\/edm.ch\/de\/botschafter\/","og_locale":"de_DE","og_type":"article","og_title":"Botschafter und Botschafterinnen von Enfants du Monde - Enfants du Monde","og_description":"Treffen Sie die Botschafter und Botschafterinnen von Enfants du Monde, \u00f6ffentliche Pers\u00f6nlichkeiten, die sich ehrenamtlich an unserer Seite engagieren.","og_url":"https:\/\/edm.ch\/de\/botschafter\/","og_site_name":"Enfants du monde","article_modified_time":"2023-08-30T14:54:02+00:00","twitter_card":"summary_large_image","schema":{"@context":"https:\/\/schema.org","@graph":[{"@type":"WebPage","@id":"https:\/\/edm.ch\/de\/botschafter\/","url":"https:\/\/edm.ch\/de\/botschafter\/","name":"Botschafter und Botschafterinnen von Enfants du Monde - Enfants du Monde","isPartOf":{"@id":"https:\/\/edm.ch\/en\/#website"},"datePublished":"2023-07-20T13:27:42+00:00","dateModified":"2023-08-30T14:54:02+00:00","description":"Treffen Sie die Botschafter und Botschafterinnen von Enfants du Monde, \u00f6ffentliche Pers\u00f6nlichkeiten, die sich ehrenamtlich an unserer Seite engagieren.","inLanguage":"de-DE","potentialAction":[{"@type":"ReadAction","target":["https:\/\/edm.ch\/de\/botschafter\/"]}]},{"@type":"WebSite","@id":"https:\/\/edm.ch\/en\/#website","url":"https:\/\/edm.ch\/en\/","name":"Enfants du monde","description":"Association suisse","potentialAction":[{"@type":"SearchAction","target":{"@type":"EntryPoint","urlTemplate":"https:\/\/edm.ch\/en\/?s={search_term_string}"},"query-input":{"@type":"PropertyValueSpecification","valueRequired":true,"valueName":"search_term_string"}}],"inLanguage":"de-DE"}]}},"_links":{"self":[{"href":"https:\/\/edm.ch\/de\/wp-json\/wp\/v2\/pages\/3857","targetHints":{"allow":["GET"]}}],"collection":[{"href":"https:\/\/edm.ch\/de\/wp-json\/wp\/v2\/pages"}],"about":[{"href":"https:\/\/edm.ch\/de\/wp-json\/wp\/v2\/types\/page"}],"author":[{"embeddable":true,"href":"https:\/\/edm.ch\/de\/wp-json\/wp\/v2\/users\/1"}],"replies":[{"embeddable":true,"href":"https:\/\/edm.ch\/de\/wp-json\/wp\/v2\/comments?post=3857"}],"version-history":[{"count":12,"href":"https:\/\/edm.ch\/de\/wp-json\/wp\/v2\/pages\/3857\/revisions"}],"predecessor-version":[{"id":13032,"href":"https:\/\/edm.ch\/de\/wp-json\/wp\/v2\/pages\/3857\/revisions\/13032"}],"wp:attachment":[{"href":"https:\/\/edm.ch\/de\/wp-json\/wp\/v2\/media?parent=3857"}],"curies":[{"name":"wp","href":"https:\/\/api.w.org\/{rel}","templated":true}]}}