{"id":11630,"date":"2023-08-18T11:50:39","date_gmt":"2023-08-18T11:50:39","guid":{"rendered":"https:\/\/edm.ch\/search\/"},"modified":"2023-08-26T08:28:03","modified_gmt":"2023-08-26T08:28:03","slug":"suchen","status":"publish","type":"page","link":"https:\/\/edm.ch\/de\/suchen\/","title":{"rendered":"Suchen"},"content":{"rendered":"","protected":false},"excerpt":{"rendered":"","protected":false},"author":1,"featured_media":0,"parent":0,"menu_order":0,"comment_status":"closed","ping_status":"closed","template":"templates\/search.php","meta":{"_acf_changed":false,"inline_featured_image":false,"footnotes":""},"class_list":["post-11630","page","type-page","status-publish","hentry"],"acf":[],"yoast_head":"<!-- This site is optimized with the Yoast SEO plugin v26.9 - https:\/\/yoast.com\/product\/yoast-seo-wordpress\/ -->\n<title>Suchen - Enfants du monde<\/title>\n<meta name=\"description\" content=\"Enfants du Monde hilft Kindern und ihren Familien in Afrika, Asien und Lateinamerika. Erfahren Sie mehr \u00fcber unsere Gesundheits- und Bildungsprogramme und wie Sie sie unterst\u00fctzen k\u00f6nnen!\" \/>\n<meta name=\"robots\" content=\"index, follow, max-snippet:-1, max-image-preview:large, max-video-preview:-1\" \/>\n<link rel=\"canonical\" href=\"https:\/\/edm.ch\/de\/suchen\/\" \/>\n<meta property=\"og:locale\" content=\"de_DE\" \/>\n<meta property=\"og:type\" content=\"article\" \/>\n<meta property=\"og:title\" content=\"Suchen - Enfants du monde\" \/>\n<meta property=\"og:description\" content=\"Enfants du Monde hilft Kindern und ihren Familien in Afrika, Asien und Lateinamerika. Erfahren Sie mehr \u00fcber unsere Gesundheits- und Bildungsprogramme und wie Sie sie unterst\u00fctzen k\u00f6nnen!\" \/>\n<meta property=\"og:url\" content=\"https:\/\/edm.ch\/de\/suchen\/\" \/>\n<meta property=\"og:site_name\" content=\"Enfants du monde\" \/>\n<meta property=\"article:modified_time\" content=\"2023-08-26T08:28:03+00:00\" \/>\n<meta name=\"twitter:card\" content=\"summary_large_image\" \/>\n<script type=\"application\/ld+json\" class=\"yoast-schema-graph\">{\"@context\":\"https:\/\/schema.org\",\"@graph\":[{\"@type\":\"WebPage\",\"@id\":\"https:\/\/edm.ch\/de\/suchen\/\",\"url\":\"https:\/\/edm.ch\/de\/suchen\/\",\"name\":\"Suchen - Enfants du monde\",\"isPartOf\":{\"@id\":\"https:\/\/edm.ch\/en\/#website\"},\"datePublished\":\"2023-08-18T11:50:39+00:00\",\"dateModified\":\"2023-08-26T08:28:03+00:00\",\"description\":\"Enfants du Monde hilft Kindern und ihren Familien in Afrika, Asien und Lateinamerika. Erfahren Sie mehr \u00fcber unsere Gesundheits- und Bildungsprogramme und wie Sie sie unterst\u00fctzen k\u00f6nnen!\",\"inLanguage\":\"de-DE\",\"potentialAction\":[{\"@type\":\"ReadAction\",\"target\":[\"https:\/\/edm.ch\/de\/suchen\/\"]}]},{\"@type\":\"WebSite\",\"@id\":\"https:\/\/edm.ch\/en\/#website\",\"url\":\"https:\/\/edm.ch\/en\/\",\"name\":\"Enfants du monde\",\"description\":\"Association suisse\",\"potentialAction\":[{\"@type\":\"SearchAction\",\"target\":{\"@type\":\"EntryPoint\",\"urlTemplate\":\"https:\/\/edm.ch\/en\/?s={search_term_string}\"},\"query-input\":{\"@type\":\"PropertyValueSpecification\",\"valueRequired\":true,\"valueName\":\"search_term_string\"}}],\"inLanguage\":\"de-DE\"}]}<\/script>\n<!-- \/ Yoast SEO plugin. -->","yoast_head_json":{"title":"Suchen - Enfants du monde","description":"Enfants du Monde hilft Kindern und ihren Familien in Afrika, Asien und Lateinamerika. Erfahren Sie mehr \u00fcber unsere Gesundheits- und Bildungsprogramme und wie Sie sie unterst\u00fctzen k\u00f6nnen!","robots":{"index":"index","follow":"follow","max-snippet":"max-snippet:-1","max-image-preview":"max-image-preview:large","max-video-preview":"max-video-preview:-1"},"canonical":"https:\/\/edm.ch\/de\/suchen\/","og_locale":"de_DE","og_type":"article","og_title":"Suchen - Enfants du monde","og_description":"Enfants du Monde hilft Kindern und ihren Familien in Afrika, Asien und Lateinamerika. Erfahren Sie mehr \u00fcber unsere Gesundheits- und Bildungsprogramme und wie Sie sie unterst\u00fctzen k\u00f6nnen!","og_url":"https:\/\/edm.ch\/de\/suchen\/","og_site_name":"Enfants du monde","article_modified_time":"2023-08-26T08:28:03+00:00","twitter_card":"summary_large_image","schema":{"@context":"https:\/\/schema.org","@graph":[{"@type":"WebPage","@id":"https:\/\/edm.ch\/de\/suchen\/","url":"https:\/\/edm.ch\/de\/suchen\/","name":"Suchen - Enfants du monde","isPartOf":{"@id":"https:\/\/edm.ch\/en\/#website"},"datePublished":"2023-08-18T11:50:39+00:00","dateModified":"2023-08-26T08:28:03+00:00","description":"Enfants du Monde hilft Kindern und ihren Familien in Afrika, Asien und Lateinamerika. Erfahren Sie mehr \u00fcber unsere Gesundheits- und Bildungsprogramme und wie Sie sie unterst\u00fctzen k\u00f6nnen!","inLanguage":"de-DE","potentialAction":[{"@type":"ReadAction","target":["https:\/\/edm.ch\/de\/suchen\/"]}]},{"@type":"WebSite","@id":"https:\/\/edm.ch\/en\/#website","url":"https:\/\/edm.ch\/en\/","name":"Enfants du monde","description":"Association suisse","potentialAction":[{"@type":"SearchAction","target":{"@type":"EntryPoint","urlTemplate":"https:\/\/edm.ch\/en\/?s={search_term_string}"},"query-input":{"@type":"PropertyValueSpecification","valueRequired":true,"valueName":"search_term_string"}}],"inLanguage":"de-DE"}]}},"_links":{"self":[{"href":"https:\/\/edm.ch\/de\/wp-json\/wp\/v2\/pages\/11630","targetHints":{"allow":["GET"]}}],"collection":[{"href":"https:\/\/edm.ch\/de\/wp-json\/wp\/v2\/pages"}],"about":[{"href":"https:\/\/edm.ch\/de\/wp-json\/wp\/v2\/types\/page"}],"author":[{"embeddable":true,"href":"https:\/\/edm.ch\/de\/wp-json\/wp\/v2\/users\/1"}],"replies":[{"embeddable":true,"href":"https:\/\/edm.ch\/de\/wp-json\/wp\/v2\/comments?post=11630"}],"version-history":[{"count":4,"href":"https:\/\/edm.ch\/de\/wp-json\/wp\/v2\/pages\/11630\/revisions"}],"predecessor-version":[{"id":12332,"href":"https:\/\/edm.ch\/de\/wp-json\/wp\/v2\/pages\/11630\/revisions\/12332"}],"wp:attachment":[{"href":"https:\/\/edm.ch\/de\/wp-json\/wp\/v2\/media?parent=11630"}],"curies":[{"name":"wp","href":"https:\/\/api.w.org\/{rel}","templated":true}]}}