{"id":10856,"date":"2023-08-24T13:02:34","date_gmt":"2023-08-24T13:02:34","guid":{"rendered":"https:\/\/edm.ch\/?page_id=10856"},"modified":"2023-09-28T11:45:39","modified_gmt":"2023-09-28T11:45:39","slug":"allgemeine-nutzungsbedingungen-der-website","status":"publish","type":"page","link":"https:\/\/edm.ch\/de\/allgemeine-nutzungsbedingungen-der-website\/","title":{"rendered":"Allgemeine Nutzungsbedingungen der Website"},"content":{"rendered":"<section class=\"subpageBanner\" style=\"display:\">\n    <div class=\"subpageBannerBlock figure_block\">\n        <img decoding=\"async\" data-src=\"https:\/\/edm.ch\/wp-content\/uploads\/2023\/08\/Enfants-du-Monde_website_1920x1920_1432.png\" src=\"data:image\/svg+xml;base64,PHN2ZyB3aWR0aD0iMSIgaGVpZ2h0PSIxIiB4bWxucz0iaHR0cDovL3d3dy53My5vcmcvMjAwMC9zdmciPjwvc3ZnPg==\" class=\"lazyload\" style=\"--smush-placeholder-width: 1920px; --smush-placeholder-aspect-ratio: 1920\/1920;\" data-srcset=\"https:\/\/edm.ch\/wp-content\/uploads\/2023\/08\/Enfants-du-Monde_website_1920x1920_1432.png 1920w, https:\/\/edm.ch\/wp-content\/uploads\/2023\/08\/Enfants-du-Monde_website_1920x1920_1432-300x300.png 300w, https:\/\/edm.ch\/wp-content\/uploads\/2023\/08\/Enfants-du-Monde_website_1920x1920_1432-1024x1024.png 1024w, https:\/\/edm.ch\/wp-content\/uploads\/2023\/08\/Enfants-du-Monde_website_1920x1920_1432-150x150.png 150w, https:\/\/edm.ch\/wp-content\/uploads\/2023\/08\/Enfants-du-Monde_website_1920x1920_1432-768x768.png 768w, https:\/\/edm.ch\/wp-content\/uploads\/2023\/08\/Enfants-du-Monde_website_1920x1920_1432-1536x1536.png 1536w\" data-sizes=\"auto\" data-original-sizes=\"(max-width: 1920px) 100vw, 1920px\" \/>\n        <div class=\"subpageBannerWrap\">\n            <div class=\"container\">\n                <div class=\"content\">\n                    <div>\n                        <span class=\"bannerHead\"><\/span>\n                        <h1>Allgemeine Nutzungsbedingungen der Website <\/h1>\n                    <\/div>\n                                    <\/div>\n            <\/div>\n        <\/div>\n            <\/div>\n<\/section>\n<script type=\"text\/javascript\">\n    jQuery(document).ready(function ($) {\n        \/\/ Check if the block exists\n        var bannerSection = $('#subpage-banner-section');\n\n        if (bannerSection.length > 0) {\n            \/\/ Move the block to the end of <main> just before the footer\n            $('main').append(bannerSection); \/\/ This will append it inside the <main> tag\n        }\n\n        $('.documentAccordion').on('click', function (e) {\n            e.preventDefault();  \/\/ Prevent default link action\n\n            \/\/ Target the section with the given ID\n            $('html, body').animate({\n                scrollTop: $('#subpage-banner-section').offset().top - 200\n            }, 1000);\n        });\n    });\n<\/script>\n\n        <section class=\"contentSec\" style=\"display:\">\n        <div class=\"container\">\n            <div class=\"contentBlock\">\n                <h5>ARTIKEL 1: GEGENSTAND<\/h5>\n                <p>Die vorliegenden Allgemeinen Nutzungsbedingungen (nachfolgend \u00abANB\u00bb) bilden die rechtlichen Rahmenbedingungen f\u00fcr die Nutzung der Dienstleistungen der Website www.edm.ch (nachfolgend &#8222;Website&#8220;).<\/p>\n<p>Der Vertrag wird geschlossen zwischen dem Betreiber der Website, d.h. der Hilfsorganisation Enfants du Monde (\u00abHerausgeber\u00bb), und jeder nat\u00fcrlichen oder juristischen Person, welche die Website besuchen und deren Dienstleistungen in Anspruch nehmen (&#8222;Nutzer\/-in&#8220;).<\/p>\n<p>Die ANB m\u00fcssen von allen Nutzer\/-innen angenommen werden; der Zugang zur Website erfordert die Annahme der vorliegenden ANB.<\/p>\n                            <\/div>\n        <\/div>\n    <\/section>\n\n        <section class=\"contentSec\" style=\"display:\">\n        <div class=\"container\">\n            <div class=\"contentBlock\">\n                <h5>ARTIKEL 2 : IMPRESSUM<\/h5>\n                <h5>Redaktion und Herausgeber<\/h5>\n<p><strong>Enfants du Monde<\/strong><br \/>\nTeam Kommunikation und Fundraising<br \/>\nRoute de Ferney 150 &#8211; 1218 Le Grand-Saconnex, Schweiz<br \/>\nTelefon:\u00a0<a href=\"tel:+41227988881\">+41 22 798 88 81<\/a><br \/>\nE-Mail:\u00a0<a href=\"mailto:info@edm.ch\" target=\"_blank\" rel=\"noopener\">info@edm.ch<br \/>\n<\/a>Unternehmens-Identifikationsnummer UID Schweiz: 107.976.084<\/p>\n<h5>Hosting<\/h5>\n<p><strong>Infomaniak Network SA<\/strong><br \/>\nRue Eug\u00e8ne-Marziano 25 &#8211; 1227 Genf, Schweiz<br \/>\n<a href=\"https:\/\/www.infomaniak.com\/\" target=\"_blank\" rel=\"noopener\">https:\/\/www.infomaniak.com<\/a><\/p>\n<h5>Gestaltung und Entwicklung<\/h5>\n<p><strong>App\u2019n Web S\u00e0rl<\/strong><br \/>\n14, av. du Vieux-Bourg &#8211; 1225 Ch\u00eane-Bourg, Schweiz<br \/>\n<a href=\"https:\/\/app-n-web.ch\/\" target=\"_blank\" rel=\"noopener\">https:\/\/app-n-web.ch<\/a><\/p>\n<h5>Konzept und grafische Gestaltung<\/h5>\n<p><strong>8bitstudio S\u00e0rl<\/strong><br \/>\nAvenue de Beaulieu 3 &#8211; Postfach 274 &#8211; 1000 Lausanne 22, Schweiz<br \/>\n<a href=\"https:\/\/www.8bitstudio.ch\/\" target=\"_blank\" rel=\"noopener\">https:\/\/www.8bitstudio.ch<\/a><\/p>\n                            <\/div>\n        <\/div>\n    <\/section>\n\n        <section class=\"contentSec\" style=\"display:\">\n        <div class=\"container\">\n            <div class=\"contentBlock\">\n                <h5>ARTIKEL 3 : ZUGRIFF AUF DIE WEBSITE<\/h5>\n                <p>Auf der Website kann auf folgende Dienstleistungen kostenlos zugegriffen werden:<\/p>\n<ul>\n<li>Informationen \u00fcber die Hilfsorganisation und ihre Programme;<\/li>\n<li>Informationen \u00fcber die verschiedenen Arten der Unterst\u00fctzung der Organisation;<\/li>\n<li>P\u00e4dagogisches Material f\u00fcr Lehrkr\u00e4fte;<\/li>\n<li>Publikationen der Organisation (z.B. News, Jahresberichte, Quartalsberichte);<\/li>\n<li>Foto- und Video-Datenbank;<\/li>\n<li>Stellenangebote;<\/li>\n<li>Anmeldung f\u00fcr den Newsletter;<\/li>\n<li>Online-Formular zur \u00dcberweisung von Spenden;<\/li>\n<li>Formular zur Nachfrage nach Unterlagen.<\/li>\n<\/ul>\n<p>Der Zugriff auf die Website ist f\u00fcr alle Nutzer\/-innen mit einem Internet-Zugang von jedem Ort aus kostenlos m\u00f6glich. Alle Kosten, die im Zusammenhang mit dem Zugriff auf die Dienstleistungen stehen (IT-Material, Internetverbindung usw.) gehen zu Lasten der Nutzer\/-innen.<\/p>\n<p>Der Herausgeber kann den Zugriff auf die Website und ihre verschiedenen Dienstleistungen unterbrechen bzw. aussetzen, vor allem aufgrund von Wartungsarbeiten, ohne dies vorab anzuk\u00fcndigen oder zu rechtfertigen.<\/p>\n                            <\/div>\n        <\/div>\n    <\/section>\n\n        <section class=\"contentSec\" style=\"display:\">\n        <div class=\"container\">\n            <div class=\"contentBlock\">\n                <h5>ARTIKEL 4: PR\u00dcFUNG DER INFORMATIONEN<\/h5>\n                <p>Der Herausgeber legt grossen Wert auf die Qualit\u00e4t der ver\u00f6ffentlichten Inhalte. Er bem\u00fcht sich darum, zu pr\u00fcfen, ob die auf seiner Website zug\u00e4nglichen Informationen zum Zeitpunkt der Ver\u00f6ffentlichung exakt sind.<br \/>\nSoweit m\u00f6glich gibt er die Quellen externer Informationen an. Wenngleich die ver\u00f6ffentlichten Informationen als verl\u00e4sslich gelten, bietet der Herausgeber keine Gew\u00e4hr f\u00fcr ihre Genauigkeit und Vollst\u00e4ndigkeit und lehnt jede Haftung ab.<\/p>\n<p>Die Inhalte der Website k\u00f6nnen anhand von Hyperlinks auf Webseiten Dritter verweisen. Klicken Nutzer\/-innen auf einen dieser Hyperlinks, verlassen sie die Website. Der Herausgeber \u00fcberpr\u00fcft keine dieser mit der Website verlinkten externen Websites und \u00fcbernimmt weder ausdr\u00fccklich noch stillschweigend eine Garantie f\u00fcr die Qualit\u00e4t, Eignung, Genauigkeit, Vollst\u00e4ndigkeit, Aktualit\u00e4t, Verf\u00fcgbarkeit oder Rechtm\u00e4ssigkeit der Inhalte dieser Websites, noch ist der Herausgeber in irgendeiner Weise verantwortlich oder haftbar f\u00fcr Produkte, Dienstleistungen, Informationen oder sonstigen Inhalte, die von diesen mit der Website verlinkten externen Websites angeboten werden. Dies gilt auch f\u00fcr externe Websites, die Links zur Website anbieten.<\/p>\n                            <\/div>\n        <\/div>\n    <\/section>\n\n        <section class=\"contentSec\" style=\"display:\">\n        <div class=\"container\">\n            <div class=\"contentBlock\">\n                <h5>ARTIKEL 5: \u00c4NDERUNGEN AUF DER WEBSITE<\/h5>\n                <p>Der Herausgeber beh\u00e4lt sich das Recht vor, jederzeit und ohne vorherige Ank\u00fcndigung \u00c4nderungen auf der Website vorzunehmen, darunter auch an den auf dieser Website ver\u00f6ffentlichten vorliegenden ANB,\u00a0<a href=\"https:\/\/www.edm.ch\/de\/datenschutz\/\" target=\"_blank\" rel=\"noopener\">Datenschutzbestimmungen<\/a>, Informationen und Dienstleistungen.<\/p>\n                            <\/div>\n        <\/div>\n    <\/section>\n\n        <section class=\"contentSec\" style=\"display:\">\n        <div class=\"container\">\n            <div class=\"contentBlock\">\n                <h5>ARTIKEL 6 : GEISTIGES EIGENTUM<\/h5>\n                <p>Der Inhalt der Website, einschliesslich, aber nicht beschr\u00e4nkt auf Texte, Marken, Logos, Diagramme, Fotos, Videos, Audiodateien, Musik, Layout, Designs, Know-how, Technologien, Produkte und Prozesse, ist Eigentum des Herausgebers oder wird mit Genehmigung der jeweiligen Eigent\u00fcmer verwendet. Er ist daher durch Urheberrechte, Marken, Patente und alle anderen Rechte an geistigem oder gewerblichem Eigentum, die nach geltendem Recht bestehen, gesch\u00fctzt (alle Rechte vorbehalten).<br \/>\nJede andere Nutzung, ganz oder teilweise und unabh\u00e4ngig von den Mitteln, einschliesslich der Vervielf\u00e4ltigung, \u00c4nderung, Verbreitung, \u00dcbertragung oder Ausstrahlung der Inhalte der Website, ist ohne vorherige schriftliche Genehmigung des Herausgebers strengstens untersagt.<br \/>\nDie im Bundesgesetz \u00fcber das Urheberrecht und verwandte Schutzrechte vorgesehenen Ausnahmen im Rahmen der geltenden gesetzlichen Bestimmungen des schweizerischen Rechts bleiben vorbehalten.<br \/>\nDer Herausgeber \u00fcbernimmt keine Gew\u00e4hr daf\u00fcr, dass die Nutzung der Inhalte der Website durch die Nutzer\/-innen die Rechte Dritter nicht verletzen.<\/p>\n                            <\/div>\n        <\/div>\n    <\/section>\n\n        <section class=\"contentSec\" style=\"display:\">\n        <div class=\"container\">\n            <div class=\"contentBlock\">\n                <h5>ARTIKEL 7 : HAFTUNG<\/h5>\n                <p>Die Nutzer\/-innen anerkennen und erkl\u00e4ren sich damit einverstanden, dass, soweit dies nach geltendem Recht zul\u00e4ssig ist, weder der Herausgeber, seine leitenden Angestellten, Mitarbeitenden oder Vertreter noch eine andere Partei, die an der Gestaltung, Produktion oder Bereitstellung der Website beteiligt ist, f\u00fcr direkte oder indirekte Sch\u00e4den haftet (selbst wenn solche Sch\u00e4den dem Herausgeber bekannt waren oder h\u00e4tten bekannt sein k\u00f6nnen), die aus dem Zugriff auf die Website oder deren Nutzung entstehen.<br \/>\nF\u00fcr alle Materialien, die heruntergeladen oder auf andere Weise durch die Nutzung der Website erhalten werden, sind allein die Nutzer\/-innen verantwortlich. Der Herausgeber haftet nicht f\u00fcr Sch\u00e4den oder Viren, welche die IT-Ausr\u00fcstung oder sonstiges Eigentum der Nutzer\/-innen aufgrund des Zugriffs auf die Website, der Nutzung oder des Herunterladens von Materialien von der Website oder aufgrund eines unbefugten Zugriffs auf oder einer St\u00f6rung von IT-Systemen beeintr\u00e4chtigen.<br \/>\nDer Herausgeber verpflichtet sich, alle notwendigen Mittel einzusetzen, um die Sicherheit und Vertraulichkeit der Daten zu gew\u00e4hrleisten. Eine vollst\u00e4ndige Sicherheitsgarantie kann er jedoch nicht bieten.<\/p>\n                            <\/div>\n        <\/div>\n    <\/section>\n\n        <section class=\"contentSec\" style=\"display:\">\n        <div class=\"container\">\n            <div class=\"contentBlock\">\n                <h5>ARTIKEL 8 : ERFASSUNG PERSONENBEZOGENER DATEN<\/h5>\n                <p>Durch den Zugriff auf die Website werden die Nutzer\/-innen aufgefordert, dem Herausgeber personenbezogene Daten zu \u00fcbermitteln. Einige Daten werden automatisch durch den Zugriff der Nutzer\/-innen auf die Website erfasst (siehe Verwendung von Cookies unten), andere werden von den Nutzer\/-innen bei folgenden Aktionen manuell erfasst:<\/p>\n<ul>\n<li>Anmeldung zum Newsletter;<\/li>\n<li>Ausf\u00fcllen eines der auf der Website verf\u00fcgbaren Formulare;<\/li>\n<li>Anfrage nach Material;<\/li>\n<li>Anfrage nach einer Mitgliedschaft;<\/li>\n<li>Spende.<\/li>\n<\/ul>\n<p>Weitere Informationen zum Umgang mit personenbezogenen Daten finden sich in den\u00a0<a href=\"https:\/\/www.edm.ch\/de\/datenschutz\/\" target=\"_blank\" rel=\"noopener\">Datenschutzbestimmungen<\/a>.<\/p>\n                            <\/div>\n        <\/div>\n    <\/section>\n\n        <section class=\"contentSec\" style=\"display:\">\n        <div class=\"container\">\n            <div class=\"contentBlock\">\n                <h5>ARTIKEL 9 : VERWENDUNG VON COOKIES<\/h5>\n                <p>Um das Erlebnis der Nutzer\/-innen zu verbessern, kann im Browser der Nutzer\/-innen automatisch ein Cookie installiert werden.<br \/>\nCookies sind kleine Dateien, die vor\u00fcbergehend auf der Festplatte des Computers der Nutzer\/-innen gespeichert werden. Diese Cookies sind notwendig, um den Zugang zur Website und die Navigation auf der Website zu gew\u00e4hrleisten. Diese Dateien enthalten keine personenbezogenen Informationen und k\u00f6nnen nicht zur Identifizierung einer Person verwendet werden.<\/p>\n                            <\/div>\n        <\/div>\n    <\/section>\n\n        <section class=\"contentSec\" style=\"display:\">\n        <div class=\"container\">\n            <div class=\"contentBlock\">\n                <h5>ARTIKEL 10 : ONLINE-ZAHLUNGEN<\/h5>\n                <p>Nutzer\/-innen k\u00f6nnen anhand des auf der Website zug\u00e4nglichen Spendenformulars eine Spende zugunsten von Enfants du Monde machen:\u00a0<a href=\"https:\/\/don.edm.ch\/de\" target=\"_blank\" rel=\"noopener\">https:\/\/don.edm.ch\/de<\/a><br \/>\nOnline-Spenden werden \u00fcber das E-Payment-Modul von PostFinance abgewickelt. Die Datensicherheit wird bei PostFinance E-Payment durch ein System aus mehreren Sicherheitsbarrieren und komplexen Verschl\u00fcsselungsverfahren gew\u00e4hrleistet.<br \/>\nDer Herausgeber speichert keine Zahlungsinformationen (Bsp.: Kreditkartennummer). Die Zahlungsdaten werden sorgf\u00e4ltig behandelt, verschl\u00fcsselt \u00fcbertragen und vom Herausgeber nicht gespeichert.<br \/>\nBitte beachten Sie auch die\u00a0<a href=\"https:\/\/www.postfinance.ch\/de\/detail\/datenschutz.html\" target=\"_blank\" rel=\"noopener\">Datenschutzerkl\u00e4rung<\/a>\u00a0des Dienstleisters PostFinance.<br \/>\nEnfants du Monde akzeptiert Zahlungen mit MasterCard- oder Visa-Kreditkarten sowie mit der PostFinance Card. Die Bedingungen f\u00fcr die Abbuchung werden vom Kreditkartenanbieter geregelt. Dar\u00fcber hinaus wird bei Spenden, die mit Visa oder MasterCard get\u00e4tigt werden, von der Bank eine Kommission zwischen 2,3 % und 3 % des Spendenbetrags f\u00fcr die Bearbeitungskosten abgezogen, mindestens jedoch 0,22 CHF.<br \/>\nBei einem Fehler bei der Auswahl des Spendenbetrags k\u00f6nnen sich Nutzer\/-innen per E-Mail an\u00a0<a href=\"mailto:info@edm.ch\" target=\"_blank\" rel=\"noopener\">info@edm.ch<\/a>\u00a0oder telefonisch unter +41 (0)22 798 88 81 an den Herausgeber wenden, um den Spendenbetrag innerhalb von sieben Tagen ab dem Zahlungsdatum ganz oder teilweise zur\u00fcckerstattet zu bekommen.<\/p>\n<h5>Wie wird Ihre Spende verwendet?<\/h5>\n<p>Pro 100 CHF, die Sie spenden, wird Ihre Spende wie folgt verwendet:<\/p>\n                            <\/div>\n        <\/div>\n    <\/section>\n\n\n    <section class=\" imageSec\" style=\"display:\">\n      <div class=\"container\">\n        <figure>\n          <img decoding=\"async\" data-src=\"https:\/\/edm.ch\/wp-content\/uploads\/2023\/08\/2022_UtilisationDons_DE.png\" src=\"data:image\/svg+xml;base64,PHN2ZyB3aWR0aD0iMSIgaGVpZ2h0PSIxIiB4bWxucz0iaHR0cDovL3d3dy53My5vcmcvMjAwMC9zdmciPjwvc3ZnPg==\" class=\"lazyload\" style=\"--smush-placeholder-width: 700px; --smush-placeholder-aspect-ratio: 700\/300;\" data-srcset=\"https:\/\/edm.ch\/wp-content\/uploads\/2023\/08\/2022_UtilisationDons_DE.png 700w, https:\/\/edm.ch\/wp-content\/uploads\/2023\/08\/2022_UtilisationDons_DE-300x129.png 300w\" data-sizes=\"auto\" data-original-sizes=\"(max-width: 700px) 100vw, 700px\">\n        <\/figure>\n      <\/div>\n    <\/section>\n\n        <section class=\"contentSec\" style=\"display:\">\n        <div class=\"container\">\n            <div class=\"contentBlock\">\n                <h5>ARTIKEL 11 : GELTUNGSDAUER UND GELTENDES RECHT<\/h5>\n                <p>Die Geltungsdauer des vorliegenden Vertrags ist unbefristet. Der Vertrag wird f\u00fcr Nutzer\/-innen mit Beginn der Nutzung der Dienstleistungen wirksam.<br \/>\nDie vorliegenden ANB, der Zugang zur Website und ihre Nutzung unterliegen ausschliesslich Schweizer Recht.<br \/>\nAlle sich daraus ergebenden Streitigkeiten unterliegen der ausschliesslichen Zust\u00e4ndigkeit der Gerichte der Republik und des Kantons Genf, vorbehaltlich einer m\u00f6glichen Berufung beim Bundesgericht.<\/p>\n                            <\/div>\n        <\/div>\n    <\/section>\n\n        <section class=\"contentSec\" style=\"display:\">\n        <div class=\"container\">\n            <div class=\"contentBlock\">\n                <h5>ARTIKEL 12: KONTAKT<\/h5>\n                <p>Wenn Sie Fragen zu den vorliegenden Allgemeinen Nutzungsbedingungen haben, nehmen Sie bitte Kontakt mit uns auf:<\/p>\n<p><strong>Enfants du Monde<\/strong><br \/>\nRoute de Ferney 150 &#8211; 1218 Le Grand-Saconnex, Schweiz<br \/>\nTelefon :\u00a0<a href=\"tel:+41227988881\">+41 22 798 88 81<\/a><br \/>\nE-Mail :\u00a0<a href=\"mailto:info@edm.ch\" target=\"_blank\" rel=\"noopener\">info@edm.ch<\/a><\/p>\n                            <\/div>\n        <\/div>\n    <\/section>","protected":false},"excerpt":{"rendered":"","protected":false},"author":3,"featured_media":0,"parent":0,"menu_order":0,"comment_status":"closed","ping_status":"closed","template":"templates\/yellow-line-1.php","meta":{"_acf_changed":false,"inline_featured_image":false,"footnotes":""},"class_list":["post-10856","page","type-page","status-publish","hentry"],"acf":[],"yoast_head":"<!-- This site is optimized with the Yoast SEO plugin v26.9 - https:\/\/yoast.com\/product\/yoast-seo-wordpress\/ -->\n<title>Allgemeine Nutzungsbedingungen der Website - Enfants du monde<\/title>\n<meta name=\"description\" content=\"Allgemeine Nutzungsbedingungen der Website\" \/>\n<meta name=\"robots\" content=\"index, follow, max-snippet:-1, max-image-preview:large, max-video-preview:-1\" \/>\n<link rel=\"canonical\" href=\"https:\/\/edm.ch\/de\/allgemeine-nutzungsbedingungen-der-website\/\" \/>\n<meta property=\"og:locale\" content=\"de_DE\" \/>\n<meta property=\"og:type\" content=\"article\" \/>\n<meta property=\"og:title\" content=\"Allgemeine Nutzungsbedingungen der Website - Enfants du monde\" \/>\n<meta property=\"og:description\" content=\"Allgemeine Nutzungsbedingungen der Website\" \/>\n<meta property=\"og:url\" content=\"https:\/\/edm.ch\/de\/allgemeine-nutzungsbedingungen-der-website\/\" \/>\n<meta property=\"og:site_name\" content=\"Enfants du monde\" \/>\n<meta property=\"article:modified_time\" content=\"2023-09-28T11:45:39+00:00\" \/>\n<meta name=\"twitter:card\" content=\"summary_large_image\" \/>\n<script type=\"application\/ld+json\" class=\"yoast-schema-graph\">{\"@context\":\"https:\/\/schema.org\",\"@graph\":[{\"@type\":\"WebPage\",\"@id\":\"https:\/\/edm.ch\/de\/allgemeine-nutzungsbedingungen-der-website\/\",\"url\":\"https:\/\/edm.ch\/de\/allgemeine-nutzungsbedingungen-der-website\/\",\"name\":\"Allgemeine Nutzungsbedingungen der Website - Enfants du monde\",\"isPartOf\":{\"@id\":\"https:\/\/edm.ch\/en\/#website\"},\"datePublished\":\"2023-08-24T13:02:34+00:00\",\"dateModified\":\"2023-09-28T11:45:39+00:00\",\"description\":\"Allgemeine Nutzungsbedingungen der Website\",\"inLanguage\":\"de-DE\",\"potentialAction\":[{\"@type\":\"ReadAction\",\"target\":[\"https:\/\/edm.ch\/de\/allgemeine-nutzungsbedingungen-der-website\/\"]}]},{\"@type\":\"WebSite\",\"@id\":\"https:\/\/edm.ch\/en\/#website\",\"url\":\"https:\/\/edm.ch\/en\/\",\"name\":\"Enfants du monde\",\"description\":\"Association suisse\",\"potentialAction\":[{\"@type\":\"SearchAction\",\"target\":{\"@type\":\"EntryPoint\",\"urlTemplate\":\"https:\/\/edm.ch\/en\/?s={search_term_string}\"},\"query-input\":{\"@type\":\"PropertyValueSpecification\",\"valueRequired\":true,\"valueName\":\"search_term_string\"}}],\"inLanguage\":\"de-DE\"}]}<\/script>\n<!-- \/ Yoast SEO plugin. -->","yoast_head_json":{"title":"Allgemeine Nutzungsbedingungen der Website - Enfants du monde","description":"Allgemeine Nutzungsbedingungen der Website","robots":{"index":"index","follow":"follow","max-snippet":"max-snippet:-1","max-image-preview":"max-image-preview:large","max-video-preview":"max-video-preview:-1"},"canonical":"https:\/\/edm.ch\/de\/allgemeine-nutzungsbedingungen-der-website\/","og_locale":"de_DE","og_type":"article","og_title":"Allgemeine Nutzungsbedingungen der Website - Enfants du monde","og_description":"Allgemeine Nutzungsbedingungen der Website","og_url":"https:\/\/edm.ch\/de\/allgemeine-nutzungsbedingungen-der-website\/","og_site_name":"Enfants du monde","article_modified_time":"2023-09-28T11:45:39+00:00","twitter_card":"summary_large_image","schema":{"@context":"https:\/\/schema.org","@graph":[{"@type":"WebPage","@id":"https:\/\/edm.ch\/de\/allgemeine-nutzungsbedingungen-der-website\/","url":"https:\/\/edm.ch\/de\/allgemeine-nutzungsbedingungen-der-website\/","name":"Allgemeine Nutzungsbedingungen der Website - Enfants du monde","isPartOf":{"@id":"https:\/\/edm.ch\/en\/#website"},"datePublished":"2023-08-24T13:02:34+00:00","dateModified":"2023-09-28T11:45:39+00:00","description":"Allgemeine Nutzungsbedingungen der Website","inLanguage":"de-DE","potentialAction":[{"@type":"ReadAction","target":["https:\/\/edm.ch\/de\/allgemeine-nutzungsbedingungen-der-website\/"]}]},{"@type":"WebSite","@id":"https:\/\/edm.ch\/en\/#website","url":"https:\/\/edm.ch\/en\/","name":"Enfants du monde","description":"Association suisse","potentialAction":[{"@type":"SearchAction","target":{"@type":"EntryPoint","urlTemplate":"https:\/\/edm.ch\/en\/?s={search_term_string}"},"query-input":{"@type":"PropertyValueSpecification","valueRequired":true,"valueName":"search_term_string"}}],"inLanguage":"de-DE"}]}},"_links":{"self":[{"href":"https:\/\/edm.ch\/de\/wp-json\/wp\/v2\/pages\/10856","targetHints":{"allow":["GET"]}}],"collection":[{"href":"https:\/\/edm.ch\/de\/wp-json\/wp\/v2\/pages"}],"about":[{"href":"https:\/\/edm.ch\/de\/wp-json\/wp\/v2\/types\/page"}],"author":[{"embeddable":true,"href":"https:\/\/edm.ch\/de\/wp-json\/wp\/v2\/users\/3"}],"replies":[{"embeddable":true,"href":"https:\/\/edm.ch\/de\/wp-json\/wp\/v2\/comments?post=10856"}],"version-history":[{"count":19,"href":"https:\/\/edm.ch\/de\/wp-json\/wp\/v2\/pages\/10856\/revisions"}],"predecessor-version":[{"id":14399,"href":"https:\/\/edm.ch\/de\/wp-json\/wp\/v2\/pages\/10856\/revisions\/14399"}],"wp:attachment":[{"href":"https:\/\/edm.ch\/de\/wp-json\/wp\/v2\/media?parent=10856"}],"curies":[{"name":"wp","href":"https:\/\/api.w.org\/{rel}","templated":true}]}}